{"id":111,"date":"2022-07-05T09:02:21","date_gmt":"2022-07-05T09:02:21","guid":{"rendered":"https:\/\/mcre.erasmus.site\/?page_id=111"},"modified":"2022-11-24T14:29:34","modified_gmt":"2022-11-24T14:29:34","slug":"partnership","status":"publish","type":"page","link":"https:\/\/mcre.erasmus.site\/es\/partnership\/","title":{"rendered":"Socios"},"content":{"rendered":"<p><\/p>\n<h3><img fetchpriority=\"high\" decoding=\"async\" class=\"size-full wp-image-118 aligncenter\" src=\"https:\/\/mcre.erasmus.site\/wp-content\/uploads\/2022\/07\/ades.png\" alt=\"\" width=\"300\" height=\"300\" srcset=\"https:\/\/mcre.erasmus.site\/wp-content\/uploads\/2022\/07\/ades.png 300w, https:\/\/mcre.erasmus.site\/wp-content\/uploads\/2022\/07\/ades-150x150.png 150w\" sizes=\"(max-width: 300px) 100vw, 300px\" \/><\/h3>\n<h3 style=\"text-align: center;\">ADES &#8211; (Asociaci\u00f3n para el Desarrollo Econ\u00f3mico y Social) Curtea de Arges, Ruman\u00eda &#8211; Coordinador de proyectos<\/h3>\n<p>ADES es una organizaci\u00f3n sin \u00e1nimo de lucro que se convirti\u00f3 en una entidad legal (ONG) en junio de 1995. La misi\u00f3n de ADES es crear un cambio social y econ\u00f3mico positivo en las comunidades de toda Ruman\u00eda de forma profesional, \u00e9tica y responsable.<\/p>\n<p>El equipo de ADES tiene como objetivo desarrollar las capacidades personales y profesionales, apoyar el desarrollo y la expansi\u00f3n de las PYME, y mejorar las condiciones sociales y econ\u00f3micas de las comunidades locales.<\/p>\n<p>Desde 1995, ADES ha desarrollado y ejecutado con \u00e9xito m\u00e1s de 50 proyectos financiados por la Uni\u00f3n Europea, el Banco Mundial, la Embajada de los Estados Unidos, el Programa Europeo de Desarrollo Empresarial, la Fundaci\u00f3n para una Sociedad Abierta, el Fondo de Conocimientos de Caridad, etc. ADES ha trabajado muy estrechamente con las comunidades, las fuentes de financiaci\u00f3n y los socios ejecutores (autoridades p\u00fablicas locales, empresas, ONG y escuelas) para ejecutar proyectos de desarrollo socioecon\u00f3mico.<\/p>\n<p>Para m\u00e1s informaci\u00f3n sobre ADES, visita\u00a0<a href=\"https:\/\/www.facebook.com\/ADESCDA\/\" target=\"_blank\" rel=\"noopener\">www.facebook.com\/ADESCDA\/<\/a><\/p>\n<hr \/>\n<h3><img decoding=\"async\" class=\"wp-image-120 size-full aligncenter\" src=\"https:\/\/mcre.erasmus.site\/wp-content\/uploads\/2022\/07\/cwep.png\" alt=\"\" width=\"300\" height=\"300\" srcset=\"https:\/\/mcre.erasmus.site\/wp-content\/uploads\/2022\/07\/cwep.png 300w, https:\/\/mcre.erasmus.site\/wp-content\/uploads\/2022\/07\/cwep-150x150.png 150w\" sizes=\"(max-width: 300px) 100vw, 300px\" \/><\/h3>\n<h3 style=\"text-align: center;\"><strong>Centrum Wspierania Edukacji i Przedsi\u0119biorczo\u015bci (CWEP) &#8211; Polonia<\/strong><\/h3>\n<p>Centre For Education And Entrepreneurship Support (CWEP) es una organizaci\u00f3n no gubernamental fundada en 2004 por un grupo de empresarios, profesores y activistas sociales de Rzesz\u00f3w, Polonia. CWEP coopera con empresas e instituciones educativas. La misi\u00f3n de CWEP es aumentar la calidad de la formaci\u00f3n educativa a todos los niveles y en todas sus formas, as\u00ed como promover el esp\u00edritu empresarial para fomentar la integraci\u00f3n de cualquier grupo social, independientemente de su sexo, edad u origen \u00e9tnico. En particular, los objetivos son mejorar la accesibilidad, la calidad y la eficiencia de la educaci\u00f3n de todas las personas, promover y contribuir a la educaci\u00f3n de adultos, el aprendizaje permanente, el aprendizaje electr\u00f3nico y el uso de las nuevas tecnolog\u00edas en la educaci\u00f3n y el esp\u00edritu empresarial. La Asociaci\u00f3n trabaja con muchos socios de Europa para fortalecer la posici\u00f3n econ\u00f3mica de las empresas y proporciona plataformas en l\u00ednea para las empresas.<\/p>\n<p>P\u00e1gina web: <a href=\"http:\/\/www.cwep.eu\/\">www.cwep.eu<\/a><\/p>\n<hr \/>\n<h3><img decoding=\"async\" class=\"wp-image-119 size-full aligncenter\" src=\"https:\/\/mcre.erasmus.site\/wp-content\/uploads\/2022\/07\/lovila.png\" alt=\"\" width=\"300\" height=\"300\" srcset=\"https:\/\/mcre.erasmus.site\/wp-content\/uploads\/2022\/07\/lovila.png 300w, https:\/\/mcre.erasmus.site\/wp-content\/uploads\/2022\/07\/lovila-150x150.png 150w\" sizes=\"(max-width: 300px) 100vw, 300px\" \/><\/h3>\n<h3 style=\"text-align: center;\"><strong>Lovila Limited \u2013 Chipre<\/strong><\/h3>\n<p>Lovila es una instituci\u00f3n chipriota de consultor\u00eda y formaci\u00f3n creada con el prop\u00f3sito de fomentar el desarrollo profesional y personal de individuos, empresas y negocios de reciente creaci\u00f3n, centrada en la promoci\u00f3n del aprendizaje permanente, la digitalizaci\u00f3n y la innovaci\u00f3n en diferentes niveles y contextos de educaci\u00f3n. Lovila ofrece servicios para empresas y emprendedores con necesidad de innovaci\u00f3n, formaci\u00f3n y transformaci\u00f3n digital, que juega un papel cr\u00edtico en la capacidad de una organizaci\u00f3n para evolucionar con el mercado. Por otro lado, Lovila proporciona un apoyo formativo de alto nivel a j\u00f3venes y adultos con necesidad de integraci\u00f3n profesional, desarrollo de competencias y cualificaciones b\u00e1sicas, habilidades digitales y empresariales, mentalidad y estilo de vida sostenible, integraci\u00f3n y reinserci\u00f3n en el mercado laboral, motivaci\u00f3n, asesoramiento y orientaci\u00f3n laboral.<\/p>\n<p>Lovila cree en la gran importancia de la sostenibilidad medioambiental y en la capacidad de estabilizar la actual relaci\u00f3n disruptiva entre la cultura humana y empresarial y el mundo vivo. De esta manera, los servicios de la empresa buscan siempre una pr\u00e1ctica laboral sostenible y un futuro sostenible a trav\u00e9s de la educaci\u00f3n.<\/p>\n<p>P\u00e1gina web: <a href=\"http:\/\/www.lovila.eu\/\" target=\"_blank\" rel=\"noopener\">www.lovila.eu<\/a><\/p>\n<p>Contacto: <a href=\"mailto:info@lovila.eu\">info@lovila.eu<\/a><\/p>\n<hr \/>\n<h3><img loading=\"lazy\" decoding=\"async\" class=\"wp-image-122 size-full aligncenter\" src=\"https:\/\/mcre.erasmus.site\/wp-content\/uploads\/2022\/07\/meus.png\" alt=\"\" width=\"300\" height=\"300\" srcset=\"https:\/\/mcre.erasmus.site\/wp-content\/uploads\/2022\/07\/meus.png 300w, https:\/\/mcre.erasmus.site\/wp-content\/uploads\/2022\/07\/meus-150x150.png 150w\" sizes=\"(max-width: 300px) 100vw, 300px\" \/><\/h3>\n<h3 style=\"text-align: center;\"><strong>MEUS \u2013 Espa\u00f1a<\/strong><\/h3>\n<p>MEUS es una organizaci\u00f3n privada con sede en Valencia, Espa\u00f1a, cuyo objetivo es mejorar las capacidades de las personas en su entorno, tanto a nivel profesional como privado. As\u00ed, se centra en el desarrollo de las capacidades de las personas en cada etapa de su vida, desde la escuela hasta la educaci\u00f3n de adultos, y la formaci\u00f3n continua durante la vida laboral.<\/p>\n<p>En l\u00ednea con la estrategia europea relacionada con la educaci\u00f3n, MEUS trabaja en el desarrollo de nuevos materiales y metodolog\u00edas de formaci\u00f3n adaptados a los diferentes objetivos y necesidades del mercado, mejorando as\u00ed la integraci\u00f3n en el mercado laboral, la formaci\u00f3n continua y las mejoras laborales. Trabaja especialmente en todas las habilidades blandas necesarias (comunicaci\u00f3n, trabajo en equipo, resoluci\u00f3n de problemas, etc.) que necesitan los trabajadores de todos los \u00e1mbitos (Inteligencia Artificial, IT, Servicios, Comercio, Retail, Salud, etc.). Tambi\u00e9n fomenta el desarrollo de nuevos proyectos empresariales, ofreciendo asesoramiento y formaci\u00f3n a los emprendedores, apoy\u00e1ndoles para que sean creativos, innovadores y tengan \u00e9xito en sus iniciativas.<\/p>\n<p>MEUS explora y promueve modelos de negocio sostenibles, buscando la aplicaci\u00f3n de las mejores pr\u00e1cticas de RSC. MEUS apoya firmemente a los sectores nuevos y en crecimiento de la econom\u00eda, y est\u00e1 atento a los cambios sociales, por lo que est\u00e1 especialmente comprometido con temas como la econom\u00eda verde (y las competencias verdes), la econom\u00eda naranja (cultura), las TIC, la adaptaci\u00f3n al envejecimiento de la poblaci\u00f3n y las nuevas caracter\u00edsticas demogr\u00e1ficas que generan una mayor demanda de servicios presenciales, etc.<\/p>\n<p>P\u00e1gina web: <a href=\"http:\/\/www.meuskills.eu\/\">www.meuskills.eu<\/a><\/p>\n<hr \/>\n<h3><img loading=\"lazy\" decoding=\"async\" class=\"wp-image-125 size-full aligncenter\" src=\"https:\/\/mcre.erasmus.site\/wp-content\/uploads\/2022\/07\/tucep.png\" alt=\"\" width=\"300\" height=\"300\" srcset=\"https:\/\/mcre.erasmus.site\/wp-content\/uploads\/2022\/07\/tucep.png 300w, https:\/\/mcre.erasmus.site\/wp-content\/uploads\/2022\/07\/tucep-150x150.png 150w\" sizes=\"(max-width: 300px) 100vw, 300px\" \/><\/h3>\n<h3 style=\"text-align: center;\"><strong>TUCEP<\/strong><\/h3>\n<p>TUCEP es una asociaci\u00f3n sin \u00e1nimo de lucro entre Universidades, Empresas e Instituciones P\u00fablicas nacida en 1992<\/p>\n<p>La misi\u00f3n de TUCEP es favorecer y desarrollar la cooperaci\u00f3n entre las Universidades y el mundo del trabajo a trav\u00e9s de la realizaci\u00f3n de proyectos de formaci\u00f3n, investigaci\u00f3n y consultor\u00eda destinados a promover la innovaci\u00f3n y la calidad en la formaci\u00f3n profesional y en los procesos de desarrollo socioecon\u00f3mico a nivel regional, nacional y europeo.<\/p>\n<p>Por este objetivo general, TUCEP se compromete a:<\/p>\n<ul>\n<li>analizar las necesidades formativas y profesionales de las empresas;<\/li>\n<li>promover y mejorar los conocimientos de las entidades p\u00fablicas, empresas y otros operadores econ\u00f3micos a trav\u00e9s de la planificaci\u00f3n y la realizaci\u00f3n de itinerarios formativos espec\u00edficos dirigidos a empresarios, directivos y t\u00e9cnicos<\/li>\n<li>favorecer la adquisici\u00f3n y la actualizaci\u00f3n de competencias clave y profesionales por parte de j\u00f3venes y adultos, para permitir su acceso o reposicionamiento en el mercado laboral<\/li>\n<li>realizar actividades de estudio para la difusi\u00f3n de informaci\u00f3n, especialmente en los \u00e1mbitos de la empresa producci\u00f3n y gesti\u00f3n, y el desarrollo de tecnolog\u00edas avanzadas;<\/li>\n<\/ul>\n<ul>\n<li>activar programas de movilidad transnacional entre las universidades y las empresas<\/li>\n<li>llevar a cabo proyectos piloto a nivel europeo, nacional y regional, destinados a experimentar enfoques innovadores y buenas pr\u00e1cticas en el \u00e1mbito de la educaci\u00f3n, la investigaci\u00f3n, el desarrollo empresarial y la cohesi\u00f3n social.<\/li>\n<\/ul>\n<p>TUCEP est\u00e1 acreditada por la Regi\u00f3n de Umbr\u00eda para la realizaci\u00f3n de formaci\u00f3n superior, continua y permanente y est\u00e1 certificada seg\u00fan las normas UNI EN ISO 9001:2015.<\/p>\n<p>P\u00e1gina web: <a href=\"http:\/\/www.tucep.org\/\">www.tucep.org<\/a><\/p>\n<hr \/>\n<h3><img loading=\"lazy\" decoding=\"async\" class=\"wp-image-124 size-full aligncenter\" src=\"https:\/\/mcre.erasmus.site\/wp-content\/uploads\/2022\/07\/labc.png\" alt=\"\" width=\"300\" height=\"300\" srcset=\"https:\/\/mcre.erasmus.site\/wp-content\/uploads\/2022\/07\/labc.png 300w, https:\/\/mcre.erasmus.site\/wp-content\/uploads\/2022\/07\/labc-150x150.png 150w\" sizes=\"(max-width: 300px) 100vw, 300px\" \/><\/h3>\n<h3 style=\"text-align: center;\"><strong>LABC \u2013 Italia<\/strong><\/h3>\n<p>LABC es una empresa con sede en Tur\u00edn (IT). El objetivo de LABC es compartir y aprovechar la experiencia de los profesionales en el \u00e1mbito del bienestar individual y comunitario, el trabajo en grupo, la educaci\u00f3n y la formaci\u00f3n, la reinserci\u00f3n en el mercado laboral y la gesti\u00f3n de proyectos.<\/p>\n<p>LABC es una comunidad de aprendizaje paneuropea que adopta y comparte los principios de<\/p>\n<ul>\n<li>aprendizaje colaborativo: intercambiamos, mejoramos y compartimos experiencias, recursos y habilidades, con el fin de optimizar las colaboraciones internacionales e intermodales, desarrollar y transferir metodolog\u00edas y praxis<\/li>\n<li>generatividad: establecemos, apoyamos y guiamos la capacidad de crear, generar y producir nuevas herramientas, modelos y praxis psicol\u00f3gicas, sociales y educativas, con el objetivo de difundirlas libremente en la comunidad<\/li>\n<\/ul>\n<p>LABC es activa y tiene experiencia en:<\/p>\n<ul>\n<li>el trabajo asistencial, el bienestar individual y comunitario a trav\u00e9s de una amplia gama de actividades, incluyendo sesiones de trabajo en grupo, supervisiones, formaci\u00f3n, consultor\u00eda en gesti\u00f3n, organizaci\u00f3n de eventos p\u00fablicos, conferencias y seminarios<\/li>\n<li>educaci\u00f3n e investigaci\u00f3n mediante el dise\u00f1o de metodolog\u00edas de aprendizaje y la aplicaci\u00f3n de materiales y herramientas de formaci\u00f3n dedicados a mejorar la concienciaci\u00f3n de los participantes y destinatarios sobre temas de especial inter\u00e9s en los \u00e1mbitos psicol\u00f3gico, educativo, social y medioambiental.<\/li>\n<\/ul>\n<p>P\u00e1gina web: <a href=\"https:\/\/labcentro.it\/\">https:\/\/labcentro.it\/<\/a><\/p>\n<hr \/>\n<h3><img loading=\"lazy\" decoding=\"async\" class=\"wp-image-127 size-full aligncenter\" src=\"https:\/\/mcre.erasmus.site\/wp-content\/uploads\/2022\/07\/ed.png\" alt=\"\" width=\"300\" height=\"300\" srcset=\"https:\/\/mcre.erasmus.site\/wp-content\/uploads\/2022\/07\/ed.png 300w, https:\/\/mcre.erasmus.site\/wp-content\/uploads\/2022\/07\/ed-150x150.png 150w\" sizes=\"(max-width: 300px) 100vw, 300px\" \/><\/h3>\n<h3 style=\"text-align: center;\"><strong>E&amp;D Knowledge Consulting \u2013 Portugal<\/strong><\/h3>\n<p>E&amp;D Knowledge Consulting es una empresa de consultor\u00eda especializada en las \u00e1reas de innovaci\u00f3n y gesti\u00f3n del conocimiento y en el desarrollo de capacidades para el emprendimiento y la innovaci\u00f3n. Las principales l\u00edneas de consultor\u00eda de E&amp;D cubren las estrategias, la tutor\u00eda y la formaci\u00f3n para:<\/p>\n<ul>\n<li>Desarrollar estrategias y procesos de innovaci\u00f3n en las organizaciones,<\/li>\n<li>El establecimiento de una cultura para la creatividad y la innovaci\u00f3n,<\/li>\n<li>Desarrollo de las habilidades necesarias para la innovaci\u00f3n y la creatividad (t\u00e9cnicas de ideaci\u00f3n, pensamiento cr\u00edtico, comportamientos colaborativos, mentalidad innovadora, etc.),<\/li>\n<li>Modelos empresariales para la innovaci\u00f3n y la innovaci\u00f3n de los modelos empresariales,<\/li>\n<li>Co-creaci\u00f3n de innovaci\u00f3n y conocimiento (mecanismos, herramientas y estrategias para la innovaci\u00f3n colaborativa y la transferencia de conocimiento),<\/li>\n<li>Evaluaci\u00f3n y seguimiento de las capacidades de innovaci\u00f3n y necesidades de mejora.<\/li>\n<\/ul>\n<p>E&amp;D Knowledge Consulting proporciona soluciones personalizadas para las necesidades de cada cliente en los campos de la innovaci\u00f3n y el emprendimiento que permiten a las organizaciones<\/p>\n<ul>\n<li>Maximizar el rendimiento,<\/li>\n<li>Aumentar la capacidad de innovaci\u00f3n,<\/li>\n<li>Diagnosticar su posici\u00f3n actual en el mercado y su potencial de crecimiento,<\/li>\n<li>Desarrollar su base de conocimientos,<\/li>\n<li>Aumentar la competitividad y,<\/li>\n<li>Definir la estrategia de desarrollo sostenible para las empresas y otras organizaciones.<\/li>\n<\/ul>\n<p>De este modo, E&amp;D Knowledge Consulting pretende impulsar el desarrollo social y econ\u00f3mico a trav\u00e9s del fomento de ciudadanos, trabajadores y l\u00edderes m\u00e1s innovadores, capacitados y comprometidos, y apoyar la creaci\u00f3n y el crecimiento de la innovaci\u00f3n y los l\u00edderes del mercado. Nuestras actividades abarcan talleres integrados, tutor\u00eda y coaching, consultor\u00eda y proyectos.<\/p>\n<p>P\u00e1gina web: <a href=\"http:\/\/edknowledgeconsulting.com\/\">http:\/\/edknowledgeconsulting.com\/<\/a><\/p>","protected":false},"excerpt":{"rendered":"<p>ADES &#8211; (Asociaci\u00f3n para el Desarrollo Econ\u00f3mico y Social) Curtea de Arges, Ruman\u00eda &#8211; Coordinador de proyectos ADES es una organizaci\u00f3n sin \u00e1nimo de lucro que se convirti\u00f3 en una entidad legal (ONG) en junio de 1995. La misi\u00f3n de ADES es crear un cambio social y econ\u00f3mico positivo en las comunidades de toda Ruman\u00eda&hellip;&nbsp;<a href=\"https:\/\/mcre.erasmus.site\/es\/partnership\/\" rel=\"bookmark\">Leer m\u00e1s &raquo;<span class=\"screen-reader-text\">Socios<\/span><\/a><\/p>\n","protected":false},"author":1,"featured_media":0,"parent":0,"menu_order":0,"comment_status":"closed","ping_status":"closed","template":"","meta":{"neve_meta_sidebar":"","neve_meta_container":"","neve_meta_enable_content_width":"off","neve_meta_content_width":100,"neve_meta_title_alignment":"","neve_meta_author_avatar":"","neve_post_elements_order":"","neve_meta_disable_header":"","neve_meta_disable_footer":"","neve_meta_disable_title":"","footnotes":""},"class_list":["post-111","page","type-page","status-publish","hentry"],"_links":{"self":[{"href":"https:\/\/mcre.erasmus.site\/es\/wp-json\/wp\/v2\/pages\/111","targetHints":{"allow":["GET"]}}],"collection":[{"href":"https:\/\/mcre.erasmus.site\/es\/wp-json\/wp\/v2\/pages"}],"about":[{"href":"https:\/\/mcre.erasmus.site\/es\/wp-json\/wp\/v2\/types\/page"}],"author":[{"embeddable":true,"href":"https:\/\/mcre.erasmus.site\/es\/wp-json\/wp\/v2\/users\/1"}],"replies":[{"embeddable":true,"href":"https:\/\/mcre.erasmus.site\/es\/wp-json\/wp\/v2\/comments?post=111"}],"version-history":[{"count":13,"href":"https:\/\/mcre.erasmus.site\/es\/wp-json\/wp\/v2\/pages\/111\/revisions"}],"predecessor-version":[{"id":262,"href":"https:\/\/mcre.erasmus.site\/es\/wp-json\/wp\/v2\/pages\/111\/revisions\/262"}],"wp:attachment":[{"href":"https:\/\/mcre.erasmus.site\/es\/wp-json\/wp\/v2\/media?parent=111"}],"curies":[{"name":"wp","href":"https:\/\/api.w.org\/{rel}","templated":true}]}}