{"id":78,"date":"2022-07-05T08:53:15","date_gmt":"2022-07-05T08:53:15","guid":{"rendered":"https:\/\/mcre.erasmus.site\/?page_id=78"},"modified":"2024-02-29T11:05:46","modified_gmt":"2024-02-29T11:05:46","slug":"the-mcre-e-book","status":"publish","type":"page","link":"https:\/\/mcre.erasmus.site\/es\/the-mcre-e-book\/","title":{"rendered":"E-book de MCRE"},"content":{"rendered":"<p><\/p>\n<p style=\"text-align: center;\"><a class=\"btn\" href=\"https:\/\/mcre.erasmus.site\/country-reports\/\">Informes nacionales<\/a><\/p>\n<p style=\"text-align: center;\"><a class=\"btn\" target=\"_blank\" href=\"\/wp-content\/uploads\/2024\/02\/MCRE_Infographic_ES.pdf\" rel=\"noopener\">Inforgraf\u00eda<\/a><\/p>\n<p>&nbsp;<\/p>\n<p><img fetchpriority=\"high\" decoding=\"async\" class=\"size-medium wp-image-67 aligncenter\" src=\"https:\/\/mcre.erasmus.site\/wp-content\/uploads\/2022\/07\/open-pages-book-e-book-online-learning-graphic-concept-300x300.jpg\" alt=\"\" width=\"300\" height=\"300\" srcset=\"https:\/\/mcre.erasmus.site\/wp-content\/uploads\/2022\/07\/open-pages-book-e-book-online-learning-graphic-concept-300x300.jpg 300w, https:\/\/mcre.erasmus.site\/wp-content\/uploads\/2022\/07\/open-pages-book-e-book-online-learning-graphic-concept-150x150.jpg 150w, https:\/\/mcre.erasmus.site\/wp-content\/uploads\/2022\/07\/open-pages-book-e-book-online-learning-graphic-concept-768x768.jpg 768w, https:\/\/mcre.erasmus.site\/wp-content\/uploads\/2022\/07\/open-pages-book-e-book-online-learning-graphic-concept.jpg 1000w\" sizes=\"(max-width: 300px) 100vw, 300px\" \/><\/p>\n<p>El libro electr\u00f3nico MCRE ser\u00e1 una colecci\u00f3n de contenidos que potenciar\u00e1 las necesarias habilidades de pensamiento cr\u00edtico de la comunidad europea (y en particular del grupo objetivo de este proyecto) para mejorar su capacidad de procesar la informaci\u00f3n procedente de diferentes medios. La pandemia de Covid-19 puso de manifiesto las dificultades para analizar la informaci\u00f3n que reciben las comunidades europeas. Este manual proporcionar\u00e1 informaci\u00f3n y t\u00e9cnicas para mejorar la capacidad de an\u00e1lisis de los contenidos recibidos. Esto ayudar\u00e1 a crear una sociedad mejor educada y m\u00e1s resistente (especialmente los grupos desfavorecidos) a las fake-news. El manual MCRE ser\u00e1 tambi\u00e9n un primer paso para combatir la desinformaci\u00f3n y los mitos a los que est\u00e1n expuestas las comunidades europeas. El manual MCRE estar\u00e1 disponible como un libro electr\u00f3nico interactivo disponible en el sitio web del proyecto. Tambi\u00e9n ser\u00e1 posible descargarlo en formato PDF y leerlo como un documento est\u00e1ndar.<br \/>\n<div class=\"_df_book df-lite\" id=\"df_rand912072939\"  data-title=\"\" wpoptions=\"true\" thumbtype=\"\" source=\"\/wp-content\/uploads\/2023\/10\/MCRE_PR1_E-book_ES.pdf\" ><\/div><\/p>\n<p style=\"text-align: center;\"><a class=\"btn btn-danger\" role=\"button\" href=\"https:\/\/mcre.erasmus.site\/wp-content\/uploads\/2023\/10\/MCRE_PR1_E-book_ES.pdf\" download=\"\">Descargar el libro electr\u00f3nico MCRE<\/a><\/p>\n<p style=\"text-align: center;\"><a class=\"btn btn-danger\" role=\"button\" href=\"https:\/\/mcre.erasmus.site\/wp-content\/uploads\/2023\/12\/MCRE_MODULO-1_ES.pdf\" download=\"\">Descargar cap\u00edtulo 1<\/a><\/p>\n<p style=\"text-align: center;\"><a class=\"btn btn-danger\" role=\"button\" href=\"https:\/\/mcre.erasmus.site\/wp-content\/uploads\/2023\/12\/MCRE_MODULO-2_-ES.pdf\" download=\"\">Descargar cap\u00edtulo 2<\/a><\/p>\n<p style=\"text-align: center;\"><a class=\"btn btn-danger\" role=\"button\" href=\"https:\/\/mcre.erasmus.site\/wp-content\/uploads\/2023\/12\/MCRE_MODULO-3-_ES.pdf\" download=\"\">Descargar cap\u00edtulo 3<\/a><\/p>\n<p style=\"text-align: center;\"><a class=\"btn btn-danger\" role=\"button\" href=\"https:\/\/mcre.erasmus.site\/wp-content\/uploads\/2023\/12\/MCRE_MODULO-4_ES.pdf\" download=\"\">Descargar cap\u00edtulo 4<\/a><\/p>\n<p style=\"text-align: center;\"><a class=\"btn btn-danger\" role=\"button\" href=\"https:\/\/mcre.erasmus.site\/wp-content\/uploads\/2023\/12\/MCRE_MODULO-5_ES.pdf\" download=\"\">Descargar cap\u00edtulo 5<\/a><\/p>\n<p style=\"text-align: center;\"><a class=\"btn btn-danger\" role=\"button\" href=\"https:\/\/mcre.erasmus.site\/wp-content\/uploads\/2023\/12\/MCRE_MODULO-6_ES.pdf\" download=\"\">Descargar cap\u00edtulo 6<\/a><\/p>\n<p style=\"text-align: center;\"><a class=\"btn btn-danger\" role=\"button\" href=\"https:\/\/mcre.erasmus.site\/wp-content\/uploads\/2023\/12\/MCRE_MODULO-7_ES.pdf\" download=\"\">Descargar cap\u00edtulo 7<\/a><\/p>\n<p><\/p>","protected":false},"excerpt":{"rendered":"<p>Informes nacionales Inforgraf\u00eda &nbsp; El libro electr\u00f3nico MCRE ser\u00e1 una colecci\u00f3n de contenidos que potenciar\u00e1 las necesarias habilidades de pensamiento cr\u00edtico de la comunidad europea (y en particular del grupo objetivo de este proyecto) para mejorar su capacidad de procesar la informaci\u00f3n procedente de diferentes medios. La pandemia de Covid-19 puso de manifiesto las dificultades&hellip;&nbsp;<a href=\"https:\/\/mcre.erasmus.site\/es\/the-mcre-e-book\/\" rel=\"bookmark\">Leer m\u00e1s &raquo;<span class=\"screen-reader-text\">E-book de MCRE<\/span><\/a><\/p>\n","protected":false},"author":1,"featured_media":0,"parent":0,"menu_order":0,"comment_status":"closed","ping_status":"closed","template":"","meta":{"neve_meta_sidebar":"","neve_meta_container":"","neve_meta_enable_content_width":"off","neve_meta_content_width":100,"neve_meta_title_alignment":"","neve_meta_author_avatar":"","neve_post_elements_order":"","neve_meta_disable_header":"","neve_meta_disable_footer":"","neve_meta_disable_title":"","footnotes":""},"class_list":["post-78","page","type-page","status-publish","hentry"],"_links":{"self":[{"href":"https:\/\/mcre.erasmus.site\/es\/wp-json\/wp\/v2\/pages\/78","targetHints":{"allow":["GET"]}}],"collection":[{"href":"https:\/\/mcre.erasmus.site\/es\/wp-json\/wp\/v2\/pages"}],"about":[{"href":"https:\/\/mcre.erasmus.site\/es\/wp-json\/wp\/v2\/types\/page"}],"author":[{"embeddable":true,"href":"https:\/\/mcre.erasmus.site\/es\/wp-json\/wp\/v2\/users\/1"}],"replies":[{"embeddable":true,"href":"https:\/\/mcre.erasmus.site\/es\/wp-json\/wp\/v2\/comments?post=78"}],"version-history":[{"count":35,"href":"https:\/\/mcre.erasmus.site\/es\/wp-json\/wp\/v2\/pages\/78\/revisions"}],"predecessor-version":[{"id":471,"href":"https:\/\/mcre.erasmus.site\/es\/wp-json\/wp\/v2\/pages\/78\/revisions\/471"}],"wp:attachment":[{"href":"https:\/\/mcre.erasmus.site\/es\/wp-json\/wp\/v2\/media?parent=78"}],"curies":[{"name":"wp","href":"https:\/\/api.w.org\/{rel}","templated":true}]}}