{"id":83,"date":"2022-07-05T08:54:24","date_gmt":"2022-07-05T08:54:24","guid":{"rendered":"https:\/\/mcre.erasmus.site\/?page_id=83"},"modified":"2024-02-28T09:51:54","modified_gmt":"2024-02-28T09:51:54","slug":"mcre-mobile-application","status":"publish","type":"page","link":"https:\/\/mcre.erasmus.site\/es\/mcre-mobile-application\/","title":{"rendered":"Aplicaci\u00f3n m\u00f3vil MCRE"},"content":{"rendered":"<p><img fetchpriority=\"high\" decoding=\"async\" class=\"size-full wp-image-71 aligncenter\" src=\"https:\/\/mcre.erasmus.site\/wp-content\/uploads\/2022\/07\/mcre-result.png\" alt=\"\" width=\"300\" height=\"300\" srcset=\"https:\/\/mcre.erasmus.site\/wp-content\/uploads\/2022\/07\/mcre-result.png 300w, https:\/\/mcre.erasmus.site\/wp-content\/uploads\/2022\/07\/mcre-result-150x150.png 150w\" sizes=\"(max-width: 300px) 100vw, 300px\" \/><\/p>\n<p>Consta de varios elementos para ayudar al grupo destinatario a comprobar la informaci\u00f3n adquirida en los medios de comunicaci\u00f3n y formarlo en el pensamiento cr\u00edtico. La aplicaci\u00f3n estar\u00e1 disponible de forma gratuita en iOS y Android y se adaptar\u00e1 para que sea f\u00e1cil de usar por adultos con escasos conocimientos de los medios de comunicaci\u00f3n. La aplicaci\u00f3n m\u00f3vil incluir\u00e1: TARJETAS DE ACCI\u00d3N: que se preparar\u00e1n para el grupo destinatario como un r\u00e1pido acopio de conocimientos. Las tarjetas de acci\u00f3n proporcionar\u00e1n una serie de instrucciones sobre c\u00f3mo elevar su nivel de pensamiento cr\u00edtico, qu\u00e9 pasos dar para asegurarse de que la informaci\u00f3n que han recibido en los medios de comunicaci\u00f3n es correcta. Permitir\u00e1n al grupo destinatario del proyecto comprobar la informaci\u00f3n recibida de forma continua mediante una serie de pasos que les ayudar\u00e1n a analizar la veracidad de la informaci\u00f3n recibida. Como la aplicaci\u00f3n m\u00f3vil no requerir\u00e1 conexiones a Internet, podr\u00e1 utilizarse en cualquier lugar. QUIZZ: que pondr\u00e1 a prueba los conocimientos adquiridos en el primer y segundo resultado. Los cuestionarios ser\u00e1n una combinaci\u00f3n de educaci\u00f3n y diversi\u00f3n. Consistir\u00e1n en preguntas con respuestas m\u00faltiples, lo que supondr\u00e1 una dificultad adicional, pero que tambi\u00e9n pondr\u00e1 a prueba los conocimientos adquiridos.<\/p>\n<p><a href=\"https:\/\/play.google.com\/store\/apps\/details?id=eu.dcnet.mcre\"><img decoding=\"async\" class=\"aligncenter wp-image-413\" src=\"https:\/\/mcre.erasmus.site\/wp-content\/uploads\/2024\/02\/googleplay-150x46.png\" alt=\"\" width=\"140\" height=\"42\" srcset=\"https:\/\/mcre.erasmus.site\/wp-content\/uploads\/2024\/02\/googleplay-150x46.png 150w, https:\/\/mcre.erasmus.site\/wp-content\/uploads\/2024\/02\/googleplay-24x7.png 24w, https:\/\/mcre.erasmus.site\/wp-content\/uploads\/2024\/02\/googleplay-36x11.png 36w, https:\/\/mcre.erasmus.site\/wp-content\/uploads\/2024\/02\/googleplay-48x14.png 48w, https:\/\/mcre.erasmus.site\/wp-content\/uploads\/2024\/02\/googleplay.png 153w\" sizes=\"(max-width: 140px) 100vw, 140px\" \/><\/a><br \/>\n<a href=\"https:\/\/apps.apple.com\/app\/mcre-mobile-app\/id6471702436\"><img decoding=\"async\" class=\"aligncenter wp-image-414\" src=\"https:\/\/mcre.erasmus.site\/wp-content\/uploads\/2024\/02\/appstore.png\" alt=\"\" width=\"140\" height=\"47\" srcset=\"https:\/\/mcre.erasmus.site\/wp-content\/uploads\/2024\/02\/appstore.png 136w, https:\/\/mcre.erasmus.site\/wp-content\/uploads\/2024\/02\/appstore-24x8.png 24w, https:\/\/mcre.erasmus.site\/wp-content\/uploads\/2024\/02\/appstore-36x12.png 36w, https:\/\/mcre.erasmus.site\/wp-content\/uploads\/2024\/02\/appstore-48x16.png 48w\" sizes=\"(max-width: 140px) 100vw, 140px\" \/><\/a><\/p>","protected":false},"excerpt":{"rendered":"<p>Consta de varios elementos para ayudar al grupo destinatario a comprobar la informaci\u00f3n adquirida en los medios de comunicaci\u00f3n y formarlo en el pensamiento cr\u00edtico. La aplicaci\u00f3n estar\u00e1 disponible de forma gratuita en iOS y Android y se adaptar\u00e1 para que sea f\u00e1cil de usar por adultos con escasos conocimientos de los medios de comunicaci\u00f3n.&hellip;&nbsp;<a href=\"https:\/\/mcre.erasmus.site\/es\/mcre-mobile-application\/\" rel=\"bookmark\">Leer m\u00e1s &raquo;<span class=\"screen-reader-text\">Aplicaci\u00f3n m\u00f3vil MCRE<\/span><\/a><\/p>\n","protected":false},"author":1,"featured_media":0,"parent":0,"menu_order":0,"comment_status":"closed","ping_status":"closed","template":"","meta":{"neve_meta_sidebar":"","neve_meta_container":"","neve_meta_enable_content_width":"off","neve_meta_content_width":100,"neve_meta_title_alignment":"","neve_meta_author_avatar":"","neve_post_elements_order":"","neve_meta_disable_header":"","neve_meta_disable_footer":"","neve_meta_disable_title":"","footnotes":""},"class_list":["post-83","page","type-page","status-publish","hentry"],"_links":{"self":[{"href":"https:\/\/mcre.erasmus.site\/es\/wp-json\/wp\/v2\/pages\/83","targetHints":{"allow":["GET"]}}],"collection":[{"href":"https:\/\/mcre.erasmus.site\/es\/wp-json\/wp\/v2\/pages"}],"about":[{"href":"https:\/\/mcre.erasmus.site\/es\/wp-json\/wp\/v2\/types\/page"}],"author":[{"embeddable":true,"href":"https:\/\/mcre.erasmus.site\/es\/wp-json\/wp\/v2\/users\/1"}],"replies":[{"embeddable":true,"href":"https:\/\/mcre.erasmus.site\/es\/wp-json\/wp\/v2\/comments?post=83"}],"version-history":[{"count":10,"href":"https:\/\/mcre.erasmus.site\/es\/wp-json\/wp\/v2\/pages\/83\/revisions"}],"predecessor-version":[{"id":416,"href":"https:\/\/mcre.erasmus.site\/es\/wp-json\/wp\/v2\/pages\/83\/revisions\/416"}],"wp:attachment":[{"href":"https:\/\/mcre.erasmus.site\/es\/wp-json\/wp\/v2\/media?parent=83"}],"curies":[{"name":"wp","href":"https:\/\/api.w.org\/{rel}","templated":true}]}}