{"id":111,"date":"2022-07-05T09:02:21","date_gmt":"2022-07-05T09:02:21","guid":{"rendered":"https:\/\/mcre.erasmus.site\/?page_id=111"},"modified":"2022-11-24T14:29:34","modified_gmt":"2022-11-24T14:29:34","slug":"partnership","status":"publish","type":"page","link":"https:\/\/mcre.erasmus.site\/it\/partnership\/","title":{"rendered":"Il Partenariato"},"content":{"rendered":"<p><\/p>\n<h3><img fetchpriority=\"high\" decoding=\"async\" class=\"size-full wp-image-118 aligncenter\" src=\"https:\/\/mcre.erasmus.site\/wp-content\/uploads\/2022\/07\/ades.png\" alt=\"\" width=\"300\" height=\"300\" srcset=\"https:\/\/mcre.erasmus.site\/wp-content\/uploads\/2022\/07\/ades.png 300w, https:\/\/mcre.erasmus.site\/wp-content\/uploads\/2022\/07\/ades-150x150.png 150w\" sizes=\"(max-width: 300px) 100vw, 300px\" \/><\/h3>\n<h3 style=\"text-align: center;\">ADES \u2013 (Association for Economic and Social Development) Curtea de Arges, Romania \u2013 Coordinatore di Progetto<\/h3>\n<p>ADES \u00e8 un&#8217;organizzazione senza scopo di lucro, diventata entit\u00e0 legale (ONG) nel giugno 1995. La finalit\u00e0 di ADES \u00e8 quella di creare un cambiamento sociale ed economico positivo nelle comunit\u00e0 di tutta la Romania in modo professionale, etico e responsabile.<\/p>\n<p>Il team di ADES mira a sviluppare le competenze personali e professionali, a sostenere lo sviluppo e l&#8217;espansione delle PMI e a migliorare le condizioni sociali ed economiche delle comunit\u00e0 locali.<\/p>\n<p>Dal 1995, ADES ha sviluppato e implementato con successo oltre 50 progetti finanziati da Unione Europea, Banca Mondiale, Ambasciata degli Stati Uniti, European Business Development Program, Fondazione per una Societ\u00e0 Aperta, Charity Know How Fund ecc. ADES ha lavorato a stretto contatto con le comunit\u00e0, le fonti di finanziamento e i partner esecutivi (autorit\u00e0 pubbliche locali, aziende, ONG e scuole) per realizzare progetti di sviluppo socio-economico.<\/p>\n<p>Per maggiori informazioni, visita\u00a0<a href=\"https:\/\/www.facebook.com\/ADESCDA\/\" target=\"_blank\" rel=\"noopener\">www.facebook.com\/ADESCDA\/<\/a><\/p>\n<hr \/>\n<h3><img decoding=\"async\" class=\"wp-image-120 size-full aligncenter\" src=\"https:\/\/mcre.erasmus.site\/wp-content\/uploads\/2022\/07\/cwep.png\" alt=\"\" width=\"300\" height=\"300\" srcset=\"https:\/\/mcre.erasmus.site\/wp-content\/uploads\/2022\/07\/cwep.png 300w, https:\/\/mcre.erasmus.site\/wp-content\/uploads\/2022\/07\/cwep-150x150.png 150w\" sizes=\"(max-width: 300px) 100vw, 300px\" \/><\/h3>\n<h3 style=\"text-align: center;\"><strong>Centrum Wspierania Edukacji i Przedsi\u0119biorczo\u015bci (CWEP) \u2013 Polonia<\/strong><\/h3>\n<p>Il Centro per l&#8217;istruzione e il sostegno all&#8217;imprenditorialit\u00e0 (CWEP) \u00e8 un&#8217;organizzazione non governativa fondata nel 2004 da un gruppo di imprenditori, insegnanti e attivisti sociali di Rzesz\u00f3w, in Polonia. Il CWEP collabora con aziende e istituzioni educative. La mission del CWEP \u00e8 aumentare la qualit\u00e0 della formazione scolastica a tutti i livelli e in tutte le sue forme, nonch\u00e9 promuovere l&#8217;imprenditorialit\u00e0 per favorire l&#8217;integrazione di qualsiasi gruppo sociale, indipendentemente dal genere, dall&#8217;et\u00e0 o dall&#8217;origine etnica. In particolare, gli obiettivi sono migliorare l&#8217;accessibilit\u00e0, la qualit\u00e0 e l&#8217;efficienza dell&#8217;istruzione di tutte le persone, promuovere e contribuire all&#8217;educazione degli adulti, all&#8217;apprendimento permanente, all&#8217;e-learning e all&#8217;uso delle nuove tecnologie nell&#8217;istruzione e nell&#8217;imprenditorialit\u00e0. L&#8217;Associazione collabora con numerosi partner europei per rafforzare la posizione economica delle imprese e fornisce piattaforme on-line per le aziende.<\/p>\n<p>Sito web:\u00a0<a href=\"http:\/\/www.cwep.eu\/\">www.cwep.eu<\/a><\/p>\n<hr \/>\n<h3><img decoding=\"async\" class=\"wp-image-119 size-full aligncenter\" src=\"https:\/\/mcre.erasmus.site\/wp-content\/uploads\/2022\/07\/lovila.png\" alt=\"\" width=\"300\" height=\"300\" srcset=\"https:\/\/mcre.erasmus.site\/wp-content\/uploads\/2022\/07\/lovila.png 300w, https:\/\/mcre.erasmus.site\/wp-content\/uploads\/2022\/07\/lovila-150x150.png 150w\" sizes=\"(max-width: 300px) 100vw, 300px\" \/><\/h3>\n<h3 style=\"text-align: center;\"><strong>Lovila Limited \u2013 Cipro<\/strong><\/h3>\n<p>Lovila \u00e8 un istituto di consulenza e formazione cipriota nato con l&#8217;obiettivo di favorire lo sviluppo professionale e personale di individui, aziende e imprese di nuova costituzione, focalizzato sulla promozione dell&#8217;apprendimento permanente, della digitalizzazione e dell&#8217;innovazione a diversi livelli e contesti di istruzione. Lovila offre servizi alle aziende e agli imprenditori che hanno bisogno di innovazione, formazione e trasformazione digitale, che giocano un ruolo fondamentale nella capacit\u00e0 di un&#8217;organizzazione di evolversi con il mercato. D&#8217;altro canto, Lovila fornisce un supporto formativo di alto livello a giovani e adulti che necessitano di integrazione professionale, sviluppo di competenze e qualifiche di base, competenze digitali e imprenditoriali, mentalit\u00e0 e stile di vita sostenibili, integrazione e reinserimento nel mercato del lavoro, motivazione, consulenza e orientamento al lavoro.<\/p>\n<p>Lovila crede nella grande importanza della sostenibilit\u00e0 ambientale e nella capacit\u00e0 di stabilizzare l&#8217;attuale rapporto dirompente tra la cultura umana e aziendale e il mondo vivente. In questo modo, i servizi dell&#8217;azienda sono sempre alla ricerca di pratiche di lavoro ecosostenibili e di un futuro sostenibile attraverso l&#8217;educazione.<\/p>\n<p>Sito web: <a href=\"http:\/\/www.lovila.eu\/\" target=\"_blank\" rel=\"noopener\">www.lovila.eu<\/a><\/p>\n<p>Contatti: <a href=\"mailto:info@lovila.eu\">info@lovila.eu<\/a><\/p>\n<hr \/>\n<h3><img loading=\"lazy\" decoding=\"async\" class=\"wp-image-122 size-full aligncenter\" src=\"https:\/\/mcre.erasmus.site\/wp-content\/uploads\/2022\/07\/meus.png\" alt=\"\" width=\"300\" height=\"300\" srcset=\"https:\/\/mcre.erasmus.site\/wp-content\/uploads\/2022\/07\/meus.png 300w, https:\/\/mcre.erasmus.site\/wp-content\/uploads\/2022\/07\/meus-150x150.png 150w\" sizes=\"(max-width: 300px) 100vw, 300px\" \/><\/h3>\n<h3 style=\"text-align: center;\"><strong>MEUS &#8211; Spagna<\/strong><\/h3>\n<p>MEUS \u00e8 un&#8217;organizzazione privata con sede a Valencia, in Spagna, che mira a migliorare le capacit\u00e0 delle persone nel loro ambiente, sia a livello professionale che privato. Pertanto, si concentra sullo sviluppo delle competenze degli individui in ogni fase della loro vita, dalla scuola all&#8217;educazione degli adulti, e sulla formazione continua durante la vita lavorativa.<\/p>\n<p>In linea con la strategia europea in materia di istruzione, MEUS lavora allo sviluppo di nuovi materiali e metodologie di formazione adattati ai diversi target e alle esigenze del mercato, migliorando cos\u00ec l&#8217;integrazione nel mercato del lavoro, la formazione continua e il miglioramento del lavoro. In particolare, lavora su tutte le soft skills necessarie (comunicazione, lavoro di squadra, risoluzione dei problemi, ecc.) di cui hanno bisogno i lavoratori in tutti i settori (intelligenza artificiale, IT, servizi, commercio, vendita al dettaglio, sanit\u00e0, ecc.) Inoltre, incoraggia lo sviluppo di nuovi progetti imprenditoriali, offrendo valutazioni e formazione agli imprenditori, sostenendoli nell&#8217;essere creativi, innovativi e di successo nelle loro iniziative.<\/p>\n<p>MEUS esplora e promuove modelli di business sostenibili, cercando di implementare le migliori pratiche di CSR. MEUS sostiene con forza i settori nuovi e in crescita dell&#8217;economia ed \u00e8 attento ai cambiamenti della societ\u00e0, per questo \u00e8 particolarmente impegnato in temi come la green economy (e le competenze verdi), l&#8217;economia arancione (cultura), le tecnologie dell&#8217;informazione e della comunicazione, l&#8217;adattamento all&#8217;invecchiamento della popolazione e le nuove caratteristiche demografiche che generano una maggiore domanda di servizi di persona, ecc.<\/p>\n<p>Sito web: <a href=\"http:\/\/www.meuskills.eu\/\">www.meuskills.eu<\/a><\/p>\n<hr \/>\n<h3><img loading=\"lazy\" decoding=\"async\" class=\"wp-image-125 size-full aligncenter\" src=\"https:\/\/mcre.erasmus.site\/wp-content\/uploads\/2022\/07\/tucep.png\" alt=\"\" width=\"300\" height=\"300\" srcset=\"https:\/\/mcre.erasmus.site\/wp-content\/uploads\/2022\/07\/tucep.png 300w, https:\/\/mcre.erasmus.site\/wp-content\/uploads\/2022\/07\/tucep-150x150.png 150w\" sizes=\"(max-width: 300px) 100vw, 300px\" \/><\/h3>\n<h3 style=\"text-align: center;\"><strong>TUCEP &#8211; Italy<\/strong><\/h3>\n<p>TUCEP \u00e8 un&#8217;associazione no profit tra Universit\u00e0, Imprese ed Enti Pubblici nata nel 1992.<\/p>\n<p>La mission del TUCEP \u00e8 favorire e sviluppare la cooperazione tra Universit\u00e0 e mondo del lavoro attraverso la realizzazione di progetti di formazione, ricerca e consulenza finalizzati a promuovere l&#8217;innovazione e la qualit\u00e0 nell&#8217;istruzione professionale e nei processi di sviluppo socio-economico a livello regionale, nazionale ed europeo.<\/p>\n<p>In virt\u00f9 di questo obiettivo generale, TUCEP si impegna a:<\/p>\n<ul>\n<li>analizzare i bisogni formativi e professionali delle imprese<\/li>\n<li>promuovere e migliorare il know-how di enti pubblici, imprese e altri operatori economici attraverso la progettazione e la realizzazione di percorsi formativi specifici rivolti a imprenditori, manager e tecnici;<\/li>\n<li>favorire l&#8217;acquisizione e l&#8217;aggiornamento delle competenze chiave e professionali da parte di giovani e adulti, per consentirne l&#8217;accesso o il riposizionamento nel mercato del lavoro;<\/li>\n<li>realizzare attivit\u00e0 di studio per la diffusione di informazioni, in particolare nei settori della produzione e della gestione aziendale, del management e dello sviluppo di tecnologie avanzate;<\/li>\n<li>attivare programmi di mobilit\u00e0 transnazionale tra Universit\u00e0 e Imprese;<\/li>\n<li>realizzare progetti pilota a livello europeo, nazionale e regionale, finalizzati a sperimentare approcci innovativi e buone pratiche nel campo dell&#8217;istruzione, della ricerca, dello sviluppo imprenditoriale e della coesione sociale.<\/li>\n<\/ul>\n<p>TUCEP \u00e8 un&#8217;ente di formazione accreditato dalla Regione Umbria per l&#8217;erogazione di corsi di formazione superiore, continua e permanente ed \u00e8 certificato secondo le norme UNI EN ISO 9001:2015<\/p>\n<p>Sito web: <a href=\"http:\/\/www.tucep.org\/\">www.tucep.org<\/a><\/p>\n<hr \/>\n<h3><img loading=\"lazy\" decoding=\"async\" class=\"wp-image-124 size-full aligncenter\" src=\"https:\/\/mcre.erasmus.site\/wp-content\/uploads\/2022\/07\/labc.png\" alt=\"\" width=\"300\" height=\"300\" srcset=\"https:\/\/mcre.erasmus.site\/wp-content\/uploads\/2022\/07\/labc.png 300w, https:\/\/mcre.erasmus.site\/wp-content\/uploads\/2022\/07\/labc-150x150.png 150w\" sizes=\"(max-width: 300px) 100vw, 300px\" \/><\/h3>\n<h3 style=\"text-align: center;\"><strong>LABC \u2013 Italia<\/strong><\/h3>\n<p>LABC \u00e8 una societ\u00e0 con sede a Torino (IT). LABC si propone di condividere e valorizzare l&#8217;esperienza di professionisti nel campo del benessere individuale e comunitario, del lavoro di gruppo, dell&#8217;istruzione e della formazione, del reinserimento nel mercato del lavoro e della gestione di progetti.<\/p>\n<p>LABC \u00e8 una comunit\u00e0 di apprendimento paneuropea, che adotta e condivide i principi di:<\/p>\n<ul>\n<li>apprendimento collaborativo: scambiamo, miglioriamo e condividiamo esperienze, risorse e competenze, al fine di ottimizzare le collaborazioni internazionali e intermodali, sviluppare e trasferire metodologie e prassi<\/li>\n<li>generativit\u00e0: stabiliamo, sosteniamo e guidiamo la capacit\u00e0 di creare, generare e produrre nuovi strumenti, modelli e prassi psicologiche, sociali ed educative, con l&#8217;obiettivo di diffonderli liberamente in tutta la comunit\u00e0.<\/li>\n<\/ul>\n<p>LABC \u00e8 attiva ed esperta in:<\/p>\n<ul>\n<li>lavoro di assistenza, benessere individuale e comunitario attraverso un&#8217;ampia gamma di attivit\u00e0, tra cui sessioni di lavoro di gruppo, supervisioni, formazione, consulenza sulla gestione, organizzazione di eventi pubblici, conferenze e seminari<\/li>\n<li>educazione e ricerca attraverso la progettazione di metodologie di apprendimento e la realizzazione di materiali e strumenti formativi dedicati a migliorare la consapevolezza dei partecipanti e dei destinatari su temi di particolare interesse in ambito psicologico, educativo, sociale e ambientale.<\/li>\n<\/ul>\n<p>Sito web: <a href=\"https:\/\/labcentro.it\/\">https:\/\/labcentro.it\/<\/a><\/p>\n<hr \/>\n<h3><img loading=\"lazy\" decoding=\"async\" class=\"wp-image-127 size-full aligncenter\" src=\"https:\/\/mcre.erasmus.site\/wp-content\/uploads\/2022\/07\/ed.png\" alt=\"\" width=\"300\" height=\"300\" srcset=\"https:\/\/mcre.erasmus.site\/wp-content\/uploads\/2022\/07\/ed.png 300w, https:\/\/mcre.erasmus.site\/wp-content\/uploads\/2022\/07\/ed-150x150.png 150w\" sizes=\"(max-width: 300px) 100vw, 300px\" \/><\/h3>\n<h3 style=\"text-align: center;\"><strong>E&amp;D Knowledge Consulting \u2013 Portogallo<\/strong><\/h3>\n<p>E&amp;D Knowledge Consulting \u00e8 una societ\u00e0 di consulenza specializzata nelle aree dell&#8217;innovazione e della gestione della conoscenza e nel rafforzamento delle capacit\u00e0 imprenditoriali e di innovazione. Le principali linee di consulenza di E&amp;D riguardano strategie, tutoraggio e formazione per:<\/p>\n<ul>\n<li>Sviluppare strategie e processi di innovazione all&#8217;interno delle organizzazioni,<\/li>\n<li>Stabilire una cultura per la creativit\u00e0 e l&#8217;innovazione,<\/li>\n<li>Sviluppo delle competenze necessarie per l&#8217;innovazione e la creativit\u00e0 (tecniche di ideazione, pensiero critico, comportamenti collaborativi, mentalit\u00e0 innovativa, ecc,)<\/li>\n<li>Modelli di business per l&#8217;innovazione e innovazione dei modelli di business,<\/li>\n<li>Co-creazione di innovazione e conoscenza (meccanismi, strumenti e strategie per l&#8217;innovazione collaborativa e il trasferimento della conoscenza),<\/li>\n<li>Valutazione e monitoraggio delle capacit\u00e0 di innovazione e delle esigenze di miglioramento.<\/li>\n<\/ul>\n<p>E&amp;D Knowledge Consulting fornisce soluzioni personalizzate per le esigenze di ciascun cliente nei settori dell&#8217;innovazione e dell&#8217;imprenditorialit\u00e0 che consentono alle organizzazioni di:<\/p>\n<ul>\n<li>Massimizzare le prestazioni,<\/li>\n<li>Aumentare la capacit\u00e0 innovativa,<\/li>\n<li>Diagnosticare la loro attuale posizione di mercato e il potenziale di crescita,<\/li>\n<li>sviluppare la propria base di conoscenze<\/li>\n<li>Aumentare la competitivit\u00e0 e,<\/li>\n<li>Definire una strategia di sviluppo sostenibile per le aziende e le altre organizzazioni.<\/li>\n<\/ul>\n<p>In questo modo, E&amp;D Knowledge Consulting mira a guidare lo sviluppo sociale ed economico attraverso la formazione di cittadini, lavoratori e leader pi\u00f9 innovativi, qualificati e impegnati, e a sostenere la creazione e la crescita di leader dell&#8217;innovazione e del mercato. Le nostre attivit\u00e0 comprendono workshop integrati, mentoring e coaching, consulenza e progetti.<\/p>\n<p>Sito web: <a href=\"http:\/\/edknowledgeconsulting.com\/\">http:\/\/edknowledgeconsulting.com\/<\/a><\/p>","protected":false},"excerpt":{"rendered":"<p>ADES \u2013 (Association for Economic and Social Development) Curtea de Arges, Romania \u2013 Coordinatore di Progetto ADES \u00e8 un&#8217;organizzazione senza scopo di lucro, diventata entit\u00e0 legale (ONG) nel giugno 1995. La finalit\u00e0 di ADES \u00e8 quella di creare un cambiamento sociale ed economico positivo nelle comunit\u00e0 di tutta la Romania in modo professionale, etico e&hellip;&nbsp;<a href=\"https:\/\/mcre.erasmus.site\/it\/partnership\/\" rel=\"bookmark\">Leggi tutto &raquo;<span class=\"screen-reader-text\">Il Partenariato<\/span><\/a><\/p>\n","protected":false},"author":1,"featured_media":0,"parent":0,"menu_order":0,"comment_status":"closed","ping_status":"closed","template":"","meta":{"neve_meta_sidebar":"","neve_meta_container":"","neve_meta_enable_content_width":"off","neve_meta_content_width":100,"neve_meta_title_alignment":"","neve_meta_author_avatar":"","neve_post_elements_order":"","neve_meta_disable_header":"","neve_meta_disable_footer":"","neve_meta_disable_title":"","footnotes":""},"class_list":["post-111","page","type-page","status-publish","hentry"],"_links":{"self":[{"href":"https:\/\/mcre.erasmus.site\/it\/wp-json\/wp\/v2\/pages\/111","targetHints":{"allow":["GET"]}}],"collection":[{"href":"https:\/\/mcre.erasmus.site\/it\/wp-json\/wp\/v2\/pages"}],"about":[{"href":"https:\/\/mcre.erasmus.site\/it\/wp-json\/wp\/v2\/types\/page"}],"author":[{"embeddable":true,"href":"https:\/\/mcre.erasmus.site\/it\/wp-json\/wp\/v2\/users\/1"}],"replies":[{"embeddable":true,"href":"https:\/\/mcre.erasmus.site\/it\/wp-json\/wp\/v2\/comments?post=111"}],"version-history":[{"count":13,"href":"https:\/\/mcre.erasmus.site\/it\/wp-json\/wp\/v2\/pages\/111\/revisions"}],"predecessor-version":[{"id":262,"href":"https:\/\/mcre.erasmus.site\/it\/wp-json\/wp\/v2\/pages\/111\/revisions\/262"}],"wp:attachment":[{"href":"https:\/\/mcre.erasmus.site\/it\/wp-json\/wp\/v2\/media?parent=111"}],"curies":[{"name":"wp","href":"https:\/\/api.w.org\/{rel}","templated":true}]}}