{"id":2,"date":"2022-07-05T06:15:54","date_gmt":"2022-07-05T06:15:54","guid":{"rendered":"https:\/\/mcre.erasmus.site\/?page_id=2"},"modified":"2022-12-13T10:13:34","modified_gmt":"2022-12-13T10:13:34","slug":"home","status":"publish","type":"page","link":"https:\/\/mcre.erasmus.site\/it\/","title":{"rendered":"Home"},"content":{"rendered":"\t\t<div data-elementor-type=\"wp-page\" data-elementor-id=\"2\" class=\"elementor elementor-2\">\n\t\t\t\t\t\t<section class=\"elementor-section elementor-top-section elementor-element elementor-element-b46c4d5 elementor-section-height-min-height elementor-section-boxed elementor-section-height-default elementor-section-items-middle\" data-id=\"b46c4d5\" data-element_type=\"section\" data-e-type=\"section\" data-settings=\"{&quot;background_background&quot;:&quot;classic&quot;}\">\n\t\t\t\t\t\t\t<div class=\"elementor-background-overlay\"><\/div>\n\t\t\t\t\t\t\t<div class=\"elementor-container elementor-column-gap-default\">\n\t\t\t\t\t<div class=\"elementor-column elementor-col-100 elementor-top-column elementor-element elementor-element-20d2973\" data-id=\"20d2973\" data-element_type=\"column\" data-e-type=\"column\">\n\t\t\t<div class=\"elementor-widget-wrap elementor-element-populated\">\n\t\t\t\t\t\t<div class=\"elementor-element elementor-element-6472071 e-transform elementor-widget elementor-widget-heading\" data-id=\"6472071\" data-element_type=\"widget\" data-e-type=\"widget\" data-settings=\"{&quot;_transform_scale_effect_hover&quot;:{&quot;unit&quot;:&quot;px&quot;,&quot;size&quot;:1.1,&quot;sizes&quot;:[]},&quot;_transform_scale_effect_hover_tablet&quot;:{&quot;unit&quot;:&quot;px&quot;,&quot;size&quot;:&quot;&quot;,&quot;sizes&quot;:[]},&quot;_transform_scale_effect_hover_mobile&quot;:{&quot;unit&quot;:&quot;px&quot;,&quot;size&quot;:&quot;&quot;,&quot;sizes&quot;:[]}}\" data-widget_type=\"heading.default\">\n\t\t\t\t<div class=\"elementor-widget-container\">\n\t\t\t\t\t<h2 class=\"elementor-heading-title elementor-size-default\">MCRE \u2013 Media literacy, critical viewing and Creative vision as effective learning approach for people with fewer opportunities<\/h2>\t\t\t\t<\/div>\n\t\t\t\t<\/div>\n\t\t\t\t<div class=\"elementor-element elementor-element-4f49bde elementor-widget elementor-widget-text-editor\" data-id=\"4f49bde\" data-element_type=\"widget\" data-e-type=\"widget\" data-widget_type=\"text-editor.default\">\n\t\t\t\t<div class=\"elementor-widget-container\">\n\t\t\t\t\t\t\t\t\t<p>Numero progetto: 2021-1-RO01-KA220-ADU-000033435<br \/>Durata: 01.01.2022 \u2013 31.12.2023<\/p>\t\t\t\t\t\t\t\t<\/div>\n\t\t\t\t<\/div>\n\t\t\t\t\t<\/div>\n\t\t<\/div>\n\t\t\t\t\t<\/div>\n\t\t<\/section>\n\t\t\t\t<section class=\"elementor-section elementor-top-section elementor-element elementor-element-8855ca6 elementor-section-height-min-height elementor-section-boxed elementor-section-height-default elementor-section-items-middle\" data-id=\"8855ca6\" data-element_type=\"section\" data-e-type=\"section\">\n\t\t\t\t\t\t<div class=\"elementor-container elementor-column-gap-default\">\n\t\t\t\t\t<div class=\"elementor-column elementor-col-50 elementor-top-column elementor-element elementor-element-413741b\" data-id=\"413741b\" data-element_type=\"column\" data-e-type=\"column\">\n\t\t\t<div class=\"elementor-widget-wrap elementor-element-populated\">\n\t\t\t\t\t\t<div class=\"elementor-element elementor-element-caa80aa elementor-widget elementor-widget-menu-anchor\" data-id=\"caa80aa\" data-element_type=\"widget\" data-e-type=\"widget\" data-widget_type=\"menu-anchor.default\">\n\t\t\t\t<div class=\"elementor-widget-container\">\n\t\t\t\t\t\t\t<div class=\"elementor-menu-anchor\" id=\"about\"><\/div>\n\t\t\t\t\t\t<\/div>\n\t\t\t\t<\/div>\n\t\t\t\t<div class=\"elementor-element elementor-element-994c0a1 e-transform elementor-widget elementor-widget-heading\" data-id=\"994c0a1\" data-element_type=\"widget\" data-e-type=\"widget\" data-settings=\"{&quot;_transform_scale_effect_hover&quot;:{&quot;unit&quot;:&quot;px&quot;,&quot;size&quot;:1.1,&quot;sizes&quot;:[]},&quot;_transform_scale_effect_hover_tablet&quot;:{&quot;unit&quot;:&quot;px&quot;,&quot;size&quot;:&quot;&quot;,&quot;sizes&quot;:[]},&quot;_transform_scale_effect_hover_mobile&quot;:{&quot;unit&quot;:&quot;px&quot;,&quot;size&quot;:&quot;&quot;,&quot;sizes&quot;:[]}}\" data-widget_type=\"heading.default\">\n\t\t\t\t<div class=\"elementor-widget-container\">\n\t\t\t\t\t<h2 class=\"elementor-heading-title elementor-size-default\">Il Progetto<\/h2>\t\t\t\t<\/div>\n\t\t\t\t<\/div>\n\t\t\t\t<div class=\"elementor-element elementor-element-f782fa7 elementor-widget elementor-widget-text-editor\" data-id=\"f782fa7\" data-element_type=\"widget\" data-e-type=\"widget\" data-widget_type=\"text-editor.default\">\n\t\t\t\t<div class=\"elementor-widget-container\">\n\t\t\t\t\t\t\t\t\t<p>Il rapido sviluppo delle tecnologie dell&#8217;informazione e della comunicazione, unito ai cambiamenti socio-demografici, mette sotto pressione le persone over 50 e gli adulti poco qualificati o con scarse qualifiche come mai prima d&#8217;ora. Per stare al passo con i cambiamenti, sar\u00e0 necessario avere un livello adeguato di alfabetizzazione mediatica per evitare l&#8217;esclusione digitale o economica, e per limitare il rischio di emarginazione lavorativa o sociale. Con l&#8217;avanzare della convergenza dei media, si verifica anche la convergenza delle competenze. La convergenza dei media non \u00e8 altro che una combinazione di media, telecomunicazioni e tecnologie dell&#8217;informazione. Poich\u00e9 queste aree si sovrappongono, si verifica anche un processo di convergenza delle competenze, ossia la combinazione di competenze mediatiche, informatiche e digitali. Il coinvolgimento degli educatori per adulti nelle attivit\u00e0 del progetto \u00e8 fondamentale, in quanto dovrebbero sostenere attivamente i discenti adulti nell&#8217;acquisizione di nuove competenze.<\/p><p>L&#8217;obiettivo del progetto MCRE \u00e8 quello di promuovere l&#8217;educazione degli adulti, aumentare la loro alfabetizzazione mediatica e la loro visione critica, e accrescere l&#8217;adattabilit\u00e0 alle circostanze create dalla pandemia COVID-19 tra le persone con minori opportunit\u00e0 (persone poco qualificate, giovani disoccupati, adulti a rischio di povert\u00e0, ecc.) e gli educatori adulti in Romania, Polonia, Cipro, Spagna, Italia e Portogallo. Il progetto mira a sostenere gli adulti nell&#8217;analisi delle informazioni in modo che possano essere pi\u00f9 reattivi alle fake news e alla disinformazione e a dotarli di strumenti (applicazione mobile) per analizzare le fake news.<\/p>\t\t\t\t\t\t\t\t<\/div>\n\t\t\t\t<\/div>\n\t\t\t\t\t<\/div>\n\t\t<\/div>\n\t\t\t\t<div class=\"elementor-column elementor-col-50 elementor-top-column elementor-element elementor-element-06ea797\" data-id=\"06ea797\" data-element_type=\"column\" data-e-type=\"column\">\n\t\t\t<div class=\"elementor-widget-wrap elementor-element-populated\">\n\t\t\t\t\t\t<div class=\"elementor-element elementor-element-60c7b03 e-transform elementor-widget elementor-widget-image\" data-id=\"60c7b03\" data-element_type=\"widget\" data-e-type=\"widget\" data-settings=\"{&quot;_transform_rotateZ_effect_hover&quot;:{&quot;unit&quot;:&quot;px&quot;,&quot;size&quot;:9,&quot;sizes&quot;:[]},&quot;_transform_rotateZ_effect_hover_tablet&quot;:{&quot;unit&quot;:&quot;deg&quot;,&quot;size&quot;:&quot;&quot;,&quot;sizes&quot;:[]},&quot;_transform_rotateZ_effect_hover_mobile&quot;:{&quot;unit&quot;:&quot;deg&quot;,&quot;size&quot;:&quot;&quot;,&quot;sizes&quot;:[]}}\" data-widget_type=\"image.default\">\n\t\t\t\t<div class=\"elementor-widget-container\">\n\t\t\t\t\t\t\t\t\t\t\t\t\t\t\t<img fetchpriority=\"high\" decoding=\"async\" width=\"1024\" height=\"683\" src=\"https:\/\/mcre.erasmus.site\/wp-content\/uploads\/2022\/07\/cute-girls-with-tablet-on-a-bus-stop-1024x683.jpg\" class=\"attachment-large size-large wp-image-53\" alt=\"\" srcset=\"https:\/\/mcre.erasmus.site\/wp-content\/uploads\/2022\/07\/cute-girls-with-tablet-on-a-bus-stop-1024x683.jpg 1024w, https:\/\/mcre.erasmus.site\/wp-content\/uploads\/2022\/07\/cute-girls-with-tablet-on-a-bus-stop-300x200.jpg 300w, https:\/\/mcre.erasmus.site\/wp-content\/uploads\/2022\/07\/cute-girls-with-tablet-on-a-bus-stop-768x512.jpg 768w, https:\/\/mcre.erasmus.site\/wp-content\/uploads\/2022\/07\/cute-girls-with-tablet-on-a-bus-stop-930x620.jpg 930w, https:\/\/mcre.erasmus.site\/wp-content\/uploads\/2022\/07\/cute-girls-with-tablet-on-a-bus-stop.jpg 1500w\" sizes=\"(max-width: 1024px) 100vw, 1024px\" \/>\t\t\t\t\t\t\t\t\t\t\t\t\t\t\t<\/div>\n\t\t\t\t<\/div>\n\t\t\t\t\t<\/div>\n\t\t<\/div>\n\t\t\t\t\t<\/div>\n\t\t<\/section>\n\t\t\t\t<section class=\"elementor-section elementor-top-section elementor-element elementor-element-9ad2f01 elementor-section-boxed elementor-section-height-default elementor-section-height-default\" data-id=\"9ad2f01\" data-element_type=\"section\" data-e-type=\"section\">\n\t\t\t\t\t\t<div class=\"elementor-container elementor-column-gap-default\">\n\t\t\t\t\t<div class=\"elementor-column elementor-col-100 elementor-top-column elementor-element elementor-element-5e143eb\" data-id=\"5e143eb\" data-element_type=\"column\" data-e-type=\"column\">\n\t\t\t<div class=\"elementor-widget-wrap elementor-element-populated\">\n\t\t\t\t\t\t<div class=\"elementor-element elementor-element-727b672 elementor-widget elementor-widget-menu-anchor\" data-id=\"727b672\" data-element_type=\"widget\" data-e-type=\"widget\" data-widget_type=\"menu-anchor.default\">\n\t\t\t\t<div class=\"elementor-widget-container\">\n\t\t\t\t\t\t\t<div class=\"elementor-menu-anchor\" id=\"results\"><\/div>\n\t\t\t\t\t\t<\/div>\n\t\t\t\t<\/div>\n\t\t\t\t<div class=\"elementor-element elementor-element-416c8db elementor-widget elementor-widget-heading\" data-id=\"416c8db\" data-element_type=\"widget\" data-e-type=\"widget\" data-widget_type=\"heading.default\">\n\t\t\t\t<div class=\"elementor-widget-container\">\n\t\t\t\t\t<h2 class=\"elementor-heading-title elementor-size-default\">I risultati di ProgettoRezultaty projektu<\/h2>\t\t\t\t<\/div>\n\t\t\t\t<\/div>\n\t\t\t\t\t<\/div>\n\t\t<\/div>\n\t\t\t\t\t<\/div>\n\t\t<\/section>\n\t\t\t\t<section class=\"elementor-section elementor-top-section elementor-element elementor-element-e13e78e elementor-section-boxed elementor-section-height-default elementor-section-height-default\" data-id=\"e13e78e\" data-element_type=\"section\" data-e-type=\"section\">\n\t\t\t\t\t\t<div class=\"elementor-container elementor-column-gap-default\">\n\t\t\t\t\t<div class=\"elementor-column elementor-col-50 elementor-top-column elementor-element elementor-element-0ef19f5\" data-id=\"0ef19f5\" data-element_type=\"column\" data-e-type=\"column\">\n\t\t\t<div class=\"elementor-widget-wrap elementor-element-populated\">\n\t\t\t\t\t\t<div class=\"elementor-element elementor-element-888f226 elementor-widget elementor-widget-image\" data-id=\"888f226\" data-element_type=\"widget\" data-e-type=\"widget\" data-widget_type=\"image.default\">\n\t\t\t\t<div class=\"elementor-widget-container\">\n\t\t\t\t\t\t\t\t\t\t\t\t\t\t\t\t<a href=\"https:\/\/mcre.erasmus.site\/the-mcre-e-book\/\">\n\t\t\t\t\t\t\t<img decoding=\"async\" width=\"300\" height=\"300\" src=\"https:\/\/mcre.erasmus.site\/wp-content\/uploads\/2022\/07\/open-pages-book-e-book-online-learning-graphic-concept-300x300.jpg\" class=\"attachment-medium size-medium wp-image-67\" alt=\"\" srcset=\"https:\/\/mcre.erasmus.site\/wp-content\/uploads\/2022\/07\/open-pages-book-e-book-online-learning-graphic-concept-300x300.jpg 300w, https:\/\/mcre.erasmus.site\/wp-content\/uploads\/2022\/07\/open-pages-book-e-book-online-learning-graphic-concept-150x150.jpg 150w, https:\/\/mcre.erasmus.site\/wp-content\/uploads\/2022\/07\/open-pages-book-e-book-online-learning-graphic-concept-768x768.jpg 768w, https:\/\/mcre.erasmus.site\/wp-content\/uploads\/2022\/07\/open-pages-book-e-book-online-learning-graphic-concept.jpg 1000w\" sizes=\"(max-width: 300px) 100vw, 300px\" \/>\t\t\t\t\t\t\t\t<\/a>\n\t\t\t\t\t\t\t\t\t\t\t\t\t\t\t<\/div>\n\t\t\t\t<\/div>\n\t\t\t\t<div class=\"elementor-element elementor-element-e24950a elementor-widget elementor-widget-heading\" data-id=\"e24950a\" data-element_type=\"widget\" data-e-type=\"widget\" data-widget_type=\"heading.default\">\n\t\t\t\t<div class=\"elementor-widget-container\">\n\t\t\t\t\t<h2 class=\"elementor-heading-title elementor-size-default\"><a href=\"https:\/\/mcre.erasmus.site\/the-mcre-e-book\/\">Risultato 1 e-book MCRE<\/a><\/h2>\t\t\t\t<\/div>\n\t\t\t\t<\/div>\n\t\t\t\t\t<\/div>\n\t\t<\/div>\n\t\t\t\t<div class=\"elementor-column elementor-col-50 elementor-top-column elementor-element elementor-element-bcc40dc\" data-id=\"bcc40dc\" data-element_type=\"column\" data-e-type=\"column\">\n\t\t\t<div class=\"elementor-widget-wrap elementor-element-populated\">\n\t\t\t\t\t\t<div class=\"elementor-element elementor-element-25ca46d elementor-widget elementor-widget-image\" data-id=\"25ca46d\" data-element_type=\"widget\" data-e-type=\"widget\" data-widget_type=\"image.default\">\n\t\t\t\t<div class=\"elementor-widget-container\">\n\t\t\t\t\t\t\t\t\t\t\t\t\t\t\t\t<a href=\"https:\/\/mcre.erasmus.site\/mcre-mobile-application\/\">\n\t\t\t\t\t\t\t<img decoding=\"async\" width=\"300\" height=\"300\" src=\"https:\/\/mcre.erasmus.site\/wp-content\/uploads\/2022\/07\/mcre-result.png\" class=\"attachment-large size-large wp-image-71\" alt=\"\" srcset=\"https:\/\/mcre.erasmus.site\/wp-content\/uploads\/2022\/07\/mcre-result.png 300w, https:\/\/mcre.erasmus.site\/wp-content\/uploads\/2022\/07\/mcre-result-150x150.png 150w\" sizes=\"(max-width: 300px) 100vw, 300px\" \/>\t\t\t\t\t\t\t\t<\/a>\n\t\t\t\t\t\t\t\t\t\t\t\t\t\t\t<\/div>\n\t\t\t\t<\/div>\n\t\t\t\t<div class=\"elementor-element elementor-element-9dedc29 elementor-widget elementor-widget-heading\" data-id=\"9dedc29\" data-element_type=\"widget\" data-e-type=\"widget\" data-widget_type=\"heading.default\">\n\t\t\t\t<div class=\"elementor-widget-container\">\n\t\t\t\t\t<h2 class=\"elementor-heading-title elementor-size-default\"><a href=\"https:\/\/mcre.erasmus.site\/mcre-mobile-application\/\">Risultato 2 applicazione mobile MCRE<\/a><\/h2>\t\t\t\t<\/div>\n\t\t\t\t<\/div>\n\t\t\t\t\t<\/div>\n\t\t<\/div>\n\t\t\t\t\t<\/div>\n\t\t<\/section>\n\t\t\t\t<\/div>\n\t\t","protected":false},"excerpt":{"rendered":"<p>MCRE \u2013 Media literacy, critical viewing and Creative vision as effective learning approach for people with fewer opportunities Numero progetto: 2021-1-RO01-KA220-ADU-000033435Durata: 01.01.2022 \u2013 31.12.2023 Il Progetto Il rapido sviluppo delle tecnologie dell&#8217;informazione e della comunicazione, unito ai cambiamenti socio-demografici, mette sotto pressione le persone over 50 e gli adulti poco qualificati o con scarse qualifiche&hellip;&nbsp;<a href=\"https:\/\/mcre.erasmus.site\/it\/\" rel=\"bookmark\">Leggi tutto &raquo;<span class=\"screen-reader-text\">Home<\/span><\/a><\/p>\n","protected":false},"author":1,"featured_media":0,"parent":0,"menu_order":0,"comment_status":"closed","ping_status":"open","template":"page-templates\/template-pagebuilder-full-width.php","meta":{"neve_meta_sidebar":"","neve_meta_container":"","neve_meta_enable_content_width":"off","neve_meta_content_width":100,"neve_meta_title_alignment":"","neve_meta_author_avatar":"","neve_post_elements_order":"","neve_meta_disable_header":"","neve_meta_disable_footer":"","neve_meta_disable_title":"","footnotes":""},"class_list":["post-2","page","type-page","status-publish","hentry"],"_links":{"self":[{"href":"https:\/\/mcre.erasmus.site\/it\/wp-json\/wp\/v2\/pages\/2","targetHints":{"allow":["GET"]}}],"collection":[{"href":"https:\/\/mcre.erasmus.site\/it\/wp-json\/wp\/v2\/pages"}],"about":[{"href":"https:\/\/mcre.erasmus.site\/it\/wp-json\/wp\/v2\/types\/page"}],"author":[{"embeddable":true,"href":"https:\/\/mcre.erasmus.site\/it\/wp-json\/wp\/v2\/users\/1"}],"replies":[{"embeddable":true,"href":"https:\/\/mcre.erasmus.site\/it\/wp-json\/wp\/v2\/comments?post=2"}],"version-history":[{"count":140,"href":"https:\/\/mcre.erasmus.site\/it\/wp-json\/wp\/v2\/pages\/2\/revisions"}],"predecessor-version":[{"id":300,"href":"https:\/\/mcre.erasmus.site\/it\/wp-json\/wp\/v2\/pages\/2\/revisions\/300"}],"wp:attachment":[{"href":"https:\/\/mcre.erasmus.site\/it\/wp-json\/wp\/v2\/media?parent=2"}],"curies":[{"name":"wp","href":"https:\/\/api.w.org\/{rel}","templated":true}]}}