{"id":78,"date":"2022-07-05T08:53:15","date_gmt":"2022-07-05T08:53:15","guid":{"rendered":"https:\/\/mcre.erasmus.site\/?page_id=78"},"modified":"2024-02-29T11:05:46","modified_gmt":"2024-02-29T11:05:46","slug":"the-mcre-e-book","status":"publish","type":"page","link":"https:\/\/mcre.erasmus.site\/it\/the-mcre-e-book\/","title":{"rendered":"L\u2019e-Book MCRE"},"content":{"rendered":"<p><\/p>\n<p style=\"text-align: center;\"><a class=\"btn\" href=\"https:\/\/mcre.erasmus.site\/country-reports\/\">Rapporti sui Paesi<\/a><\/p>\n<p style=\"text-align: center;\"><a class=\"btn\" target=\"_blank\" href=\"\/wp-content\/uploads\/2024\/02\/MCRE_Infographic_IT.pdf\" rel=\"noopener\">Inforgrafico<\/a><\/p>\n<p>&nbsp;<\/p>\n<p><img fetchpriority=\"high\" decoding=\"async\" class=\"size-medium wp-image-67 aligncenter\" src=\"https:\/\/mcre.erasmus.site\/wp-content\/uploads\/2022\/07\/open-pages-book-e-book-online-learning-graphic-concept-300x300.jpg\" alt=\"\" width=\"300\" height=\"300\" srcset=\"https:\/\/mcre.erasmus.site\/wp-content\/uploads\/2022\/07\/open-pages-book-e-book-online-learning-graphic-concept-300x300.jpg 300w, https:\/\/mcre.erasmus.site\/wp-content\/uploads\/2022\/07\/open-pages-book-e-book-online-learning-graphic-concept-150x150.jpg 150w, https:\/\/mcre.erasmus.site\/wp-content\/uploads\/2022\/07\/open-pages-book-e-book-online-learning-graphic-concept-768x768.jpg 768w, https:\/\/mcre.erasmus.site\/wp-content\/uploads\/2022\/07\/open-pages-book-e-book-online-learning-graphic-concept.jpg 1000w\" sizes=\"(max-width: 300px) 100vw, 300px\" \/><\/p>\n<p>L&#8217;e-book MCRE sar\u00e0 una raccolta di contenuti che rafforzer\u00e0 le necessarie capacit\u00e0 di pensiero critico della comunit\u00e0 europea (e in particolare del gruppo target di questo progetto), al fine di migliorare la loro capacit\u00e0 di elaborare informazioni provenienti da diversi media. La pandemia di Covid-19 ha messo in luce le difficolt\u00e0 di analisi delle informazioni ricevute dalle comunit\u00e0 europee. Questo manuale fornir\u00e0 informazioni e tecniche per migliorare la capacit\u00e0 di analizzare i contenuti ricevuti. Ci\u00f2 contribuir\u00e0 a creare una societ\u00e0 pi\u00f9 istruita e pi\u00f9 in grado di difendersi dalle fake news (soprattutto i gruppi svantaggiati). Il manuale MCRE sar\u00e0 anche un primo passo verso la lotta alla disinformazione e ai luoghi comuni a cui sono esposte le comunit\u00e0 europee. Il manuale MCRE sar\u00e0 disponibile come e-book interattivo sul sito web del progetto. Sar\u00e0 anche possibile scaricarlo in formato PDF e leggerlo come un documento standard.<br \/>\n<div class=\"_df_book df-lite\" id=\"df_rand2133725905\"  data-title=\"\" wpoptions=\"true\" thumbtype=\"\" source=\"\/wp-content\/uploads\/2023\/10\/MCRE_PR1_E-book_IT.pdf\" ><\/div><br \/>\n<\/p>\n<p style=\"text-align: center;\"><a class=\"btn btn-danger\" role=\"button\" href=\"https:\/\/mcre.erasmus.site\/wp-content\/uploads\/2023\/10\/MCRE_PR1_E-book_IT.pdf\" download>Scarica l&#8217;e-book MCRE<\/a><\/p>\n<p style=\"text-align: center;\"><a class=\"btn btn-danger\" role=\"button\" href=\"https:\/\/mcre.erasmus.site\/wp-content\/uploads\/2023\/12\/MCRE_MOD.1_Ita_final.pdf\" download>Scarica il capitolo 1<\/a><\/p>\n<p style=\"text-align: center;\"><a class=\"btn btn-danger\" role=\"button\" href=\"https:\/\/mcre.erasmus.site\/wp-content\/uploads\/2023\/12\/MCRE_MOD.2_Ita_final.pdf\" download>Scarica il capitolo 2<\/a><\/p>\n<p style=\"text-align: center;\"><a class=\"btn btn-danger\" role=\"button\" href=\"https:\/\/mcre.erasmus.site\/wp-content\/uploads\/2023\/12\/MCRE_MOD.3_Ita_final.pdf\" download>Scarica il capitolo 3<\/a><\/p>\n<p style=\"text-align: center;\"><a class=\"btn btn-danger\" role=\"button\" href=\"https:\/\/mcre.erasmus.site\/wp-content\/uploads\/2023\/12\/MCRE_MOD.4_Ita_final.pdf\" download>Scarica il capitolo 4<\/a><\/p>\n<p style=\"text-align: center;\"><a class=\"btn btn-danger\" role=\"button\" href=\"https:\/\/mcre.erasmus.site\/wp-content\/uploads\/2023\/12\/MCRE_MOD.5_Ita_final.pdf\" download>Scarica il capitolo 5<\/a><\/p>\n<p style=\"text-align: center;\"><a class=\"btn btn-danger\" role=\"button\" href=\"https:\/\/mcre.erasmus.site\/wp-content\/uploads\/2023\/12\/MCRE_MOD.6_Ita_final.pdf\" download>Scarica il capitolo 6<\/a><\/p>\n<p style=\"text-align: center;\"><a class=\"btn btn-danger\" role=\"button\" href=\"https:\/\/mcre.erasmus.site\/wp-content\/uploads\/2023\/12\/MCRE_MOD.7_Ita_final.pdf\" download>Scarica il capitolo 7<\/a><\/p>\n<p><\/p>","protected":false},"excerpt":{"rendered":"<p>Rapporti sui Paesi Inforgrafico &nbsp; L&#8217;e-book MCRE sar\u00e0 una raccolta di contenuti che rafforzer\u00e0 le necessarie capacit\u00e0 di pensiero critico della comunit\u00e0 europea (e in particolare del gruppo target di questo progetto), al fine di migliorare la loro capacit\u00e0 di elaborare informazioni provenienti da diversi media. La pandemia di Covid-19 ha messo in luce le&hellip;&nbsp;<a href=\"https:\/\/mcre.erasmus.site\/it\/the-mcre-e-book\/\" rel=\"bookmark\">Leggi tutto &raquo;<span class=\"screen-reader-text\">L\u2019e-Book MCRE<\/span><\/a><\/p>\n","protected":false},"author":1,"featured_media":0,"parent":0,"menu_order":0,"comment_status":"closed","ping_status":"closed","template":"","meta":{"neve_meta_sidebar":"","neve_meta_container":"","neve_meta_enable_content_width":"off","neve_meta_content_width":100,"neve_meta_title_alignment":"","neve_meta_author_avatar":"","neve_post_elements_order":"","neve_meta_disable_header":"","neve_meta_disable_footer":"","neve_meta_disable_title":"","footnotes":""},"class_list":["post-78","page","type-page","status-publish","hentry"],"_links":{"self":[{"href":"https:\/\/mcre.erasmus.site\/it\/wp-json\/wp\/v2\/pages\/78","targetHints":{"allow":["GET"]}}],"collection":[{"href":"https:\/\/mcre.erasmus.site\/it\/wp-json\/wp\/v2\/pages"}],"about":[{"href":"https:\/\/mcre.erasmus.site\/it\/wp-json\/wp\/v2\/types\/page"}],"author":[{"embeddable":true,"href":"https:\/\/mcre.erasmus.site\/it\/wp-json\/wp\/v2\/users\/1"}],"replies":[{"embeddable":true,"href":"https:\/\/mcre.erasmus.site\/it\/wp-json\/wp\/v2\/comments?post=78"}],"version-history":[{"count":35,"href":"https:\/\/mcre.erasmus.site\/it\/wp-json\/wp\/v2\/pages\/78\/revisions"}],"predecessor-version":[{"id":471,"href":"https:\/\/mcre.erasmus.site\/it\/wp-json\/wp\/v2\/pages\/78\/revisions\/471"}],"wp:attachment":[{"href":"https:\/\/mcre.erasmus.site\/it\/wp-json\/wp\/v2\/media?parent=78"}],"curies":[{"name":"wp","href":"https:\/\/api.w.org\/{rel}","templated":true}]}}