{"id":83,"date":"2022-07-05T08:54:24","date_gmt":"2022-07-05T08:54:24","guid":{"rendered":"https:\/\/mcre.erasmus.site\/?page_id=83"},"modified":"2024-02-28T09:51:54","modified_gmt":"2024-02-28T09:51:54","slug":"mcre-mobile-application","status":"publish","type":"page","link":"https:\/\/mcre.erasmus.site\/it\/mcre-mobile-application\/","title":{"rendered":"L\u2019applicazione mobile MCRE"},"content":{"rendered":"<p><img fetchpriority=\"high\" decoding=\"async\" class=\"size-full wp-image-71 aligncenter\" src=\"https:\/\/mcre.erasmus.site\/wp-content\/uploads\/2022\/07\/mcre-result.png\" alt=\"\" width=\"300\" height=\"300\" srcset=\"https:\/\/mcre.erasmus.site\/wp-content\/uploads\/2022\/07\/mcre-result.png 300w, https:\/\/mcre.erasmus.site\/wp-content\/uploads\/2022\/07\/mcre-result-150x150.png 150w\" sizes=\"(max-width: 300px) 100vw, 300px\" \/><\/p>\n<p>Si compone di diversi elementi per supportare il gruppo target nella verifica delle informazioni acquisite dai media e nella formazione del pensiero critico. L&#8217;applicazione sar\u00e0 disponibile gratuitamente su iOS e Android e sar\u00e0 adattata per essere facilmente utilizzabile da adulti con scarse competenze mediatiche. L&#8217;applicazione mobile includer\u00e0:<br \/>\nACTION CARD che saranno preparate per il gruppo target come un rapido strumento di conoscenza. Le action card forniranno una serie di istruzioni su come aumentare il loro livello di pensiero critico, quali passi compiere per assicurarsi che le informazioni ricevute dai media siano corrette. Consentiranno al gruppo target del progetto di verificare costantemente le informazioni ricevute attraverso una serie di passaggi che li aiuteranno ad analizzare la veridicit\u00e0 delle informazioni ricevute. Poich\u00e9 l&#8217;applicazione mobile non richiede connessioni a Internet, pu\u00f2 essere utilizzata ovunque.<br \/>\nQUIZ: che metteranno alla prova le conoscenze acquisite nell&#8217;ambito del primo e del secondo risultato. I quiz saranno una combinazione di educazione e divertimento. Consisteranno in domande con risposte multiple, che costituiranno una difficolt\u00e0 aggiuntiva, ma che metteranno anche alla prova le conoscenze acquisite.<\/p>\n<p><a href=\"https:\/\/play.google.com\/store\/apps\/details?id=eu.dcnet.mcre\"><img decoding=\"async\" class=\"aligncenter wp-image-413\" src=\"https:\/\/mcre.erasmus.site\/wp-content\/uploads\/2024\/02\/googleplay-150x46.png\" alt=\"\" width=\"140\" height=\"42\" srcset=\"https:\/\/mcre.erasmus.site\/wp-content\/uploads\/2024\/02\/googleplay-150x46.png 150w, https:\/\/mcre.erasmus.site\/wp-content\/uploads\/2024\/02\/googleplay-24x7.png 24w, https:\/\/mcre.erasmus.site\/wp-content\/uploads\/2024\/02\/googleplay-36x11.png 36w, https:\/\/mcre.erasmus.site\/wp-content\/uploads\/2024\/02\/googleplay-48x14.png 48w, https:\/\/mcre.erasmus.site\/wp-content\/uploads\/2024\/02\/googleplay.png 153w\" sizes=\"(max-width: 140px) 100vw, 140px\" \/><\/a><br \/>\n<a href=\"https:\/\/apps.apple.com\/app\/mcre-mobile-app\/id6471702436\"><img decoding=\"async\" class=\"aligncenter wp-image-414\" src=\"https:\/\/mcre.erasmus.site\/wp-content\/uploads\/2024\/02\/appstore.png\" alt=\"\" width=\"140\" height=\"47\" srcset=\"https:\/\/mcre.erasmus.site\/wp-content\/uploads\/2024\/02\/appstore.png 136w, https:\/\/mcre.erasmus.site\/wp-content\/uploads\/2024\/02\/appstore-24x8.png 24w, https:\/\/mcre.erasmus.site\/wp-content\/uploads\/2024\/02\/appstore-36x12.png 36w, https:\/\/mcre.erasmus.site\/wp-content\/uploads\/2024\/02\/appstore-48x16.png 48w\" sizes=\"(max-width: 140px) 100vw, 140px\" \/><\/a><\/p>","protected":false},"excerpt":{"rendered":"<p>Si compone di diversi elementi per supportare il gruppo target nella verifica delle informazioni acquisite dai media e nella formazione del pensiero critico. L&#8217;applicazione sar\u00e0 disponibile gratuitamente su iOS e Android e sar\u00e0 adattata per essere facilmente utilizzabile da adulti con scarse competenze mediatiche. L&#8217;applicazione mobile includer\u00e0: ACTION CARD che saranno preparate per il gruppo&hellip;&nbsp;<a href=\"https:\/\/mcre.erasmus.site\/it\/mcre-mobile-application\/\" rel=\"bookmark\">Leggi tutto &raquo;<span class=\"screen-reader-text\">L\u2019applicazione mobile MCRE<\/span><\/a><\/p>\n","protected":false},"author":1,"featured_media":0,"parent":0,"menu_order":0,"comment_status":"closed","ping_status":"closed","template":"","meta":{"neve_meta_sidebar":"","neve_meta_container":"","neve_meta_enable_content_width":"off","neve_meta_content_width":100,"neve_meta_title_alignment":"","neve_meta_author_avatar":"","neve_post_elements_order":"","neve_meta_disable_header":"","neve_meta_disable_footer":"","neve_meta_disable_title":"","footnotes":""},"class_list":["post-83","page","type-page","status-publish","hentry"],"_links":{"self":[{"href":"https:\/\/mcre.erasmus.site\/it\/wp-json\/wp\/v2\/pages\/83","targetHints":{"allow":["GET"]}}],"collection":[{"href":"https:\/\/mcre.erasmus.site\/it\/wp-json\/wp\/v2\/pages"}],"about":[{"href":"https:\/\/mcre.erasmus.site\/it\/wp-json\/wp\/v2\/types\/page"}],"author":[{"embeddable":true,"href":"https:\/\/mcre.erasmus.site\/it\/wp-json\/wp\/v2\/users\/1"}],"replies":[{"embeddable":true,"href":"https:\/\/mcre.erasmus.site\/it\/wp-json\/wp\/v2\/comments?post=83"}],"version-history":[{"count":10,"href":"https:\/\/mcre.erasmus.site\/it\/wp-json\/wp\/v2\/pages\/83\/revisions"}],"predecessor-version":[{"id":416,"href":"https:\/\/mcre.erasmus.site\/it\/wp-json\/wp\/v2\/pages\/83\/revisions\/416"}],"wp:attachment":[{"href":"https:\/\/mcre.erasmus.site\/it\/wp-json\/wp\/v2\/media?parent=83"}],"curies":[{"name":"wp","href":"https:\/\/api.w.org\/{rel}","templated":true}]}}