{"id":111,"date":"2022-07-05T09:02:21","date_gmt":"2022-07-05T09:02:21","guid":{"rendered":"https:\/\/mcre.erasmus.site\/?page_id=111"},"modified":"2022-11-24T14:29:34","modified_gmt":"2022-11-24T14:29:34","slug":"partnership","status":"publish","type":"page","link":"https:\/\/mcre.erasmus.site\/pl\/partnership\/","title":{"rendered":"Partnerstwo"},"content":{"rendered":"<p><\/p>\n<h3><img fetchpriority=\"high\" decoding=\"async\" class=\"size-full wp-image-118 aligncenter\" src=\"https:\/\/mcre.erasmus.site\/wp-content\/uploads\/2022\/07\/ades.png\" alt=\"\" width=\"300\" height=\"300\" srcset=\"https:\/\/mcre.erasmus.site\/wp-content\/uploads\/2022\/07\/ades.png 300w, https:\/\/mcre.erasmus.site\/wp-content\/uploads\/2022\/07\/ades-150x150.png 150w\" sizes=\"(max-width: 300px) 100vw, 300px\" \/><\/h3>\n<h3 style=\"text-align: center;\"><strong>ADES \u2013 (Association for Economic and Social Development) Curtea de Arges, Rumunia \u2013 Koordynator projektu<\/strong><\/h3>\n<p>ADES jest organizacj\u0105 non-profit, kt\u00f3ra uzyska\u0142a status organizacji pozarz\u0105dowej (NGO) w czerwcu 1995 roku. Misj\u0105 ADES jest tworzenie pozytywnych zmian spo\u0142ecznych i ekonomicznych w spo\u0142eczno\u015bciach w ca\u0142ej Rumunii w spos\u00f3b profesjonalny, etyczny i odpowiedzialny.<\/p>\n<p>Celem zespo\u0142u ADES jest rozw\u00f3j umiej\u0119tno\u015bci osobistych i zawodowych, wspieranie rozwoju i ekspansji M\u015aP, poprawa warunk\u00f3w spo\u0142ecznych i ekonomicznych w spo\u0142eczno\u015bciach lokalnych.<\/p>\n<p>Od 1995 roku ADES z powodzeniem opracowa\u0142 i wdro\u017cy\u0142 ponad 50 projekt\u00f3w finansowanych przez Uni\u0119 Europejsk\u0105, Bank \u015awiatowy, Ambasad\u0119 USA, Europejski Program Rozwoju Biznesu, Fundacj\u0119 na rzecz Otwartego Spo\u0142ecze\u0144stwa, Charity Know How Fund itp. ADES \u015bci\u015ble wsp\u00f3\u0142pracowa\u0142 ze spo\u0142eczno\u015bciami, \u017ar\u00f3d\u0142ami finansowania i partnerami wykonawczymi (lokalnymi w\u0142adzami publicznymi, firmami, organizacjami pozarz\u0105dowymi i szko\u0142ami) w celu realizacji projekt\u00f3w rozwoju spo\u0142eczno-gospodarczego.<\/p>\n<p>Wi\u0119cej informacji o ADES mo\u017cna znale\u017a\u0107 na stronie\u00a0<a href=\"https:\/\/www.facebook.com\/ADESCDA\/\" target=\"_blank\" rel=\"noopener\">www.facebook.com\/ADESCDA\/<\/a><\/p>\n<hr \/>\n<h3><img decoding=\"async\" class=\"wp-image-120 size-full aligncenter\" src=\"https:\/\/mcre.erasmus.site\/wp-content\/uploads\/2022\/07\/cwep.png\" alt=\"\" width=\"300\" height=\"300\" srcset=\"https:\/\/mcre.erasmus.site\/wp-content\/uploads\/2022\/07\/cwep.png 300w, https:\/\/mcre.erasmus.site\/wp-content\/uploads\/2022\/07\/cwep-150x150.png 150w\" sizes=\"(max-width: 300px) 100vw, 300px\" \/><\/h3>\n<h3 style=\"text-align: center;\"><strong>Centrum Wspierania Edukacji i Przedsi\u0119biorczo\u015bci (CWEP) \u2013 Polska<\/strong><\/h3>\n<p>Centrum Wspierania Edukacji i Przedsi\u0119biorczo\u015bci (CWEP) jest organizacj\u0105 pozarz\u0105dow\u0105 za\u0142o\u017con\u0105 w 2004 roku przez grup\u0119 przedsi\u0119biorc\u00f3w, nauczycieli i dzia\u0142aczy spo\u0142ecznych z Rzeszowa. CWEP wsp\u00f3\u0142pracuje z przedsi\u0119biorstwami i instytucjami edukacyjnymi. Misj\u0105 CWEP jest podnoszenie jako\u015bci kszta\u0142cenia na wszystkich poziomach i we wszystkich formach, a tak\u017ce promowanie przedsi\u0119biorczo\u015bci w celu wspierania integracji ka\u017cdej grupy spo\u0142ecznej, niezale\u017cnie od jej p\u0142ci, wieku czy pochodzenia etnicznego. W szczeg\u00f3lno\u015bci celem jest poprawa dost\u0119pno\u015bci, jako\u015bci i efektywno\u015bci edukacji wszystkich ludzi, promowanie i przyczynianie si\u0119 do edukacji doros\u0142ych, uczenia si\u0119 przez ca\u0142e \u017cycie, e-learningu i wykorzystania nowych technologii w edukacji i przedsi\u0119biorczo\u015bci. Stowarzyszenie wsp\u00f3\u0142pracuje z wieloma partnerami z Europy w celu wzmocnienia pozycji gospodarczej przedsi\u0119biorstw oraz udost\u0119pnia platformy internetowe dla firm.<\/p>\n<p>Strona internetowa: <a href=\"http:\/\/www.cwep.eu\/\">www.cwep.eu<\/a><\/p>\n<hr \/>\n<h3><img decoding=\"async\" class=\"wp-image-119 size-full aligncenter\" src=\"https:\/\/mcre.erasmus.site\/wp-content\/uploads\/2022\/07\/lovila.png\" alt=\"\" width=\"300\" height=\"300\" srcset=\"https:\/\/mcre.erasmus.site\/wp-content\/uploads\/2022\/07\/lovila.png 300w, https:\/\/mcre.erasmus.site\/wp-content\/uploads\/2022\/07\/lovila-150x150.png 150w\" sizes=\"(max-width: 300px) 100vw, 300px\" \/><\/h3>\n<h3 style=\"text-align: center;\"><strong>Lovila Limited \u2013 Cypr<\/strong><\/h3>\n<p>Lovila to cypryjska instytucja doradcza i szkoleniowa za\u0142o\u017cona w celu wspierania rozwoju zawodowego i osobistego os\u00f3b, firm i nowo za\u0142o\u017conych przedsi\u0119biorstw, koncentruj\u0105ca si\u0119 na promowaniu uczenia si\u0119 przez ca\u0142e \u017cycie, digitalizacji i innowacji na r\u00f3\u017cnych poziomach i kontekstach edukacji. Lovila oferuje us\u0142ugi dla firm i przedsi\u0119biorc\u00f3w w potrzebie innowacji, szkole\u0144 i transformacji cyfrowej, kt\u00f3ra odgrywa krytyczn\u0105 rol\u0119 w zdolno\u015bci organizacji do ewolucji wraz z rynkiem. Z drugiej strony Lovila zapewnia wsparcie szkoleniowe na wysokim poziomie dla m\u0142odzie\u017cy i doros\u0142ych potrzebuj\u0105cych integracji zawodowej, rozwoju podstawowych umiej\u0119tno\u015bci i kwalifikacji, umiej\u0119tno\u015bci cyfrowych i przedsi\u0119biorczych, zr\u00f3wnowa\u017conego sposobu my\u015blenia i stylu \u017cycia, integracji i reintegracji na rynku pracy, motywacji, doradztwa zawodowego i poradnictwa.<\/p>\n<p>Lovila wierzy w du\u017ce znaczenie zr\u00f3wnowa\u017cenia \u015brodowiskowego i zdolno\u015bci do ustabilizowania obecnej destrukcyjnej relacji pomi\u0119dzy kultur\u0105 ludzk\u0105 i biznesow\u0105 a \u015bwiatem \u017cywym. W ten spos\u00f3b, us\u0142ugi firmy s\u0105 zawsze ukierunkowane na zr\u00f3wnowa\u017cone praktyki pracy i zr\u00f3wnowa\u017con\u0105 przysz\u0142o\u015b\u0107 poprzez edukacj\u0119.<\/p>\n<p>Strona internetowa: <a href=\"http:\/\/www.lovila.eu\/\" target=\"_blank\" rel=\"noopener\">www.lovila.eu<\/a><\/p>\n<p>Kontakt: <a href=\"mailto:info@lovila.eu\">info@lovila.eu<\/a><\/p>\n<hr \/>\n<h3><img loading=\"lazy\" decoding=\"async\" class=\"wp-image-122 size-full aligncenter\" src=\"https:\/\/mcre.erasmus.site\/wp-content\/uploads\/2022\/07\/meus.png\" alt=\"\" width=\"300\" height=\"300\" srcset=\"https:\/\/mcre.erasmus.site\/wp-content\/uploads\/2022\/07\/meus.png 300w, https:\/\/mcre.erasmus.site\/wp-content\/uploads\/2022\/07\/meus-150x150.png 150w\" sizes=\"(max-width: 300px) 100vw, 300px\" \/><\/h3>\n<h3 style=\"text-align: center;\"><strong>MEUS \u2013 Hiszpania<\/strong><\/h3>\n<p>MEUS jest prywatn\u0105 organizacj\u0105 z siedzib\u0105 w Walencji, w Hiszpanii, kt\u00f3rej celem jest poprawa zdolno\u015bci ludzi w ich \u015brodowisku, zar\u00f3wno na poziomie zawodowym, jak i prywatnym. W ten spos\u00f3b skupia si\u0119 na rozwoju umiej\u0119tno\u015bci jednostek na ka\u017cdym etapie ich \u017cycia, od szko\u0142y do edukacji doros\u0142ych, a tak\u017ce na ci\u0105g\u0142ym szkoleniu podczas \u017cycia zawodowego.<\/p>\n<p>Zgodnie z europejsk\u0105 strategi\u0105 zwi\u0105zan\u0105 z edukacj\u0105, MEUS pracuje nad rozwojem nowych materia\u0142\u00f3w szkoleniowych i metodologii dostosowanych do r\u00f3\u017cnych potrzeb docelowych i rynkowych, co poprawia integracj\u0119 na rynku pracy, ci\u0105g\u0142e szkolenie i popraw\u0119 pracy. W szczeg\u00f3lno\u015bci pracuje nad wszystkimi niezb\u0119dnymi umiej\u0119tno\u015bciami mi\u0119kkimi (komunikacja, praca w zespole, rozwi\u0105zywanie problem\u00f3w itp.), kt\u00f3rych potrzebuj\u0105 pracownicy we wszystkich dziedzinach (sztuczna inteligencja, IT, us\u0142ugi, handel, handel detaliczny, zdrowie itp.) Zach\u0119ca r\u00f3wnie\u017c do rozwijania nowych projekt\u00f3w biznesowych, oferuj\u0105c ocen\u0119 i szkolenia dla przedsi\u0119biorc\u00f3w, wspieraj\u0105c ich w byciu kreatywnymi, innowacyjnymi i odnosz\u0105cymi sukcesy w swoich inicjatywach.<\/p>\n<p>MEUS bada i promuje zr\u00f3wnowa\u017cone modele biznesowe, d\u0105\u017c\u0105c do wdro\u017cenia najlepszych praktyk CSR. MEUS silnie wspiera nowe i rozwijaj\u0105ce si\u0119 sektory gospodarki i jest uwa\u017cny na zmiany spo\u0142eczne, dlatego te\u017c jeste\u015bmy szczeg\u00f3lnie zaanga\u017cowani w kwestie takie jak zielona gospodarka (i zielone umiej\u0119tno\u015bci), pomara\u0144czowa gospodarka (kultura), ICT, dostosowanie do starzej\u0105cego si\u0119 spo\u0142ecze\u0144stwa i nowych cech demograficznych generuj\u0105cych wy\u017cszy popyt na us\u0142ugi osobiste, itp.<\/p>\n<p>Strona internetowa: <a href=\"http:\/\/www.meuskills.eu\/\">www.meuskills.eu<\/a><\/p>\n<hr \/>\n<h3><img loading=\"lazy\" decoding=\"async\" class=\"wp-image-125 size-full aligncenter\" src=\"https:\/\/mcre.erasmus.site\/wp-content\/uploads\/2022\/07\/tucep.png\" alt=\"\" width=\"300\" height=\"300\" srcset=\"https:\/\/mcre.erasmus.site\/wp-content\/uploads\/2022\/07\/tucep.png 300w, https:\/\/mcre.erasmus.site\/wp-content\/uploads\/2022\/07\/tucep-150x150.png 150w\" sizes=\"(max-width: 300px) 100vw, 300px\" \/><\/h3>\n<h3 style=\"text-align: center;\"><strong>TUCEP<\/strong><\/h3>\n<p>TUCEP jest stowarzyszeniem no profit zrzeszaj\u0105cym Uniwersytety, Przedsi\u0119biorstwa i Instytucje Publiczne, kt\u00f3re powsta\u0142o w 1992 roku.<\/p>\n<p>Misj\u0105 TUCEP jest wspieranie i rozwijanie wsp\u00f3\u0142pracy pomi\u0119dzy Uniwersytetami a \u015bwiatem pracy poprzez realizacj\u0119 projekt\u00f3w szkoleniowych, badawczych i konsultacyjnych maj\u0105cych na celu promowanie innowacji i jako\u015bci w edukacji zawodowej oraz w procesach rozwoju spo\u0142eczno-gospodarczego na poziomie regionalnym, krajowym i europejskim.<\/p>\n<p>Ze wzgl\u0119du na ten og\u00f3lny cel, TUCEP zobowi\u0105zuje si\u0119 do:<\/p>\n<ul>\n<li>analizowania potrzeb szkoleniowych i zawodowych przedsi\u0119biorstw;<\/li>\n<li>promowania i ulepszania know-how podmiot\u00f3w publicznych, przedsi\u0119biorstw i innych podmiot\u00f3w gospodarczych poprzez planowanie i realizacj\u0119 konkretnych \u015bcie\u017cek szkoleniowych skierowanych do przedsi\u0119biorc\u00f3w, mened\u017cer\u00f3w i technik\u00f3w;<\/li>\n<li>sprzyjanie nabywaniu i aktualizowaniu kompetencji kluczowych i zawodowych przez m\u0142odzie\u017c i doros\u0142ych, aby umo\u017cliwi\u0107 im dost\u0119p lub zmian\u0119 pozycji na rynku pracy;<\/li>\n<li>realizacji dzia\u0142a\u0144 studyjnych w celu rozpowszechniania informacji, zw\u0142aszcza w dziedzinie przedsi\u0119biorczo\u015bci<\/li>\n<li>produkcji i zarz\u0105dzania oraz rozwoju zaawansowanych technologii;<\/li>\n<li>aktywowania programu mobilno\u015bci transnarodowej pomi\u0119dzy uniwersytetami i przedsi\u0119biorstwami;<\/li>\n<li>prowadzenia projekt\u00f3w pilota\u017cowych na poziomie europejskim, krajowym i regionalnym, maj\u0105cych na celu eksperymentowanie z innowacyjnymi podej\u015bciami i dobrymi praktykami w dziedzinie edukacji, bada\u0144, rozwoju przedsi\u0119biorczo\u015bci i sp\u00f3jno\u015bci spo\u0142ecznej.<\/li>\n<\/ul>\n<p>TUCEP kredytowany przez Region Umbria dla realizacji wy\u017cszego, ci\u0105g\u0142ego i sta\u0142ego szkolenia i jest certyfikowany zgodnie z normami UNI EN ISO 9001:2015.<\/p>\n<p>Strona internetowa: <a href=\"http:\/\/www.tucep.org\/\">www.tucep.org<\/a><\/p>\n<hr \/>\n<h3><img loading=\"lazy\" decoding=\"async\" class=\"wp-image-124 size-full aligncenter\" src=\"https:\/\/mcre.erasmus.site\/wp-content\/uploads\/2022\/07\/labc.png\" alt=\"\" width=\"300\" height=\"300\" srcset=\"https:\/\/mcre.erasmus.site\/wp-content\/uploads\/2022\/07\/labc.png 300w, https:\/\/mcre.erasmus.site\/wp-content\/uploads\/2022\/07\/labc-150x150.png 150w\" sizes=\"(max-width: 300px) 100vw, 300px\" \/><\/h3>\n<h3 style=\"text-align: center;\"><strong>LABC \u2013 W\u0142ochy<\/strong><\/h3>\n<p>LABC jest firm\u0105 z siedzib\u0105 w Turynie (IT). LABC ma na celu dzielenie si\u0119 i budowanie do\u015bwiadcze\u0144 profesjonalist\u00f3w w dziedzinie indywidualnego i wsp\u00f3lnotowego wellness, pracy grupowej, edukacji i szkole\u0144, reintegracji na rynku pracy i zarz\u0105dzania projektami.<\/p>\n<p>LABC jest paneuropejsk\u0105 spo\u0142eczno\u015bci\u0105 ucz\u0105c\u0105 si\u0119, przyjmuj\u0105c\u0105 i dziel\u0105c\u0105 zasady:<\/p>\n<ul>\n<li>collaborative learning: wymieniamy, ulepszamy i dzielimy si\u0119 do\u015bwiadczeniami, zasobami i umiej\u0119tno\u015bciami, w celu optymalizacji wsp\u00f3\u0142pracy mi\u0119dzynarodowej i intermodalnej, rozwoju i transferu metodologii i praxis<\/li>\n<li>generatywno\u015b\u0107: ustanawiamy, wspieramy i prowadzimy zdolno\u015b\u0107 do tworzenia, generowania i produkcji nowych narz\u0119dzi, modeli i praktyk psychologicznych, spo\u0142ecznych i edukacyjnych, w celu ich swobodnego rozpowszechniania w ca\u0142ej spo\u0142eczno\u015bci.<\/li>\n<\/ul>\n<p>LABC jest firm\u0105 aktywn\u0105 i do\u015bwiadczon\u0105 w:<\/p>\n<ul>\n<li>pracy opieku\u0144czej, dobrostanu indywidualnego i wsp\u00f3lnotowego poprzez szeroki zakres dzia\u0142a\u0144, w tym sesji pracy grupowej, superwizji, szkole\u0144, konsultacji w zakresie zarz\u0105dzania, organizacji wydarze\u0144 publicznych, wyk\u0142ad\u00f3w i seminari\u00f3w<\/li>\n<li>edukacji i badaniach, poprzez projektowanie metodologii uczenia si\u0119 oraz wdra\u017canie materia\u0142\u00f3w i narz\u0119dzi szkoleniowych dedykowanych poprawie \u015bwiadomo\u015bci uczestnik\u00f3w i odbiorc\u00f3w na tematy szczeg\u00f3lnie interesuj\u0105ce w dziedzinach psychologicznych, edukacyjnych, spo\u0142ecznych i \u015brodowiskowych.<\/li>\n<\/ul>\n<p>Strona internetowa: <a href=\"https:\/\/labcentro.it\/\">https:\/\/labcentro.it\/<\/a><\/p>\n<hr \/>\n<h3><img loading=\"lazy\" decoding=\"async\" class=\"wp-image-127 size-full aligncenter\" src=\"https:\/\/mcre.erasmus.site\/wp-content\/uploads\/2022\/07\/ed.png\" alt=\"\" width=\"300\" height=\"300\" srcset=\"https:\/\/mcre.erasmus.site\/wp-content\/uploads\/2022\/07\/ed.png 300w, https:\/\/mcre.erasmus.site\/wp-content\/uploads\/2022\/07\/ed-150x150.png 150w\" sizes=\"(max-width: 300px) 100vw, 300px\" \/><\/h3>\n<h3 style=\"text-align: center;\"><strong>E&amp;D Knowledge Consulting \u2013 Portugalia<\/strong><\/h3>\n<p>E&amp;D Knowledge Consulting jest firm\u0105 konsultingow\u0105 specjalizuj\u0105c\u0105 si\u0119 w obszarach zarz\u0105dzania innowacjami i wiedz\u0105 oraz budowania potencja\u0142u dla przedsi\u0119biorczo\u015bci i innowacji. G\u0142\u00f3wne linie konsultingu E&amp;D obejmuj\u0105 strategie, mentoring i szkolenia dla:<\/p>\n<ul>\n<li>Rozwijania strategii i proces\u00f3w innowacyjnych w organizacjach,<\/li>\n<li>Ustanowienia kultury dla kreatywno\u015bci i innowacji,<\/li>\n<li>Rozwoju umiej\u0119tno\u015bci wymaganych dla innowacji i kreatywno\u015bci (techniki ideacji, krytyczne my\u015blenie, zachowania oparte na wsp\u00f3\u0142pracy, innowacyjne nastawienie itp.,)<\/li>\n<li>Modele biznesowe dla innowacji i innowacyjno\u015b\u0107 modeli biznesowych,<\/li>\n<li>Wsp\u00f3\u0142tworzenie innowacji i wiedzy (mechanizmy, narz\u0119dzia i strategie dla innowacji opartych na wsp\u00f3\u0142pracy i transferu wiedzy),<\/li>\n<li>Ocena i monitorowanie zdolno\u015bci do innowacji i potrzeby ulepsze\u0144.<\/li>\n<li>E&amp;D Knowledge Consulting dostarcza dostosowane do potrzeb ka\u017cdego klienta rozwi\u0105zania z zakresu innowacji i przedsi\u0119biorczo\u015bci, kt\u00f3re pozwalaj\u0105 organizacjom:<\/li>\n<li>Zmaksymalizowa\u0107 wydajno\u015b\u0107,<\/li>\n<li>Zwi\u0119kszenie zdolno\u015bci innowacyjnych,<\/li>\n<li>Zdiagnozowa\u0107 swoj\u0105 obecn\u0105 pozycj\u0119 na rynku i potencja\u0142 wzrostu,<\/li>\n<li>rozwin\u0105\u0107 swoj\u0105 baz\u0119 wiedzy,<\/li>\n<li>Zwi\u0119kszy\u0107 konkurencyjno\u015b\u0107 oraz,<\/li>\n<li>Okre\u015blenie strategii zr\u00f3wnowa\u017conego rozwoju dla firm i innych organizacji.<\/li>\n<\/ul>\n<p>W ten spos\u00f3b E&amp;D Knowledge Consulting ma na celu nap\u0119dzanie rozwoju spo\u0142ecznego i gospodarczego poprzez piel\u0119gnowanie bardziej innowacyjnych, wykwalifikowanych i zaanga\u017cowanych obywateli, pracownik\u00f3w i lider\u00f3w oraz wspieranie tworzenia i rozwoju lider\u00f3w innowacji i rynku. Nasze dzia\u0142ania obejmuj\u0105 zintegrowane warsztaty, mentoring i coaching, doradztwo i projekty.<\/p>\n<p>Strona internetowa: <a href=\"http:\/\/edknowledgeconsulting.com\/\">http:\/\/edknowledgeconsulting.com\/<\/a><\/p>","protected":false},"excerpt":{"rendered":"<p>ADES \u2013 (Association for Economic and Social Development) Curtea de Arges, Rumunia \u2013 Koordynator projektu ADES jest organizacj\u0105 non-profit, kt\u00f3ra uzyska\u0142a status organizacji pozarz\u0105dowej (NGO) w czerwcu 1995 roku. Misj\u0105 ADES jest tworzenie pozytywnych zmian spo\u0142ecznych i ekonomicznych w spo\u0142eczno\u015bciach w ca\u0142ej Rumunii w spos\u00f3b profesjonalny, etyczny i odpowiedzialny. Celem zespo\u0142u ADES jest rozw\u00f3j umiej\u0119tno\u015bci&hellip;&nbsp;<a href=\"https:\/\/mcre.erasmus.site\/pl\/partnership\/\" rel=\"bookmark\">Dowiedz si\u0119 wi\u0119cej &raquo;<span class=\"screen-reader-text\">Partnerstwo<\/span><\/a><\/p>\n","protected":false},"author":1,"featured_media":0,"parent":0,"menu_order":0,"comment_status":"closed","ping_status":"closed","template":"","meta":{"neve_meta_sidebar":"","neve_meta_container":"","neve_meta_enable_content_width":"off","neve_meta_content_width":100,"neve_meta_title_alignment":"","neve_meta_author_avatar":"","neve_post_elements_order":"","neve_meta_disable_header":"","neve_meta_disable_footer":"","neve_meta_disable_title":"","footnotes":""},"class_list":["post-111","page","type-page","status-publish","hentry"],"_links":{"self":[{"href":"https:\/\/mcre.erasmus.site\/pl\/wp-json\/wp\/v2\/pages\/111","targetHints":{"allow":["GET"]}}],"collection":[{"href":"https:\/\/mcre.erasmus.site\/pl\/wp-json\/wp\/v2\/pages"}],"about":[{"href":"https:\/\/mcre.erasmus.site\/pl\/wp-json\/wp\/v2\/types\/page"}],"author":[{"embeddable":true,"href":"https:\/\/mcre.erasmus.site\/pl\/wp-json\/wp\/v2\/users\/1"}],"replies":[{"embeddable":true,"href":"https:\/\/mcre.erasmus.site\/pl\/wp-json\/wp\/v2\/comments?post=111"}],"version-history":[{"count":13,"href":"https:\/\/mcre.erasmus.site\/pl\/wp-json\/wp\/v2\/pages\/111\/revisions"}],"predecessor-version":[{"id":262,"href":"https:\/\/mcre.erasmus.site\/pl\/wp-json\/wp\/v2\/pages\/111\/revisions\/262"}],"wp:attachment":[{"href":"https:\/\/mcre.erasmus.site\/pl\/wp-json\/wp\/v2\/media?parent=111"}],"curies":[{"name":"wp","href":"https:\/\/api.w.org\/{rel}","templated":true}]}}