{"id":78,"date":"2022-07-05T08:53:15","date_gmt":"2022-07-05T08:53:15","guid":{"rendered":"https:\/\/mcre.erasmus.site\/?page_id=78"},"modified":"2024-02-29T11:05:46","modified_gmt":"2024-02-29T11:05:46","slug":"the-mcre-e-book","status":"publish","type":"page","link":"https:\/\/mcre.erasmus.site\/pl\/the-mcre-e-book\/","title":{"rendered":"E-book MCRE"},"content":{"rendered":"<p><\/p>\n<p style=\"text-align: center;\"><a class=\"btn\" href=\"https:\/\/mcre.erasmus.site\/country-reports\/\">Raporty krajowe<\/a><\/p>\n<p style=\"text-align: center;\"><a class=\"btn\" target=\"_blank\" href=\"\/wp-content\/uploads\/2024\/02\/MCRE_Infographic_PL.pdf\" rel=\"noopener\">Infografika<\/a><\/p>\n<p>&nbsp;<\/p>\n<p><img fetchpriority=\"high\" decoding=\"async\" class=\"size-medium wp-image-67 aligncenter\" src=\"https:\/\/mcre.erasmus.site\/wp-content\/uploads\/2022\/07\/open-pages-book-e-book-online-learning-graphic-concept-300x300.jpg\" alt=\"\" width=\"300\" height=\"300\" srcset=\"https:\/\/mcre.erasmus.site\/wp-content\/uploads\/2022\/07\/open-pages-book-e-book-online-learning-graphic-concept-300x300.jpg 300w, https:\/\/mcre.erasmus.site\/wp-content\/uploads\/2022\/07\/open-pages-book-e-book-online-learning-graphic-concept-150x150.jpg 150w, https:\/\/mcre.erasmus.site\/wp-content\/uploads\/2022\/07\/open-pages-book-e-book-online-learning-graphic-concept-768x768.jpg 768w, https:\/\/mcre.erasmus.site\/wp-content\/uploads\/2022\/07\/open-pages-book-e-book-online-learning-graphic-concept.jpg 1000w\" sizes=\"(max-width: 300px) 100vw, 300px\" \/><\/p>\n<p>E-book MCRE b\u0119dzie zbiorem tre\u015bci, kt\u00f3re wzmocni\u0105 niezb\u0119dne umiej\u0119tno\u015bci krytycznego my\u015blenia spo\u0142eczno\u015bci europejskiej (a w szczeg\u00f3lno\u015bci grupy docelowej tego projektu) w celu poprawy ich zdolno\u015bci do przetwarzania informacji pochodz\u0105cych z r\u00f3\u017cnych medi\u00f3w. Pandemia Covid-19 obna\u017cy\u0142a trudno\u015bci w analizie informacji otrzymywanych przez spo\u0142eczno\u015bci europejskie. Niniejszy podr\u0119cznik dostarczy informacji i technik zwi\u0119kszaj\u0105cych zdolno\u015b\u0107 do analizy odbieranych tre\u015bci. Pozwoli to na stworzenie lepiej wyedukowanego i bardziej odpornego spo\u0142ecze\u0144stwa (szczeg\u00f3lnie grup defaworyzowanych) na fake-news. Podr\u0119cznik MCRE b\u0119dzie r\u00f3wnie\u017c pierwszym krokiem w kierunku zwalczania dezinformacji i mit\u00f3w, na kt\u00f3re nara\u017cone s\u0105 spo\u0142eczno\u015bci europejskie. Podr\u0119cznik MCRE b\u0119dzie dost\u0119pny jako interaktywny e-book dost\u0119pny na stronie internetowej projektu. B\u0119dzie go mo\u017cna r\u00f3wnie\u017c pobra\u0107 w formacie PDF i czyta\u0107 jako standardowy dokument.<br \/>\n<div class=\"_df_book df-lite\" id=\"df_rand1834509508\"  data-title=\"\" wpoptions=\"true\" thumbtype=\"\" source=\"\/wp-content\/uploads\/2023\/12\/MCRE_PR1_E-book_PL.pdf\" ><\/div><br \/>\n<\/p>\n<p style=\"text-align: center;\"><a class=\"btn btn-danger\" role=\"button\" href=\"https:\/\/mcre.erasmus.site\/wp-content\/uploads\/2023\/12\/MCRE_PR1_E-book_PL.pdf\" download>Pobierz E-book MCRE<\/a><\/p>\n<p style=\"text-align: center;\"><a class=\"btn btn-danger\" role=\"button\" href=\"https:\/\/mcre.erasmus.site\/wp-content\/uploads\/2023\/12\/MCRE_PR1_Module_1.pdf\" download>Pobierz rozdzia\u0142 1<\/a><\/p>\n<p style=\"text-align: center;\"><a class=\"btn btn-danger\" role=\"button\" href=\"https:\/\/mcre.erasmus.site\/wp-content\/uploads\/2023\/12\/MCRE_PR1_Module_2.pdf\" download>Pobierz rozdzia\u0142 2<\/a><\/p>\n<p style=\"text-align: center;\"><a class=\"btn btn-danger\" role=\"button\" href=\"https:\/\/mcre.erasmus.site\/wp-content\/uploads\/2023\/12\/MCRE_PR1_Module_3.pdf\" download>Pobierz rozdzia\u0142 3<\/a><\/p>\n<p style=\"text-align: center;\"><a class=\"btn btn-danger\" role=\"button\" href=\"https:\/\/mcre.erasmus.site\/wp-content\/uploads\/2023\/12\/MCRE_PR1_Module_4.pdf\" download>Pobierz rozdzia\u0142 4<\/a><\/p>\n<p style=\"text-align: center;\"><a class=\"btn btn-danger\" role=\"button\" href=\"https:\/\/mcre.erasmus.site\/wp-content\/uploads\/2023\/12\/MCRE_PR1_Module_5.pdf\" download>Pobierz rozdzia\u0142 5<\/a><\/p>\n<p style=\"text-align: center;\"><a class=\"btn btn-danger\" role=\"button\" href=\"https:\/\/mcre.erasmus.site\/wp-content\/uploads\/2023\/12\/MCRE_PR1_Module_6.pdf\" download>Pobierz rozdzia\u0142 6<\/a><\/p>\n<p style=\"text-align: center;\"><a class=\"btn btn-danger\" role=\"button\" href=\"https:\/\/mcre.erasmus.site\/wp-content\/uploads\/2023\/12\/MCRE_PR1_Module_7.pdf\" download>Pobierz rozdzia\u0142 7<\/a><\/p>\n<p><\/p>","protected":false},"excerpt":{"rendered":"<p>Raporty krajowe Infografika &nbsp; E-book MCRE b\u0119dzie zbiorem tre\u015bci, kt\u00f3re wzmocni\u0105 niezb\u0119dne umiej\u0119tno\u015bci krytycznego my\u015blenia spo\u0142eczno\u015bci europejskiej (a w szczeg\u00f3lno\u015bci grupy docelowej tego projektu) w celu poprawy ich zdolno\u015bci do przetwarzania informacji pochodz\u0105cych z r\u00f3\u017cnych medi\u00f3w. Pandemia Covid-19 obna\u017cy\u0142a trudno\u015bci w analizie informacji otrzymywanych przez spo\u0142eczno\u015bci europejskie. Niniejszy podr\u0119cznik dostarczy informacji i technik zwi\u0119kszaj\u0105cych zdolno\u015b\u0107&hellip;&nbsp;<a href=\"https:\/\/mcre.erasmus.site\/pl\/the-mcre-e-book\/\" rel=\"bookmark\">Dowiedz si\u0119 wi\u0119cej &raquo;<span class=\"screen-reader-text\">E-book MCRE<\/span><\/a><\/p>\n","protected":false},"author":1,"featured_media":0,"parent":0,"menu_order":0,"comment_status":"closed","ping_status":"closed","template":"","meta":{"neve_meta_sidebar":"","neve_meta_container":"","neve_meta_enable_content_width":"off","neve_meta_content_width":100,"neve_meta_title_alignment":"","neve_meta_author_avatar":"","neve_post_elements_order":"","neve_meta_disable_header":"","neve_meta_disable_footer":"","neve_meta_disable_title":"","footnotes":""},"class_list":["post-78","page","type-page","status-publish","hentry"],"_links":{"self":[{"href":"https:\/\/mcre.erasmus.site\/pl\/wp-json\/wp\/v2\/pages\/78","targetHints":{"allow":["GET"]}}],"collection":[{"href":"https:\/\/mcre.erasmus.site\/pl\/wp-json\/wp\/v2\/pages"}],"about":[{"href":"https:\/\/mcre.erasmus.site\/pl\/wp-json\/wp\/v2\/types\/page"}],"author":[{"embeddable":true,"href":"https:\/\/mcre.erasmus.site\/pl\/wp-json\/wp\/v2\/users\/1"}],"replies":[{"embeddable":true,"href":"https:\/\/mcre.erasmus.site\/pl\/wp-json\/wp\/v2\/comments?post=78"}],"version-history":[{"count":35,"href":"https:\/\/mcre.erasmus.site\/pl\/wp-json\/wp\/v2\/pages\/78\/revisions"}],"predecessor-version":[{"id":471,"href":"https:\/\/mcre.erasmus.site\/pl\/wp-json\/wp\/v2\/pages\/78\/revisions\/471"}],"wp:attachment":[{"href":"https:\/\/mcre.erasmus.site\/pl\/wp-json\/wp\/v2\/media?parent=78"}],"curies":[{"name":"wp","href":"https:\/\/api.w.org\/{rel}","templated":true}]}}