{"id":83,"date":"2022-07-05T08:54:24","date_gmt":"2022-07-05T08:54:24","guid":{"rendered":"https:\/\/mcre.erasmus.site\/?page_id=83"},"modified":"2024-02-28T09:51:54","modified_gmt":"2024-02-28T09:51:54","slug":"mcre-mobile-application","status":"publish","type":"page","link":"https:\/\/mcre.erasmus.site\/pl\/mcre-mobile-application\/","title":{"rendered":"Aplikacja mobilna MCRE"},"content":{"rendered":"<p><img fetchpriority=\"high\" decoding=\"async\" class=\"size-full wp-image-71 aligncenter\" src=\"https:\/\/mcre.erasmus.site\/wp-content\/uploads\/2022\/07\/mcre-result.png\" alt=\"\" width=\"300\" height=\"300\" srcset=\"https:\/\/mcre.erasmus.site\/wp-content\/uploads\/2022\/07\/mcre-result.png 300w, https:\/\/mcre.erasmus.site\/wp-content\/uploads\/2022\/07\/mcre-result-150x150.png 150w\" sizes=\"(max-width: 300px) 100vw, 300px\" \/><\/p>\n<p>Sk\u0142adaj\u0105ca si\u0119 z kilku element\u00f3w, kt\u00f3re maj\u0105 wspiera\u0107 grup\u0119 docelow\u0105 w sprawdzaniu informacji zdobytych w mediach i szkoli\u0107 j\u0105 w krytycznym my\u015bleniu. Aplikacja b\u0119dzie dost\u0119pna za darmo na iOS i Android i zostanie dostosowana tak, aby by\u0142a \u0142atwa w u\u017cyciu dla os\u00f3b doros\u0142ych o niskich umiej\u0119tno\u015bciach korzystania z medi\u00f3w. Aplikacja mobilna b\u0119dzie zawiera\u0107: KARTY DZIA\u0141ANIA: kt\u00f3re zostan\u0105 przygotowane dla grupy docelowej jako szybki chwyt wiedzy. Karty dzia\u0142a\u0144 b\u0119d\u0105 zawiera\u0142y seri\u0119 instrukcji, jak podnie\u015b\u0107 sw\u00f3j poziom krytycznego my\u015blenia, jakie kroki podj\u0105\u0107, aby upewni\u0107 si\u0119, \u017ce informacje, kt\u00f3re otrzymali w mediach s\u0105 prawdziwe. Pozwol\u0105 grupie docelowej projektu na bie\u017c\u0105co sprawdza\u0107 otrzymane informacje poprzez szereg krok\u00f3w, kt\u00f3re pomog\u0105 im analizowa\u0107 prawdziwo\u015b\u0107 otrzymanych informacji. Poniewa\u017c aplikacja mobilna nie b\u0119dzie wymaga\u0142a po\u0142\u0105czenia z Internetem, b\u0119dzie mo\u017cna z niej korzysta\u0107 w dowolnym miejscu. QUIZZ: kt\u00f3ry b\u0119dzie sprawdza\u0142 wiedz\u0119 zdobyt\u0105 w ramach pierwszego i drugiego wyniku. Quizy b\u0119d\u0105 po\u0142\u0105czeniem edukacji i zabawy. B\u0119d\u0105 sk\u0142ada\u0142y si\u0119 z pyta\u0144 z wieloma odpowiedziami, co b\u0119dzie stanowi\u0142o dodatkowe utrudnienie, ale jednocze\u015bnie b\u0119dzie sprawdza\u0142o zdobyt\u0105 wiedz\u0119.<\/p>\n<p><a href=\"https:\/\/play.google.com\/store\/apps\/details?id=eu.dcnet.mcre\"><img decoding=\"async\" class=\"aligncenter wp-image-413\" src=\"https:\/\/mcre.erasmus.site\/wp-content\/uploads\/2024\/02\/googleplay-150x46.png\" alt=\"\" width=\"140\" height=\"42\" srcset=\"https:\/\/mcre.erasmus.site\/wp-content\/uploads\/2024\/02\/googleplay-150x46.png 150w, https:\/\/mcre.erasmus.site\/wp-content\/uploads\/2024\/02\/googleplay-24x7.png 24w, https:\/\/mcre.erasmus.site\/wp-content\/uploads\/2024\/02\/googleplay-36x11.png 36w, https:\/\/mcre.erasmus.site\/wp-content\/uploads\/2024\/02\/googleplay-48x14.png 48w, https:\/\/mcre.erasmus.site\/wp-content\/uploads\/2024\/02\/googleplay.png 153w\" sizes=\"(max-width: 140px) 100vw, 140px\" \/><\/a><br \/>\n<a href=\"https:\/\/apps.apple.com\/app\/mcre-mobile-app\/id6471702436\"><img decoding=\"async\" class=\"aligncenter wp-image-414\" src=\"https:\/\/mcre.erasmus.site\/wp-content\/uploads\/2024\/02\/appstore.png\" alt=\"\" width=\"140\" height=\"47\" srcset=\"https:\/\/mcre.erasmus.site\/wp-content\/uploads\/2024\/02\/appstore.png 136w, https:\/\/mcre.erasmus.site\/wp-content\/uploads\/2024\/02\/appstore-24x8.png 24w, https:\/\/mcre.erasmus.site\/wp-content\/uploads\/2024\/02\/appstore-36x12.png 36w, https:\/\/mcre.erasmus.site\/wp-content\/uploads\/2024\/02\/appstore-48x16.png 48w\" sizes=\"(max-width: 140px) 100vw, 140px\" \/><\/a><\/p>","protected":false},"excerpt":{"rendered":"<p>Sk\u0142adaj\u0105ca si\u0119 z kilku element\u00f3w, kt\u00f3re maj\u0105 wspiera\u0107 grup\u0119 docelow\u0105 w sprawdzaniu informacji zdobytych w mediach i szkoli\u0107 j\u0105 w krytycznym my\u015bleniu. Aplikacja b\u0119dzie dost\u0119pna za darmo na iOS i Android i zostanie dostosowana tak, aby by\u0142a \u0142atwa w u\u017cyciu dla os\u00f3b doros\u0142ych o niskich umiej\u0119tno\u015bciach korzystania z medi\u00f3w. Aplikacja mobilna b\u0119dzie zawiera\u0107: KARTY DZIA\u0141ANIA:&hellip;&nbsp;<a href=\"https:\/\/mcre.erasmus.site\/pl\/mcre-mobile-application\/\" rel=\"bookmark\">Dowiedz si\u0119 wi\u0119cej &raquo;<span class=\"screen-reader-text\">Aplikacja mobilna MCRE<\/span><\/a><\/p>\n","protected":false},"author":1,"featured_media":0,"parent":0,"menu_order":0,"comment_status":"closed","ping_status":"closed","template":"","meta":{"neve_meta_sidebar":"","neve_meta_container":"","neve_meta_enable_content_width":"off","neve_meta_content_width":100,"neve_meta_title_alignment":"","neve_meta_author_avatar":"","neve_post_elements_order":"","neve_meta_disable_header":"","neve_meta_disable_footer":"","neve_meta_disable_title":"","footnotes":""},"class_list":["post-83","page","type-page","status-publish","hentry"],"_links":{"self":[{"href":"https:\/\/mcre.erasmus.site\/pl\/wp-json\/wp\/v2\/pages\/83","targetHints":{"allow":["GET"]}}],"collection":[{"href":"https:\/\/mcre.erasmus.site\/pl\/wp-json\/wp\/v2\/pages"}],"about":[{"href":"https:\/\/mcre.erasmus.site\/pl\/wp-json\/wp\/v2\/types\/page"}],"author":[{"embeddable":true,"href":"https:\/\/mcre.erasmus.site\/pl\/wp-json\/wp\/v2\/users\/1"}],"replies":[{"embeddable":true,"href":"https:\/\/mcre.erasmus.site\/pl\/wp-json\/wp\/v2\/comments?post=83"}],"version-history":[{"count":10,"href":"https:\/\/mcre.erasmus.site\/pl\/wp-json\/wp\/v2\/pages\/83\/revisions"}],"predecessor-version":[{"id":416,"href":"https:\/\/mcre.erasmus.site\/pl\/wp-json\/wp\/v2\/pages\/83\/revisions\/416"}],"wp:attachment":[{"href":"https:\/\/mcre.erasmus.site\/pl\/wp-json\/wp\/v2\/media?parent=83"}],"curies":[{"name":"wp","href":"https:\/\/api.w.org\/{rel}","templated":true}]}}