{"id":111,"date":"2022-07-05T09:02:21","date_gmt":"2022-07-05T09:02:21","guid":{"rendered":"https:\/\/mcre.erasmus.site\/?page_id=111"},"modified":"2022-11-24T14:29:34","modified_gmt":"2022-11-24T14:29:34","slug":"partnership","status":"publish","type":"page","link":"https:\/\/mcre.erasmus.site\/pt\/partnership\/","title":{"rendered":"Parceiros"},"content":{"rendered":"<p><\/p>\n<h3><img fetchpriority=\"high\" decoding=\"async\" class=\"size-full wp-image-118 aligncenter\" src=\"https:\/\/mcre.erasmus.site\/wp-content\/uploads\/2022\/07\/ades.png\" alt=\"\" width=\"300\" height=\"300\" srcset=\"https:\/\/mcre.erasmus.site\/wp-content\/uploads\/2022\/07\/ades.png 300w, https:\/\/mcre.erasmus.site\/wp-content\/uploads\/2022\/07\/ades-150x150.png 150w\" sizes=\"(max-width: 300px) 100vw, 300px\" \/><\/h3>\n<h3 style=\"text-align: center;\">ADES \u2013 (Association for Economic and Social Development) Curtea de Arges, Rom\u00e9nia \u2013 Coordenador do Project<\/h3>\n<p>(Associa\u00e7\u00e3o para o Desenvolvimento Econ\u00f3mico e Social) de Curtea de Arges, Rom\u00e9nia, \u00e9 uma organiza\u00e7\u00e3o sem fins lucrativos que se tornou uma entidade legal (ONG) em junho de 1995. A miss\u00e3o da ADES \u00e9 criar uma mudan\u00e7a social e econ\u00f3mica positiva nas comunidades em toda a Rom\u00e9nia, de uma forma profissional, \u00e9tica e respons\u00e1vel.<\/p>\n<p>A equipa da ADES tem como objetivo desenvolver compet\u00eancias pessoais e profissionais, apoiar o desenvolvimento e expans\u00e3o das PMEs, melhorar as condi\u00e7\u00f5es sociais e econ\u00f3micas nas comunidades locais.<\/p>\n<p>Desde 1995, ADES tem desenvolvido e implementado com sucesso mais de 50 projetos financiados pela Uni\u00e3o Europeia, Banco Mundial, Embaixada dos EUA, Programa Europeu de Desenvolvimento Empresarial, Funda\u00e7\u00e3o para uma Sociedade Aberta, Charity Know How Fund, etc. A ADES tem trabalhado com grande proximidade com as comunidades, fontes de financiamento e parceiros de implementa\u00e7\u00e3o (Autoridades P\u00fablicas Locais, empresas, ONGs e escolas) para executar projetos de desenvolvimento s\u00f3cio-econ\u00f3mico.<\/p>\n<p>Para mais informa\u00e7\u00e3o sobre ADES visite:\u00a0<a href=\"https:\/\/www.facebook.com\/ADESCDA\/\" target=\"_blank\" rel=\"noopener\">www.facebook.com\/ADESCDA\/<\/a><\/p>\n<hr \/>\n<h3><img decoding=\"async\" class=\"wp-image-120 size-full aligncenter\" src=\"https:\/\/mcre.erasmus.site\/wp-content\/uploads\/2022\/07\/cwep.png\" alt=\"\" width=\"300\" height=\"300\" srcset=\"https:\/\/mcre.erasmus.site\/wp-content\/uploads\/2022\/07\/cwep.png 300w, https:\/\/mcre.erasmus.site\/wp-content\/uploads\/2022\/07\/cwep-150x150.png 150w\" sizes=\"(max-width: 300px) 100vw, 300px\" \/><\/h3>\n<h3 style=\"text-align: center;\"><strong>Centrum Wspierania Edukacji i Przedsi\u0119biorczo\u015bci (CWEP) \u2013 Pol\u00f3nia<\/strong><\/h3>\n<p>O Centro de Educa\u00e7\u00e3o e Apoio ao Empreendedorismo (CWEP) \u00e9 uma organiza\u00e7\u00e3o n\u00e3o governamental fundada em 2004 por um grupo de empres\u00e1rios, professores e ativistas sociais de Rzesz\u00f3w, Pol\u00f3nia. O CWEP coopera com empresas e institui\u00e7\u00f5es de ensino. A miss\u00e3o do CWEP \u00e9 aumentar a qualidade da forma\u00e7\u00e3o educacional a todos os n\u00edveis e em todas as suas formas, bem como promover o empreendedorismo a fim de fomentar a integra\u00e7\u00e3o de qualquer grupo social, independentemente do seu sexo, idade ou origem \u00e9tnica. Em particular, os objetivos s\u00e3o melhorar a acessibilidade, qualidade e efici\u00eancia da educa\u00e7\u00e3o de todas as pessoas, promover e contribuir para a educa\u00e7\u00e3o de adultos, aprendizagem ao longo da vida, e-learning e a utiliza\u00e7\u00e3o de novas tecnologias na educa\u00e7\u00e3o e empreendedorismo. A Associa\u00e7\u00e3o trabalha com muitos parceiros da Europa a fim de refor\u00e7ar a posi\u00e7\u00e3o econ\u00f3mica das empresas e fornece plataformas em linha para empresas.<\/p>\n<p>Website: <a href=\"http:\/\/www.cwep.eu\/\">www.cwep.eu<\/a><\/p>\n<hr \/>\n<h3><img decoding=\"async\" class=\"wp-image-119 size-full aligncenter\" src=\"https:\/\/mcre.erasmus.site\/wp-content\/uploads\/2022\/07\/lovila.png\" alt=\"\" width=\"300\" height=\"300\" srcset=\"https:\/\/mcre.erasmus.site\/wp-content\/uploads\/2022\/07\/lovila.png 300w, https:\/\/mcre.erasmus.site\/wp-content\/uploads\/2022\/07\/lovila-150x150.png 150w\" sizes=\"(max-width: 300px) 100vw, 300px\" \/><\/h3>\n<h3 style=\"text-align: center;\"><strong>Lovila Limited \u2013 Chipre<\/strong><\/h3>\n<p>Lovila \u00e9 uma institui\u00e7\u00e3o cipriota de consultoria e forma\u00e7\u00e3o estabelecida com o objetivo de promover o desenvolvimento profissional e pessoal de indiv\u00edduos, empresas e neg\u00f3cios rec\u00e9m estabelecidos, centrada na promo\u00e7\u00e3o para a aprendizagem ao longo da vida, digitaliza\u00e7\u00e3o e inova\u00e7\u00e3o a diferentes n\u00edveis e contextos de educa\u00e7\u00e3o. Lovila oferece servi\u00e7os para empresas e empres\u00e1rios que necessitem de inova\u00e7\u00e3o, forma\u00e7\u00e3o e transforma\u00e7\u00e3o digital, o que desempenha um papel cr\u00edtico na capacidade de uma organiza\u00e7\u00e3o de evoluir com o mercado. Por outro lado, Lovila oferece um apoio de forma\u00e7\u00e3o de alto n\u00edvel a jovens e adultos com necessidade de integra\u00e7\u00e3o profissional, desenvolvimento de compet\u00eancias e qualifica\u00e7\u00f5es b\u00e1sicas, compet\u00eancias digitais e empresariais, mentalidade e estilo de vida sustent\u00e1veis, integra\u00e7\u00e3o e reinser\u00e7\u00e3o no mercado de trabalho, motiva\u00e7\u00e3o, aconselhamento e orienta\u00e7\u00e3o laboral.<\/p>\n<p>&nbsp;<\/p>\n<p>Lovila acredita na elevada import\u00e2ncia da sustentabilidade ambiental e na capacidade de estabilizar a atual rela\u00e7\u00e3o disruptiva entre a cultura humana e empresarial e o mundo vivo. Desta forma, os servi\u00e7os da empresa est\u00e3o sempre \u00e0 procura de pr\u00e1ticas de trabalho sustent\u00e1veis e de um futuro sustent\u00e1vel atrav\u00e9s da educa\u00e7\u00e3o.<\/p>\n<p>Website: <a href=\"http:\/\/www.lovila.eu\/\" target=\"_blank\" rel=\"noopener\">www.lovila.eu<\/a><\/p>\n<p>Contactos: <a href=\"mailto:info@lovila.eu\">info@lovila.eu<\/a><\/p>\n<hr \/>\n<h3><img loading=\"lazy\" decoding=\"async\" class=\"wp-image-122 size-full aligncenter\" src=\"https:\/\/mcre.erasmus.site\/wp-content\/uploads\/2022\/07\/meus.png\" alt=\"\" width=\"300\" height=\"300\" srcset=\"https:\/\/mcre.erasmus.site\/wp-content\/uploads\/2022\/07\/meus.png 300w, https:\/\/mcre.erasmus.site\/wp-content\/uploads\/2022\/07\/meus-150x150.png 150w\" sizes=\"(max-width: 300px) 100vw, 300px\" \/><\/h3>\n<h3 style=\"text-align: center;\"><strong>MEUS \u2013 Espanha<\/strong><\/h3>\n<p>MEUS \u00e9 uma organiza\u00e7\u00e3o privada com sede em Val\u00eancia, Espanha, com o objetivo de melhorar as capacidades das pessoas no seu ambiente, tanto a n\u00edvel profissional como privado. Assim, concentra-se no desenvolvimento das capacidades em cada fase da vida de um individuo, desde a escola at\u00e9 \u00e0 educa\u00e7\u00e3o de adultos, e na forma\u00e7\u00e3o cont\u00ednua durante a vida profissional.<\/p>\n<p>Em conformidade com a estrat\u00e9gia europeia da educa\u00e7\u00e3o, MEUS trabalha no desenvolvimento de novos materiais e metodologias de forma\u00e7\u00e3o adaptados \u00e0s diferentes necessidades dos publico alvo e do mercado, melhorando assim a integra\u00e7\u00e3o no mercado de trabalho, a forma\u00e7\u00e3o cont\u00ednua e a melhoria do trabalho. Trabalha especialmente em todas as compet\u00eancias transversais necess\u00e1rias (comunica\u00e7\u00e3o, trabalho de equipa, resolu\u00e7\u00e3o de problemas, etc.) que os trabalhadores de todas as \u00e1reas necessitam (Intelig\u00eancia Artificial, TI, Servi\u00e7os, Com\u00e9rcio, Retalho, Sa\u00fade, etc.). Tamb\u00e9m encoraja o desenvolvimento de novos projetos empresariais, oferecendo avalia\u00e7\u00e3o e forma\u00e7\u00e3o a empres\u00e1rios, apoiando-os a serem criativos, inovadores e bem-sucedidos nas suas iniciativas.<\/p>\n<p>MEUS explora e promove modelos empresariais sustent\u00e1veis, procurando a implementa\u00e7\u00e3o das melhores pr\u00e1ticas de RSE. MEUS apoia fortemente sectores novos e em crescimento da economia, e est\u00e1 atento \u00e0s mudan\u00e7as societais, raz\u00e3o pela qual estamos particularmente empenhados em quest\u00f5es como a economia verde (e compet\u00eancias verdes), a economia laranja (cultura), TIC, adapta\u00e7\u00e3o \u00e0 popula\u00e7\u00e3o em envelhecimento e novas caracter\u00edsticas demogr\u00e1ficas que geram uma maior procura de servi\u00e7os presenciais, etc.<\/p>\n<p>Website: <a href=\"http:\/\/www.meuskills.eu\/\">www.meuskills.eu<\/a><\/p>\n<hr \/>\n<h3><img loading=\"lazy\" decoding=\"async\" class=\"wp-image-125 size-full aligncenter\" src=\"https:\/\/mcre.erasmus.site\/wp-content\/uploads\/2022\/07\/tucep.png\" alt=\"\" width=\"300\" height=\"300\" srcset=\"https:\/\/mcre.erasmus.site\/wp-content\/uploads\/2022\/07\/tucep.png 300w, https:\/\/mcre.erasmus.site\/wp-content\/uploads\/2022\/07\/tucep-150x150.png 150w\" sizes=\"(max-width: 300px) 100vw, 300px\" \/><\/h3>\n<h3 style=\"text-align: center;\"><strong>TUCEP &#8211; It\u00e1lia<\/strong><\/h3>\n<p>A TUCEP \u00e9 uma associa\u00e7\u00e3o sem fins lucrativos entre Universidades, Empresas e Institui\u00e7\u00f5es P\u00fablicas nascida em 1992<\/p>\n<p>&nbsp;<\/p>\n<p>A miss\u00e3o da TUCEP \u00e9 favorecer e desenvolver a coopera\u00e7\u00e3o entre Universidades e o mundo do trabalho atrav\u00e9s da realiza\u00e7\u00e3o de projects de forma\u00e7\u00e3o, investiga\u00e7\u00e3o e consultoria, destinados a promover a inova\u00e7\u00e3o e a qualidade no ensino profissional e nos processos de desenvolvimento socioecon\u00f3mico a n\u00edvel regional, nacional e europeu.<\/p>\n<p>Derivado deste objectivo geral, a TUCEP est\u00e1 empenhada em<\/p>\n<ul>\n<li>Analisar as necessidades de forma\u00e7\u00e3o nas empresas e tamb\u00e9m a n\u00edvel profissional.;<\/li>\n<li>promover e melhorar o know-how de entidades p\u00fablicas, empresas e outros operadores econ\u00f3micos atrav\u00e9s do planeamento e da realiza\u00e7\u00e3o de percursos de forma\u00e7\u00e3o espec\u00edficos dirigidos a empres\u00e1rios, gestores e t\u00e9cnicos;<\/li>\n<li>favorecer a aquisi\u00e7\u00e3o e a actualiza\u00e7\u00e3o de compet\u00eancias-chave e profissionais por jovens e adultos, de modo a permitir o seu acesso ou reposicionamento no mercado de trabalho;<\/li>\n<li>realizar actividades de estudo para a divulga\u00e7\u00e3o de informa\u00e7\u00e3o, especialmente nos campos de neg\u00f3cios produ\u00e7\u00e3o e gest\u00e3o, e o desenvolvimento de tecnologias avan\u00e7adas;<\/li>\n<li>activar programas de mobilidade transnacional entre Universidades e Empresas;<\/li>\n<li>realizar projectos-piloto a n\u00edvel europeu, nacional e regional, destinados a experimentar abordagens inovadoras e boas pr\u00e1ticas no dom\u00ednio da educa\u00e7\u00e3o, investiga\u00e7\u00e3o, desenvolvimento empresarial e coes\u00e3o social.<\/li>\n<\/ul>\n<p>TUCEP creditado pela Regi\u00e3o da Umbria para a realiza\u00e7\u00e3o de forma\u00e7\u00e3o superior, cont\u00ednua e permanente e \u00e9 certificado de acordo com as normas UNI EN ISO 9001:2015.<\/p>\n<p>Website: <a href=\"http:\/\/www.tucep.org\/\">www.tucep.org<\/a><\/p>\n<hr \/>\n<h3><img loading=\"lazy\" decoding=\"async\" class=\"wp-image-124 size-full aligncenter\" src=\"https:\/\/mcre.erasmus.site\/wp-content\/uploads\/2022\/07\/labc.png\" alt=\"\" width=\"300\" height=\"300\" srcset=\"https:\/\/mcre.erasmus.site\/wp-content\/uploads\/2022\/07\/labc.png 300w, https:\/\/mcre.erasmus.site\/wp-content\/uploads\/2022\/07\/labc-150x150.png 150w\" sizes=\"(max-width: 300px) 100vw, 300px\" \/><\/h3>\n<h3 style=\"text-align: center;\"><strong>LABC &#8211; It\u00e1lia<\/strong><\/h3>\n<p>A LABC \u00e9 uma empresa sedeada em Torino (IT). A LABC \u00e9 uma comunidade de aprendizagem, que visa a partilha e constru\u00e7\u00e3o sobre a experi\u00eancia de profissionais na \u00e1rea do bem-estar individual e comunit\u00e1rio, trabalho de grupo, educa\u00e7\u00e3o e forma\u00e7\u00e3o, reintegra\u00e7\u00e3o no mercado de trabalho, gest\u00e3o de projetos.<\/p>\n<p>A LABC \u00e9 enriquecida por colabora\u00e7\u00f5es pan-europeias, adotando e promovendo, sempre, os princ\u00edpios de:<\/p>\n<ul>\n<li>Aprendizagem colaborativa: partilhamos, melhoramos e partilhamos experi\u00eancias, recursos e compet\u00eancias, com vista \u00e0 otimiza\u00e7\u00e3o de colabora\u00e7\u00f5es internacionais e intermodais, desenvolvimento e transfer\u00eancias de metodologias e pr\u00e1ticas<\/li>\n<li>gera\u00e7\u00e3o: estabelecemos, apoiamos e orientamos a capacidade de criar, gerar e produzir novas ferramentas, modelos e pr\u00e1ticas psicol\u00f3gicas, sociais e educativas, com o objetivo de as disseminar gratuitamente na comunidade.<\/li>\n<\/ul>\n<p>A LABC \u00e9 ativa e experiente em:<\/p>\n<ul>\n<li>trabalho assistencial, bem-estar individual e comunit\u00e1rio atrav\u00e9s de uma gama alargada de atividades, incluindo sess\u00f5es de trabalho de grupo, supervis\u00f5es, forma\u00e7\u00e3o, consultoria em gest\u00e3o, organiza\u00e7\u00e3o de eventos p\u00fablicos, palestras e semin\u00e1rios<\/li>\n<li>Educa\u00e7\u00e3o e Investiga\u00e7\u00e3o atrav\u00e9s do desenho de metodologias de aprendizagem e implementa\u00e7\u00e3o de materiais e ferramentas de forma\u00e7\u00e3o dedicadas \u00e0 melhoria da sensibiliza\u00e7\u00e3o de participantes e recetores em t\u00f3picos de particular interesse das \u00e1reas da psicologia, educa\u00e7\u00e3o, social e ambiente.<\/li>\n<\/ul>\n<p>Website: <a href=\"https:\/\/labcentro.it\/\">https:\/\/labcentro.it\/<\/a><\/p>\n<hr \/>\n<h3><img loading=\"lazy\" decoding=\"async\" class=\"wp-image-127 size-full aligncenter\" src=\"https:\/\/mcre.erasmus.site\/wp-content\/uploads\/2022\/07\/ed.png\" alt=\"\" width=\"300\" height=\"300\" srcset=\"https:\/\/mcre.erasmus.site\/wp-content\/uploads\/2022\/07\/ed.png 300w, https:\/\/mcre.erasmus.site\/wp-content\/uploads\/2022\/07\/ed-150x150.png 150w\" sizes=\"(max-width: 300px) 100vw, 300px\" \/><\/h3>\n<h3 style=\"text-align: center;\"><strong>E&amp;D Knowledge Consulting \u2013 Portugal<\/strong><\/h3>\n<p>A E&amp;D Knowledge Consulting \u00e9 uma empresa de consultoria especializada nas \u00e1reas da inova\u00e7\u00e3o e gest\u00e3o do conhecimento e da capacita\u00e7\u00e3o para o empreendedorismo e a inova\u00e7\u00e3o. As principais linhas de consultoria da E&amp;D abrangem estrat\u00e9gias, mentoria e forma\u00e7\u00e3o para:<\/p>\n<ul>\n<li>Desenvolver estrat\u00e9gias e processos de inova\u00e7\u00e3o dentro das organiza\u00e7\u00f5es,<\/li>\n<li>Estabelecer uma cultura para a criatividade e inova\u00e7\u00e3o,<\/li>\n<li>Desenvolvimento das compet\u00eancias necess\u00e1rias \u00e0 inova\u00e7\u00e3o e criatividade (t\u00e9cnicas de idea\u00e7\u00e3o, pensamento cr\u00edtico, comportamentos colaborativos, mentalidade inovadora, etc.),<\/li>\n<li>Modelos de neg\u00f3cio para a inova\u00e7\u00e3o e inova\u00e7\u00e3o de modelos de neg\u00f3cio,<\/li>\n<li>Co-cria\u00e7\u00e3o de inova\u00e7\u00e3o e conhecimento (mecanismos, ferramentas e estrat\u00e9gias de inova\u00e7\u00e3o colaborativa e transfer\u00eancia de conhecimento),<\/li>\n<li>Avalia\u00e7\u00e3o e monitoriza\u00e7\u00e3o das capacidades de inova\u00e7\u00e3o e necessidades de melhorias.<\/li>\n<\/ul>\n<p>E&amp;D Knowledge Consulting fornece solu\u00e7\u00f5es personalizadas para as necessidades de cada cliente nos campos da inova\u00e7\u00e3o e do empreendedorismo que permitem \u00e0s organiza\u00e7\u00f5es faz\u00ea-lo:<\/p>\n<ul>\n<li>Maximizar o desempenho,<\/li>\n<li>Aumentar a capacidade de inova\u00e7\u00e3o,<\/li>\n<li>Diagnosticar a sua posi\u00e7\u00e3o atual no mercado e o seu potencial de crescimento,<\/li>\n<li>Desenvolver a sua base de conhecimentos,<\/li>\n<li>Aumentar a competitividade e,<\/li>\n<li>Definir estrat\u00e9gia de desenvolvimento sustent\u00e1vel para empresas e outras organiza\u00e7\u00f5es.<\/li>\n<\/ul>\n<p>Desta forma, a E&amp;D Knowledge Consulting visa impulsionar o desenvolvimento social e econ\u00f3mico atrav\u00e9s de cidad\u00e3os, trabalhadores e l\u00edderes mais inovadores, qualificados e empenhados, e apoiar a cria\u00e7\u00e3o e o crescimento da inova\u00e7\u00e3o e dos l\u00edderes de mercado. As nossas atividades abrangem workshops integrados, tutoria e coaching, consultoria e projetos.<\/p>\n<p>Website: <a href=\"http:\/\/edknowledgeconsulting.com\/\">http:\/\/edknowledgeconsulting.com\/<\/a><\/p>","protected":false},"excerpt":{"rendered":"<p>ADES \u2013 (Association for Economic and Social Development) Curtea de Arges, Rom\u00e9nia \u2013 Coordenador do Project (Associa\u00e7\u00e3o para o Desenvolvimento Econ\u00f3mico e Social) de Curtea de Arges, Rom\u00e9nia, \u00e9 uma organiza\u00e7\u00e3o sem fins lucrativos que se tornou uma entidade legal (ONG) em junho de 1995. A miss\u00e3o da ADES \u00e9 criar uma mudan\u00e7a social e&hellip;&nbsp;<a href=\"https:\/\/mcre.erasmus.site\/pt\/partnership\/\" rel=\"bookmark\">Ler mais &raquo;<span class=\"screen-reader-text\">Parceiros<\/span><\/a><\/p>\n","protected":false},"author":1,"featured_media":0,"parent":0,"menu_order":0,"comment_status":"closed","ping_status":"closed","template":"","meta":{"neve_meta_sidebar":"","neve_meta_container":"","neve_meta_enable_content_width":"off","neve_meta_content_width":100,"neve_meta_title_alignment":"","neve_meta_author_avatar":"","neve_post_elements_order":"","neve_meta_disable_header":"","neve_meta_disable_footer":"","neve_meta_disable_title":"","footnotes":""},"class_list":["post-111","page","type-page","status-publish","hentry"],"_links":{"self":[{"href":"https:\/\/mcre.erasmus.site\/pt\/wp-json\/wp\/v2\/pages\/111","targetHints":{"allow":["GET"]}}],"collection":[{"href":"https:\/\/mcre.erasmus.site\/pt\/wp-json\/wp\/v2\/pages"}],"about":[{"href":"https:\/\/mcre.erasmus.site\/pt\/wp-json\/wp\/v2\/types\/page"}],"author":[{"embeddable":true,"href":"https:\/\/mcre.erasmus.site\/pt\/wp-json\/wp\/v2\/users\/1"}],"replies":[{"embeddable":true,"href":"https:\/\/mcre.erasmus.site\/pt\/wp-json\/wp\/v2\/comments?post=111"}],"version-history":[{"count":13,"href":"https:\/\/mcre.erasmus.site\/pt\/wp-json\/wp\/v2\/pages\/111\/revisions"}],"predecessor-version":[{"id":262,"href":"https:\/\/mcre.erasmus.site\/pt\/wp-json\/wp\/v2\/pages\/111\/revisions\/262"}],"wp:attachment":[{"href":"https:\/\/mcre.erasmus.site\/pt\/wp-json\/wp\/v2\/media?parent=111"}],"curies":[{"name":"wp","href":"https:\/\/api.w.org\/{rel}","templated":true}]}}