{"id":78,"date":"2022-07-05T08:53:15","date_gmt":"2022-07-05T08:53:15","guid":{"rendered":"https:\/\/mcre.erasmus.site\/?page_id=78"},"modified":"2024-02-29T11:05:46","modified_gmt":"2024-02-29T11:05:46","slug":"the-mcre-e-book","status":"publish","type":"page","link":"https:\/\/mcre.erasmus.site\/pt\/the-mcre-e-book\/","title":{"rendered":"O e-book do MCRE"},"content":{"rendered":"<p><\/p>\n<p style=\"text-align: center;\"><a class=\"btn\" href=\"https:\/\/mcre.erasmus.site\/country-reports\/\">Relat\u00f3rios por pa\u00eds<\/a><\/p>\n<p style=\"text-align: center;\"><a class=\"btn\" target=\"_blank\" href=\"\/wp-content\/uploads\/2024\/02\/MCRE_Infographic_PT.pdf\" rel=\"noopener\">Gr\u00e1fico informativo<\/a><\/p>\n<p>&nbsp;<\/p>\n<p><img fetchpriority=\"high\" decoding=\"async\" class=\"size-medium wp-image-67 aligncenter\" src=\"https:\/\/mcre.erasmus.site\/wp-content\/uploads\/2022\/07\/open-pages-book-e-book-online-learning-graphic-concept-300x300.jpg\" alt=\"\" width=\"300\" height=\"300\" srcset=\"https:\/\/mcre.erasmus.site\/wp-content\/uploads\/2022\/07\/open-pages-book-e-book-online-learning-graphic-concept-300x300.jpg 300w, https:\/\/mcre.erasmus.site\/wp-content\/uploads\/2022\/07\/open-pages-book-e-book-online-learning-graphic-concept-150x150.jpg 150w, https:\/\/mcre.erasmus.site\/wp-content\/uploads\/2022\/07\/open-pages-book-e-book-online-learning-graphic-concept-768x768.jpg 768w, https:\/\/mcre.erasmus.site\/wp-content\/uploads\/2022\/07\/open-pages-book-e-book-online-learning-graphic-concept.jpg 1000w\" sizes=\"(max-width: 300px) 100vw, 300px\" \/><\/p>\n<p>O e-book do MCRE ser\u00e1 uma colec\u00e7\u00e3o de conte\u00fados que melhorar\u00e1 as capacidades necess\u00e1rias de pensamento cr\u00edtico da comunidade europeia (e em particular do grupo-alvo deste projeto), a fim de melhorar a sua capacidade de processar informa\u00e7\u00e3o de diferentes meios de comunica\u00e7\u00e3o. A pandemia de Covid-19 exp\u00f4s as dificuldades em analisar a informa\u00e7\u00e3o recebida pelas comunidades europeias. Este manual fornecer\u00e1 informa\u00e7\u00f5es e t\u00e9cnicas para melhorar a capacidade de analisar o conte\u00fado recebido. Isto ajudar\u00e1 a criar uma sociedade mais instru\u00edda e mais resiliente (especialmente grupos desfavorecidos) contra as not\u00edcias falsas. O manual MCRE ser\u00e1 tamb\u00e9m um primeiro passo para combater a desinforma\u00e7\u00e3o e os mitos aos quais as comunidades europeias est\u00e3o expostas. O manual MCRE estar\u00e1 dispon\u00edvel como um e-book interativo, dispon\u00edvel no website do projeto. Tamb\u00e9m ser\u00e1 poss\u00edvel descarreg\u00e1-lo em formato PDF e l\u00ea-lo como um documento padr\u00e3o.<br \/>\n<div class=\"_df_book df-lite\" id=\"df_rand693970344\"  data-title=\"\" wpoptions=\"true\" thumbtype=\"\" source=\"\/wp-content\/uploads\/2023\/12\/MCRE_PR1_E-book_PT.pdf\" ><\/div><br \/>\n<\/p>\n<p style=\"text-align: center;\"><a class=\"btn btn-danger\" role=\"button\" href=\"https:\/\/mcre.erasmus.site\/wp-content\/uploads\/2023\/12\/MCRE_PR1_E-book_PT.pdf\" download>Descarregar o livro eletr\u00f3nico MCRE<\/a><\/p>\n<p style=\"text-align: center;\"><a class=\"btn btn-danger\" role=\"button\" href=\"https:\/\/mcre.erasmus.site\/wp-content\/uploads\/2024\/01\/MCRE_PR1_E-book-Modulo-1-PT.pdf\" download>Descarregar o cap\u00edtulo 1<\/a><\/p>\n<p style=\"text-align: center;\"><a class=\"btn btn-danger\" role=\"button\" href=\"https:\/\/mcre.erasmus.site\/wp-content\/uploads\/2024\/01\/MCRE_PR1_E-book-Modulo-2-PT.pdf\" download>Descarregar o cap\u00edtulo 2<\/a><\/p>\n<p style=\"text-align: center;\"><a class=\"btn btn-danger\" role=\"button\" href=\"https:\/\/mcre.erasmus.site\/wp-content\/uploads\/2024\/01\/MCRE_PR1_E-book-Modulo-3-PT.pdf\" download>Descarregar o cap\u00edtulo 3<\/a><\/p>\n<p style=\"text-align: center;\"><a class=\"btn btn-danger\" role=\"button\" href=\"https:\/\/mcre.erasmus.site\/wp-content\/uploads\/2024\/01\/MCRE_PR1_E-book-Modulo-4-PT.pdf\" download>Descarregar o cap\u00edtulo 4<\/a><\/p>\n<p style=\"text-align: center;\"><a class=\"btn btn-danger\" role=\"button\" https:\/\/mcre.erasmus.site\/wp-content\/uploads\/2024\/01\/MCRE_PR1_E-book-Modulo-5-PT.pdf\" download>Descarregar o cap\u00edtulo 5<\/a><\/p>\n<p style=\"text-align: center;\"><a class=\"btn btn-danger\" role=\"button\" href=\"https:\/\/mcre.erasmus.site\/wp-content\/uploads\/2024\/01\/MCRE_PR1_E-book-Modulo-6-PT.pdf\" download>Descarregar o cap\u00edtulo 6<\/a><\/p>\n<p style=\"text-align: center;\"><a class=\"btn btn-danger\" role=\"button\" href=\"https:\/\/mcre.erasmus.site\/wp-content\/uploads\/2024\/01\/MCRE_PR1_E-book-Modulo-7-PT.pdf\" download>Descarregar o cap\u00edtulo 7<\/a><\/p>\n<p><\/p>","protected":false},"excerpt":{"rendered":"<p>Relat\u00f3rios por pa\u00eds Gr\u00e1fico informativo &nbsp; O e-book do MCRE ser\u00e1 uma colec\u00e7\u00e3o de conte\u00fados que melhorar\u00e1 as capacidades necess\u00e1rias de pensamento cr\u00edtico da comunidade europeia (e em particular do grupo-alvo deste projeto), a fim de melhorar a sua capacidade de processar informa\u00e7\u00e3o de diferentes meios de comunica\u00e7\u00e3o. A pandemia de Covid-19 exp\u00f4s as dificuldades&hellip;&nbsp;<a href=\"https:\/\/mcre.erasmus.site\/pt\/the-mcre-e-book\/\" rel=\"bookmark\">Ler mais &raquo;<span class=\"screen-reader-text\">O e-book do MCRE<\/span><\/a><\/p>\n","protected":false},"author":1,"featured_media":0,"parent":0,"menu_order":0,"comment_status":"closed","ping_status":"closed","template":"","meta":{"neve_meta_sidebar":"","neve_meta_container":"","neve_meta_enable_content_width":"off","neve_meta_content_width":100,"neve_meta_title_alignment":"","neve_meta_author_avatar":"","neve_post_elements_order":"","neve_meta_disable_header":"","neve_meta_disable_footer":"","neve_meta_disable_title":"","footnotes":""},"class_list":["post-78","page","type-page","status-publish","hentry"],"_links":{"self":[{"href":"https:\/\/mcre.erasmus.site\/pt\/wp-json\/wp\/v2\/pages\/78","targetHints":{"allow":["GET"]}}],"collection":[{"href":"https:\/\/mcre.erasmus.site\/pt\/wp-json\/wp\/v2\/pages"}],"about":[{"href":"https:\/\/mcre.erasmus.site\/pt\/wp-json\/wp\/v2\/types\/page"}],"author":[{"embeddable":true,"href":"https:\/\/mcre.erasmus.site\/pt\/wp-json\/wp\/v2\/users\/1"}],"replies":[{"embeddable":true,"href":"https:\/\/mcre.erasmus.site\/pt\/wp-json\/wp\/v2\/comments?post=78"}],"version-history":[{"count":35,"href":"https:\/\/mcre.erasmus.site\/pt\/wp-json\/wp\/v2\/pages\/78\/revisions"}],"predecessor-version":[{"id":471,"href":"https:\/\/mcre.erasmus.site\/pt\/wp-json\/wp\/v2\/pages\/78\/revisions\/471"}],"wp:attachment":[{"href":"https:\/\/mcre.erasmus.site\/pt\/wp-json\/wp\/v2\/media?parent=78"}],"curies":[{"name":"wp","href":"https:\/\/api.w.org\/{rel}","templated":true}]}}