{"id":83,"date":"2022-07-05T08:54:24","date_gmt":"2022-07-05T08:54:24","guid":{"rendered":"https:\/\/mcre.erasmus.site\/?page_id=83"},"modified":"2024-02-28T09:51:54","modified_gmt":"2024-02-28T09:51:54","slug":"mcre-mobile-application","status":"publish","type":"page","link":"https:\/\/mcre.erasmus.site\/pt\/mcre-mobile-application\/","title":{"rendered":"Aplica\u00e7\u00e3o m\u00f3vel MCRE"},"content":{"rendered":"<p><img fetchpriority=\"high\" decoding=\"async\" class=\"size-full wp-image-71 aligncenter\" src=\"https:\/\/mcre.erasmus.site\/wp-content\/uploads\/2022\/07\/mcre-result.png\" alt=\"\" width=\"300\" height=\"300\" srcset=\"https:\/\/mcre.erasmus.site\/wp-content\/uploads\/2022\/07\/mcre-result.png 300w, https:\/\/mcre.erasmus.site\/wp-content\/uploads\/2022\/07\/mcre-result-150x150.png 150w\" sizes=\"(max-width: 300px) 100vw, 300px\" \/><\/p>\n<p>Consiste em v\u00e1rios elementos para apoiar o grupo-alvo na verifica\u00e7\u00e3o da informa\u00e7\u00e3o adquirida nos meios de comunica\u00e7\u00e3o social e na sua forma\u00e7\u00e3o em pensamento cr\u00edtico. A aplica\u00e7\u00e3o estar\u00e1 dispon\u00edvel gratuitamente para iOS e Android e ser\u00e1 adaptada para ser de f\u00e1cil de usar por adultos com baixas compet\u00eancias em literacia medi\u00e1tica. A aplica\u00e7\u00e3o m\u00f3vel incluir\u00e1: CARTAS DE AC\u00c7\u00c3O: que ser\u00e3o preparados para o grupo-alvo como uma r\u00e1pida aquisi\u00e7\u00e3o de conhecimentos. Os cart\u00f5es de ac\u00e7\u00e3o fornecer\u00e3o uma s\u00e9rie de instru\u00e7\u00f5es sobre como elevar o seu n\u00edvel de pensamento cr\u00edtico, que passos tomar para assegurar que a informa\u00e7\u00e3o que recebem dos meios de comunica\u00e7\u00e3o \u00e9 correta. Permitir\u00e3o ao grupo-alvo do projeto verificar a informa\u00e7\u00e3o recebida numa base cont\u00ednua atrav\u00e9s de uma s\u00e9rie de passos que os ajudar\u00e3o a analisar a veracidade da informa\u00e7\u00e3o recebida. Como a aplica\u00e7\u00e3o m\u00f3vel n\u00e3o necessitar\u00e1 de liga\u00e7\u00f5es \u00e0 Internet, pode ser utilizada em qualquer lugar. O QUIZZ: que testar\u00e1 os conhecimentos adquiridos no \u00e2mbito do primeiro e segundo resultados. Os question\u00e1rios ser\u00e3o uma combina\u00e7\u00e3o de educa\u00e7\u00e3o e divers\u00e3o. Consistir\u00e3o em perguntas com respostas m\u00faltiplas, que ser\u00e3o uma dificuldade adicional, mas que tamb\u00e9m testar\u00e3o os conhecimentos adquiridos.<\/p>\n<p><a href=\"https:\/\/play.google.com\/store\/apps\/details?id=eu.dcnet.mcre\"><img decoding=\"async\" class=\"aligncenter wp-image-413\" src=\"https:\/\/mcre.erasmus.site\/wp-content\/uploads\/2024\/02\/googleplay-150x46.png\" alt=\"\" width=\"140\" height=\"42\" srcset=\"https:\/\/mcre.erasmus.site\/wp-content\/uploads\/2024\/02\/googleplay-150x46.png 150w, https:\/\/mcre.erasmus.site\/wp-content\/uploads\/2024\/02\/googleplay-24x7.png 24w, https:\/\/mcre.erasmus.site\/wp-content\/uploads\/2024\/02\/googleplay-36x11.png 36w, https:\/\/mcre.erasmus.site\/wp-content\/uploads\/2024\/02\/googleplay-48x14.png 48w, https:\/\/mcre.erasmus.site\/wp-content\/uploads\/2024\/02\/googleplay.png 153w\" sizes=\"(max-width: 140px) 100vw, 140px\" \/><\/a><br \/>\n<a href=\"https:\/\/apps.apple.com\/app\/mcre-mobile-app\/id6471702436\"><img decoding=\"async\" class=\"aligncenter wp-image-414\" src=\"https:\/\/mcre.erasmus.site\/wp-content\/uploads\/2024\/02\/appstore.png\" alt=\"\" width=\"140\" height=\"47\" srcset=\"https:\/\/mcre.erasmus.site\/wp-content\/uploads\/2024\/02\/appstore.png 136w, https:\/\/mcre.erasmus.site\/wp-content\/uploads\/2024\/02\/appstore-24x8.png 24w, https:\/\/mcre.erasmus.site\/wp-content\/uploads\/2024\/02\/appstore-36x12.png 36w, https:\/\/mcre.erasmus.site\/wp-content\/uploads\/2024\/02\/appstore-48x16.png 48w\" sizes=\"(max-width: 140px) 100vw, 140px\" \/><\/a><\/p>","protected":false},"excerpt":{"rendered":"<p>Consiste em v\u00e1rios elementos para apoiar o grupo-alvo na verifica\u00e7\u00e3o da informa\u00e7\u00e3o adquirida nos meios de comunica\u00e7\u00e3o social e na sua forma\u00e7\u00e3o em pensamento cr\u00edtico. A aplica\u00e7\u00e3o estar\u00e1 dispon\u00edvel gratuitamente para iOS e Android e ser\u00e1 adaptada para ser de f\u00e1cil de usar por adultos com baixas compet\u00eancias em literacia medi\u00e1tica. A aplica\u00e7\u00e3o m\u00f3vel incluir\u00e1:&hellip;&nbsp;<a href=\"https:\/\/mcre.erasmus.site\/pt\/mcre-mobile-application\/\" rel=\"bookmark\">Ler mais &raquo;<span class=\"screen-reader-text\">Aplica\u00e7\u00e3o m\u00f3vel MCRE<\/span><\/a><\/p>\n","protected":false},"author":1,"featured_media":0,"parent":0,"menu_order":0,"comment_status":"closed","ping_status":"closed","template":"","meta":{"neve_meta_sidebar":"","neve_meta_container":"","neve_meta_enable_content_width":"off","neve_meta_content_width":100,"neve_meta_title_alignment":"","neve_meta_author_avatar":"","neve_post_elements_order":"","neve_meta_disable_header":"","neve_meta_disable_footer":"","neve_meta_disable_title":"","footnotes":""},"class_list":["post-83","page","type-page","status-publish","hentry"],"_links":{"self":[{"href":"https:\/\/mcre.erasmus.site\/pt\/wp-json\/wp\/v2\/pages\/83","targetHints":{"allow":["GET"]}}],"collection":[{"href":"https:\/\/mcre.erasmus.site\/pt\/wp-json\/wp\/v2\/pages"}],"about":[{"href":"https:\/\/mcre.erasmus.site\/pt\/wp-json\/wp\/v2\/types\/page"}],"author":[{"embeddable":true,"href":"https:\/\/mcre.erasmus.site\/pt\/wp-json\/wp\/v2\/users\/1"}],"replies":[{"embeddable":true,"href":"https:\/\/mcre.erasmus.site\/pt\/wp-json\/wp\/v2\/comments?post=83"}],"version-history":[{"count":10,"href":"https:\/\/mcre.erasmus.site\/pt\/wp-json\/wp\/v2\/pages\/83\/revisions"}],"predecessor-version":[{"id":416,"href":"https:\/\/mcre.erasmus.site\/pt\/wp-json\/wp\/v2\/pages\/83\/revisions\/416"}],"wp:attachment":[{"href":"https:\/\/mcre.erasmus.site\/pt\/wp-json\/wp\/v2\/media?parent=83"}],"curies":[{"name":"wp","href":"https:\/\/api.w.org\/{rel}","templated":true}]}}