{"id":111,"date":"2022-07-05T09:02:21","date_gmt":"2022-07-05T09:02:21","guid":{"rendered":"https:\/\/mcre.erasmus.site\/?page_id=111"},"modified":"2022-11-24T14:29:34","modified_gmt":"2022-11-24T14:29:34","slug":"partnership","status":"publish","type":"page","link":"https:\/\/mcre.erasmus.site\/ro\/partnership\/","title":{"rendered":"Parteneriat"},"content":{"rendered":"<p><\/p>\n<h3><img fetchpriority=\"high\" decoding=\"async\" class=\"size-full wp-image-118 aligncenter\" src=\"https:\/\/mcre.erasmus.site\/wp-content\/uploads\/2022\/07\/ades.png\" alt=\"\" width=\"300\" height=\"300\" srcset=\"https:\/\/mcre.erasmus.site\/wp-content\/uploads\/2022\/07\/ades.png 300w, https:\/\/mcre.erasmus.site\/wp-content\/uploads\/2022\/07\/ades-150x150.png 150w\" sizes=\"(max-width: 300px) 100vw, 300px\" \/><\/h3>\n<h3 style=\"text-align: center;\">ADES \u2013 Asocia\u021bia de Dezvoltare Economico-Social\u0103, Curtea de Arge\u0219, Rom\u00e2nia \u2013 Coordonatorul proiectului<\/h3>\n<p>ADES este o organiza\u021bie non-profit, care a devenit entitate juridic\u0103 (ONG) \u00een iunie 1995. Misiunea ADES este de a crea schimb\u0103ri sociale \u0219i economice pozitive \u00een comunit\u0103\u021bile din toat\u0103 Rom\u00e2nia, \u00eentr-o manier\u0103 profesional\u0103, etic\u0103 \u0219i responsabil\u0103.<\/p>\n<p>Echipa ADES urm\u0103re\u0219te dezvoltarea abilit\u0103\u021bilor personale \u0219i profesionale, sprijinirea dezvolt\u0103rii \u0219i extinderii IMM-urilor, \u00eembun\u0103t\u0103\u021birea condi\u021biilor sociale \u0219i economice din comunit\u0103\u021bile locale.<\/p>\n<p>Din 1995, ADES a dezvoltat \u0219i implementat cu succes peste 50 de proiecte finan\u021bate de Uniunea European\u0103, Banca Mondial\u0103, Ambasada SUA, Programul de Dezvoltare a Afacerilor Europene, Funda\u021bia pentru o Societate Deschis\u0103, Fondul Charity Know How, etc. ADES a lucrat \u00eendeaproape cu comunit\u0103\u021bi, surse de finan\u021bare \u0219i parteneri de implementare (Autorit\u0103\u021bi Publice Locale, companii, ONG-uri \u0219i \u0219coli) pentru a executa proiecte de dezvoltare socioeconomic\u0103.<\/p>\n<p>Pentru mai multe informa\u021bii despre ADES, v\u0103 rug\u0103m s\u0103 vizita\u021bi:<\/p>\n<p><a href=\"https:\/\/www.facebook.com\/ADESCDA\/\" target=\"_blank\" rel=\"noopener\">www.facebook.com\/ADESCDA\/<\/a><\/p>\n<hr \/>\n<h3><img decoding=\"async\" class=\"wp-image-120 size-full aligncenter\" src=\"https:\/\/mcre.erasmus.site\/wp-content\/uploads\/2022\/07\/cwep.png\" alt=\"\" width=\"300\" height=\"300\" srcset=\"https:\/\/mcre.erasmus.site\/wp-content\/uploads\/2022\/07\/cwep.png 300w, https:\/\/mcre.erasmus.site\/wp-content\/uploads\/2022\/07\/cwep-150x150.png 150w\" sizes=\"(max-width: 300px) 100vw, 300px\" \/><\/h3>\n<h3 style=\"text-align: center;\"><strong>Centrum Wspierania Edukacji i Przedsi\u0119biorczo\u015bci (CWEP) \u2013 Polonia<\/strong><\/h3>\n<p>Centrul de Sprijin pentru Educa\u021bie \u0219i Antreprenoriat (CWEP) este o organiza\u021bie neguvernamental\u0103, fondat\u0103 \u00een 2004 de un grup de antreprenori, profesori \u0219i activi\u0219ti sociali din Rzesz\u00f3w, Polonia. CWEP coopereaz\u0103 cu \u00eentreprinderi \u0219i institu\u021bii de \u00eenv\u0103\u021b\u0103m\u00e2nt. Misiunea CWEP este de a cre\u0219te calitatea form\u0103rii educa\u021bionale la toate nivelurile \u0219i sub toate formele sale, precum \u0219i de a promova antreprenoriatul, pentru a favoriza integrarea oric\u0103rui grup social, indiferent de sex, v\u00e2rst\u0103 sau origine etnic\u0103 a acestuia. \u00cen special, obiectivele sunt de a \u00eembun\u0103t\u0103\u021bi accesibilitatea, calitatea \u0219i eficien\u021ba educa\u021biei tuturor oamenilor, de a promova \u0219i de a contribui la educa\u021bia adul\u021bilor, \u00eenv\u0103\u021barea pe tot parcursul vie\u021bii, e-learning \u0219i utilizarea noilor tehnologii \u00een educa\u021bie \u0219i antreprenoriat. Asocia\u021bia lucreaz\u0103 cu mul\u021bi parteneri din Europa pentru a consolida pozi\u021bia economic\u0103 a \u00eentreprinderilor \u0219i ofer\u0103 platforme on-line pentru companii.<\/p>\n<p>Site web: <a href=\"http:\/\/www.cwep.eu\/\">www.cwep.eu<\/a><\/p>\n<hr \/>\n<h3><img decoding=\"async\" class=\"wp-image-119 size-full aligncenter\" src=\"https:\/\/mcre.erasmus.site\/wp-content\/uploads\/2022\/07\/lovila.png\" alt=\"\" width=\"300\" height=\"300\" srcset=\"https:\/\/mcre.erasmus.site\/wp-content\/uploads\/2022\/07\/lovila.png 300w, https:\/\/mcre.erasmus.site\/wp-content\/uploads\/2022\/07\/lovila-150x150.png 150w\" sizes=\"(max-width: 300px) 100vw, 300px\" \/><\/h3>\n<h3 style=\"text-align: center;\"><strong>Lovila Limited \u2013 Cipru<\/strong><\/h3>\n<p>Lovila este o institu\u021bie cipriot\u0103 de consultan\u021b\u0103 \u0219i formare, \u00eenfiin\u021bat\u0103 cu scopul de a stimula dezvoltarea profesional\u0103 \u0219i personal\u0103 a persoanelor, companiilor \u0219i afacerilor nou \u00eenfiin\u021bate, axat\u0103 pe promovarea \u00eenv\u0103\u021b\u0103rii pe tot parcursul vie\u021bii, digitaliz\u0103rii \u0219i inov\u0103rii la diferite niveluri \u0219i contexte de educa\u021bie. Lovila ofer\u0103 servicii firmelor \u0219i antreprenorilor care au nevoie de inovare, formare \u0219i transformare digital\u0103, ce joac\u0103 un rol critic \u00een capacitatea unei organiza\u021bii de a evolua odat\u0103 cu pia\u021ba. Pe de alt\u0103 parte, Lovila ofer\u0103 un suport de formare la nivel \u00eenalt tinerilor \u0219i adul\u021bilor care au nevoie de integrare profesional\u0103, dezvoltarea competen\u021belor \u0219i calific\u0103rilor de baz\u0103, a competen\u021belor digitale \u0219i antreprenoriale, dezvoltarea unei mentalit\u0103\u021bi \u0219i a unui stil de via\u021b\u0103 durabil, integrare \u0219i reintegrare pe pia\u021ba muncii, motivare, consiliere \u0219i orientare \u00een munc\u0103.<\/p>\n<p>Lovila acord\u0103 o importan\u021b\u0103 ridicat\u0103 durabilit\u0103\u021bii mediului \u0219i capacit\u0103\u021bii de a stabiliza rela\u021bia actual\u0103 perturbatoare dintre cultura uman\u0103 \u0219i de afaceri \u0219i lumea vie. \u00cen acest mod, serviciile companiei sunt mereu \u00een c\u0103utarea unor practici de munc\u0103 durabile \u0219i a unui viitor durabil prin educa\u021bie.<\/p>\n<p>Site web: <a href=\"http:\/\/www.lovila.eu\/\" target=\"_blank\" rel=\"noopener\">www.lovila.eu<\/a><\/p>\n<p>Contact: <a href=\"mailto:info@lovila.eu\">info@lovila.eu<\/a><\/p>\n<hr \/>\n<h3><img loading=\"lazy\" decoding=\"async\" class=\"wp-image-122 size-full aligncenter\" src=\"https:\/\/mcre.erasmus.site\/wp-content\/uploads\/2022\/07\/meus.png\" alt=\"\" width=\"300\" height=\"300\" srcset=\"https:\/\/mcre.erasmus.site\/wp-content\/uploads\/2022\/07\/meus.png 300w, https:\/\/mcre.erasmus.site\/wp-content\/uploads\/2022\/07\/meus-150x150.png 150w\" sizes=\"(max-width: 300px) 100vw, 300px\" \/><\/h3>\n<h3 style=\"text-align: center;\"><strong>MEUS \u2013 Spania<\/strong><\/h3>\n<p>MEUS este o organiza\u021bie privat\u0103 cu sediul \u00een Valencia, Spania, care are ca scop \u00eembun\u0103t\u0103\u021birea capacit\u0103\u021bilor oamenilor \u00een mediul lor, at\u00e2t la nivel profesional, c\u00e2t \u0219i la nivel personal. Astfel, se axeaz\u0103 pe dezvoltarea competen\u021belor indivizilor \u00een fiecare etap\u0103 a vie\u021bii lor, de la \u0219coal\u0103 p\u00e2n\u0103 la educa\u021bia adul\u021bilor, \u0219i formare continu\u0103 pe parcursul vie\u021bii profesionale.<\/p>\n<p>\u00cen conformitate cu strategia european\u0103 pentru educa\u021bie, MEUS lucreaz\u0103 la dezvoltarea unor noi materiale de instruire \u0219i metodologii adaptate diferitelor nevoi ale grupurilor \u021bint\u0103 \u0219i ale pie\u021bei, \u00eembun\u0103t\u0103\u021bind astfel integrarea pe pia\u021ba muncii, formarea continu\u0103 \u0219i dezvoltarea \u00een munc\u0103. MEUS lucreaz\u0103 \u00een mod special pe toate abilit\u0103\u021bile (comunicare, lucru \u00een echip\u0103, rezolvare de probleme, etc.) de care au nevoie angaja\u021bii din toate domeniile (inteligent\u0103 artificial\u0103, IT, servicii, comer\u021b, s\u0103n\u0103tate, etc). De asemenea, \u00eencurajeaz\u0103 dezvoltarea de noi proiecte de afaceri, oferind evaluare \u0219i instruire antreprenorilor, sprijinindu-i s\u0103 fie creativi, inovatori \u0219i de succes \u00een ini\u021biativele lor.<\/p>\n<p>MEUS exploreaz\u0103 \u0219i promoveaz\u0103 modele de afaceri durabile, urm\u0103rind implementarea celor mai bune practici de responsabilitate social\u0103 a \u00eentreprinderilor. MEUS sprijin\u0103 cu fermitate sectoarele noi \u0219i \u00een cre\u0219tere ale economiei \u0219i este atent\u0103 la schimb\u0103rile societ\u0103\u021bii, implic\u00e2ndu-se mai ales \u00een probleme precum economia verde (\u0219i competen\u021bele verzi), economia portocalie (cultur\u0103), TIC, adaptarea la \u00eemb\u0103tr\u00e2nirea popula\u021biei \u0219i noile caracteristici demografice care genereaz\u0103 o cerere mai mare de servicii la fa\u021ba locului, etc.<\/p>\n<p>Site web: <a href=\"http:\/\/www.meuskills.eu\/\">www.meuskills.eu<\/a><\/p>\n<hr \/>\n<h3><img loading=\"lazy\" decoding=\"async\" class=\"wp-image-125 size-full aligncenter\" src=\"https:\/\/mcre.erasmus.site\/wp-content\/uploads\/2022\/07\/tucep.png\" alt=\"\" width=\"300\" height=\"300\" srcset=\"https:\/\/mcre.erasmus.site\/wp-content\/uploads\/2022\/07\/tucep.png 300w, https:\/\/mcre.erasmus.site\/wp-content\/uploads\/2022\/07\/tucep-150x150.png 150w\" sizes=\"(max-width: 300px) 100vw, 300px\" \/><\/h3>\n<h3 style=\"text-align: center;\"><strong>TUCEP \u2013 Italia<\/strong><\/h3>\n<p>TUCEP este o asocia\u021bie non-profit \u00eentre universit\u0103\u021bi, \u00eentreprinderi \u0219i institu\u021bii publice, \u00eenfiin\u021bat\u0103 \u00een 1992.<\/p>\n<p>Misiunea TUCEP este de a favoriza \u0219i dezvolta cooperarea dintre universit\u0103\u021bi \u0219i lumea muncii, prin realizarea de proiecte de formare, cercetare \u0219i consultan\u021b\u0103, ce vizeaz\u0103 promovarea inova\u021biei \u0219i a calit\u0103\u021bii \u00een \u00eenv\u0103\u021b\u0103m\u00e2ntul profesional \u0219i \u00een procesele de dezvoltare socioeconomic\u0103 la nivel regional, na\u021bional, european.<\/p>\n<p>Av\u00e2nd \u00een vedere acest scop general, TUCEP se angajeaz\u0103:<\/p>\n<ul>\n<li>s\u0103 analizeze nevoile de formare \u0219i profesionale ale \u00eentreprinderilor;<\/li>\n<li>s\u0103 promoveze \u0219i s\u0103 \u00eembun\u0103t\u0103\u021beasc\u0103 know-how-ul entit\u0103\u021bilor publice, \u00eentreprinderilor \u0219i altor operatori economici, prin planificarea \u0219i realizarea de parcursuri de formare specifice, adresate antreprenorilor, managerilor \u0219i tehnicienilor;<\/li>\n<li>s\u0103 favorizeze dob\u00e2ndirea \u0219i actualizarea competen\u021belor cheie \u0219i profesionale de c\u0103tre tineri \u0219i adul\u021bi, astfel \u00eenc\u00e2t s\u0103 permit\u0103 accesul sau repozi\u021bionarea acestora pe pia\u021ba muncii;<\/li>\n<li>s\u0103 realizeze activit\u0103\u021bi de studiu pentru diseminarea informa\u021biei, \u00een special \u00een domeniile produc\u021biei \u0219i managementului \u0219i dezvoltarea tehnologiilor avansate;<\/li>\n<li>s\u0103 creeze programe de mobilitate transna\u021bional\u0103 \u00eentre universit\u0103\u021bi \u0219i mediul de afaceri;<\/li>\n<li>s\u0103 desf\u0103\u0219oare proiecte-pilot la nivel european, na\u021bional \u0219i regional, care vizeaz\u0103 experimentarea unor abord\u0103ri inovatoare \u0219i bune practici \u00een domeniul educa\u021biei, cercet\u0103rii, dezvolt\u0103rii afacerilor \u0219i coeziunii sociale.<\/li>\n<\/ul>\n<p>TUCEP este acreditat\u0103 de Regiunea Umbria pentru realizarea de formare superioar\u0103, continu\u0103 \u0219i permanent\u0103 \u0219i este certificat\u0103 conform standardelor UNI EN ISO 9001:2015.<\/p>\n<p>Site web: <a href=\"http:\/\/www.tucep.org\/\">www.tucep.org<\/a><\/p>\n<hr \/>\n<h3><img loading=\"lazy\" decoding=\"async\" class=\"wp-image-124 size-full aligncenter\" src=\"https:\/\/mcre.erasmus.site\/wp-content\/uploads\/2022\/07\/labc.png\" alt=\"\" width=\"300\" height=\"300\" srcset=\"https:\/\/mcre.erasmus.site\/wp-content\/uploads\/2022\/07\/labc.png 300w, https:\/\/mcre.erasmus.site\/wp-content\/uploads\/2022\/07\/labc-150x150.png 150w\" sizes=\"(max-width: 300px) 100vw, 300px\" \/><\/h3>\n<h3 style=\"text-align: center;\"><strong>LABC \u2013 Italia<\/strong><\/h3>\n<p>LABC este o companie cu sediul \u00een Torino (IT), ce \u00ee\u0219i propune s\u0103 \u00eemp\u0103rt\u0103\u0219easc\u0103 \u0219i s\u0103 construiasc\u0103, pornind de la experien\u021ba profesioni\u0219tilor, \u00een domeniul bun\u0103st\u0103rii individuale \u0219i comunitare, al muncii \u00een grup, al educa\u021biei \u0219i al form\u0103rii, al reintegr\u0103rii pe pia\u021ba muncii \u0219i al managementului de proiecte.<\/p>\n<p>LABC este o comunitate de \u00eenv\u0103\u021bare paneuropean\u0103, care adopt\u0103 \u0219i \u00eemp\u0103rt\u0103\u0219e\u0219te principii legate de:<\/p>\n<ul>\n<li>\u00eenv\u0103\u021barea colaborativ\u0103: schimb\u0103m, \u00eembun\u0103t\u0103\u021bim \u0219i \u00eemp\u0103rt\u0103\u0219im experien\u021be, resurse \u0219i abilit\u0103\u021bi, pentru a optimiza colabor\u0103rile interna\u021bionale \u0219i intermodale, dezvolt\u0103m \u0219i transfer\u0103m metodologii \u0219i practici;<\/li>\n<li>generativitate: stabilim, sprijinim \u0219i ghid\u0103m capacitatea de a crea, genera \u0219i produce noi instrumente, modele \u0219i practici psihologice, sociale \u0219i educa\u021bionale, cu scopul de a le r\u0103sp\u00e2ndi liber \u00een \u00eentreaga comunitate.<\/li>\n<\/ul>\n<p>LABC este activ\u0103 \u0219i are experien\u021b\u0103 \u00een:<\/p>\n<ul>\n<li>\u00eengrijire, bun\u0103stare individual\u0103 \u0219i comunitar\u0103, printr-o gam\u0103 larg\u0103 de activit\u0103\u021bi, inclusiv sesiuni de lucru \u00een grup, supervizare, instruire, consultan\u021b\u0103 \u00een management, organizare de evenimente publice, prelegeri \u0219i seminarii;<\/li>\n<\/ul>\n<p>educa\u021bie \u0219i cercetare, prin proiectarea metodologiilor de \u00eenv\u0103\u021bare \u0219i implementarea materialelor \u0219i instrumentelor de instruire dedicate \u00eembun\u0103t\u0103\u021birii gradului de con\u0219tientizare a participan\u021bilor \u0219i destinatarilor asupra subiectelor de interes deosebit din domeniile psihologic, educa\u021bional, social \u0219i de mediu.<\/p>\n<p>Site web: <a href=\"https:\/\/labcentro.it\/\">https:\/\/labcentro.it\/<\/a><\/p>\n<hr \/>\n<h3><img loading=\"lazy\" decoding=\"async\" class=\"wp-image-127 size-full aligncenter\" src=\"https:\/\/mcre.erasmus.site\/wp-content\/uploads\/2022\/07\/ed.png\" alt=\"\" width=\"300\" height=\"300\" srcset=\"https:\/\/mcre.erasmus.site\/wp-content\/uploads\/2022\/07\/ed.png 300w, https:\/\/mcre.erasmus.site\/wp-content\/uploads\/2022\/07\/ed-150x150.png 150w\" sizes=\"(max-width: 300px) 100vw, 300px\" \/><\/h3>\n<h3 style=\"text-align: center;\"><strong>E&amp;D Knowledge Consulting \u2013 Portugalia<\/strong><\/h3>\n<p>E&amp;D Knowledge Consulting este o companie de consultan\u021b\u0103, specializat\u0103 \u00een domeniile inova\u021biei \u0219i managementului cuno\u0219tin\u021belor \u0219i dezvolt\u0103rii abilit\u0103\u021bilor pentru antreprenoriat \u0219i inovare. Principalele linii de consultan\u021b\u0103 ale E&amp;D acoper\u0103 strategii, mentorat \u0219i formare pentru:<\/p>\n<ul>\n<li>dezvoltarea de strategii \u0219i procese de inovare \u00een cadrul organiza\u021biilor,<\/li>\n<li>stabilirea unei culturi propice creativit\u0103\u021bii \u0219i inov\u0103rii,<\/li>\n<li>dezvoltarea abilit\u0103\u021bilor necesare inov\u0103rii \u0219i creativit\u0103\u021bii (tehnici de idea\u021bie, g\u00e2ndire critic\u0103, comportamente de colaborare, mentalitate inovatoare etc.),<\/li>\n<li>modele de afaceri pentru inovare \u0219i inovarea modelelor de afaceri,<\/li>\n<li>co-crearea de inovare \u0219i cunoa\u0219tere (mecanisme, instrumente \u0219i strategii pentru inovare colaborativ\u0103 \u0219i transfer de cuno\u0219tin\u021be),<\/li>\n<li>evaluarea \u0219i monitorizarea abilit\u0103\u021bilor de inovare \u0219i a nevoilor de \u00eembun\u0103t\u0103\u021bire.<\/li>\n<\/ul>\n<p>E&amp;D Knowledge Consulting ofer\u0103 solu\u021bii personalizate pentru nevoile fiec\u0103rui client \u00een domeniile inov\u0103rii \u0219i antreprenoriatului, care permit organiza\u021biilor:<\/p>\n<ul>\n<li>s\u0103 \u00ee\u0219i maximizeze performan\u021ba,<\/li>\n<li>s\u0103 \u00ee\u0219i m\u0103reasc\u0103 capacitatea de inovare,<\/li>\n<li>s\u0103 \u00ee\u0219i diagnosticheze pozi\u021bia lor actual\u0103 pe pia\u021b\u0103 \u0219i poten\u021bialul de cre\u0219tere,<\/li>\n<li>s\u0103 \u00ee\u0219i dezvolte baza de cuno\u0219tin\u021be,<\/li>\n<li>s\u0103 devin\u0103 mai competitive, \u0219i<\/li>\n<li>s\u0103 \u00ee\u0219i defineasc\u0103 strategia de dezvoltare durabil\u0103 pentru companie \u0219i alte organiza\u021bii.<\/li>\n<\/ul>\n<p>\u00cen acest fel, E&amp;D Knowledge Consulting \u00ee\u0219i propune s\u0103 impulsioneze dezvoltarea social\u0103 \u0219i economic\u0103 prin promovarea unor cet\u0103\u021beni, angaja\u021bi \u0219i lideri mai inovatori, califica\u021bi \u0219i implica\u021bi \u0219i s\u0103 sprijine crearea \u0219i cre\u0219terea inov\u0103rii \u0219i a liderilor de pia\u021b\u0103. Activit\u0103\u021bile sale acoper\u0103 ateliere integrate, mentorat \u0219i coaching, consultan\u021b\u0103 \u0219i proiecte.<\/p>\n<p>Site web: <a href=\"http:\/\/edknowledgeconsulting.com\/\">http:\/\/edknowledgeconsulting.com\/<\/a><\/p>","protected":false},"excerpt":{"rendered":"<p>ADES \u2013 Asocia\u021bia de Dezvoltare Economico-Social\u0103, Curtea de Arge\u0219, Rom\u00e2nia \u2013 Coordonatorul proiectului ADES este o organiza\u021bie non-profit, care a devenit entitate juridic\u0103 (ONG) \u00een iunie 1995. Misiunea ADES este de a crea schimb\u0103ri sociale \u0219i economice pozitive \u00een comunit\u0103\u021bile din toat\u0103 Rom\u00e2nia, \u00eentr-o manier\u0103 profesional\u0103, etic\u0103 \u0219i responsabil\u0103. Echipa ADES urm\u0103re\u0219te dezvoltarea abilit\u0103\u021bilor personale&hellip;&nbsp;<a href=\"https:\/\/mcre.erasmus.site\/ro\/partnership\/\" rel=\"bookmark\">Cite\u0219te mai mult &raquo;<span class=\"screen-reader-text\">Parteneriat<\/span><\/a><\/p>\n","protected":false},"author":1,"featured_media":0,"parent":0,"menu_order":0,"comment_status":"closed","ping_status":"closed","template":"","meta":{"neve_meta_sidebar":"","neve_meta_container":"","neve_meta_enable_content_width":"off","neve_meta_content_width":100,"neve_meta_title_alignment":"","neve_meta_author_avatar":"","neve_post_elements_order":"","neve_meta_disable_header":"","neve_meta_disable_footer":"","neve_meta_disable_title":"","footnotes":""},"class_list":["post-111","page","type-page","status-publish","hentry"],"_links":{"self":[{"href":"https:\/\/mcre.erasmus.site\/ro\/wp-json\/wp\/v2\/pages\/111","targetHints":{"allow":["GET"]}}],"collection":[{"href":"https:\/\/mcre.erasmus.site\/ro\/wp-json\/wp\/v2\/pages"}],"about":[{"href":"https:\/\/mcre.erasmus.site\/ro\/wp-json\/wp\/v2\/types\/page"}],"author":[{"embeddable":true,"href":"https:\/\/mcre.erasmus.site\/ro\/wp-json\/wp\/v2\/users\/1"}],"replies":[{"embeddable":true,"href":"https:\/\/mcre.erasmus.site\/ro\/wp-json\/wp\/v2\/comments?post=111"}],"version-history":[{"count":13,"href":"https:\/\/mcre.erasmus.site\/ro\/wp-json\/wp\/v2\/pages\/111\/revisions"}],"predecessor-version":[{"id":262,"href":"https:\/\/mcre.erasmus.site\/ro\/wp-json\/wp\/v2\/pages\/111\/revisions\/262"}],"wp:attachment":[{"href":"https:\/\/mcre.erasmus.site\/ro\/wp-json\/wp\/v2\/media?parent=111"}],"curies":[{"name":"wp","href":"https:\/\/api.w.org\/{rel}","templated":true}]}}