{"id":2,"date":"2022-07-05T06:15:54","date_gmt":"2022-07-05T06:15:54","guid":{"rendered":"https:\/\/mcre.erasmus.site\/?page_id=2"},"modified":"2022-12-13T10:13:34","modified_gmt":"2022-12-13T10:13:34","slug":"home","status":"publish","type":"page","link":"https:\/\/mcre.erasmus.site\/ro\/","title":{"rendered":"Acas\u0103"},"content":{"rendered":"\t\t<div data-elementor-type=\"wp-page\" data-elementor-id=\"2\" class=\"elementor elementor-2\">\n\t\t\t\t\t\t<section class=\"elementor-section elementor-top-section elementor-element elementor-element-b46c4d5 elementor-section-height-min-height elementor-section-boxed elementor-section-height-default elementor-section-items-middle\" data-id=\"b46c4d5\" data-element_type=\"section\" data-e-type=\"section\" data-settings=\"{&quot;background_background&quot;:&quot;classic&quot;}\">\n\t\t\t\t\t\t\t<div class=\"elementor-background-overlay\"><\/div>\n\t\t\t\t\t\t\t<div class=\"elementor-container elementor-column-gap-default\">\n\t\t\t\t\t<div class=\"elementor-column elementor-col-100 elementor-top-column elementor-element elementor-element-20d2973\" data-id=\"20d2973\" data-element_type=\"column\" data-e-type=\"column\">\n\t\t\t<div class=\"elementor-widget-wrap elementor-element-populated\">\n\t\t\t\t\t\t<div class=\"elementor-element elementor-element-6472071 e-transform elementor-widget elementor-widget-heading\" data-id=\"6472071\" data-element_type=\"widget\" data-e-type=\"widget\" data-settings=\"{&quot;_transform_scale_effect_hover&quot;:{&quot;unit&quot;:&quot;px&quot;,&quot;size&quot;:1.1,&quot;sizes&quot;:[]},&quot;_transform_scale_effect_hover_tablet&quot;:{&quot;unit&quot;:&quot;px&quot;,&quot;size&quot;:&quot;&quot;,&quot;sizes&quot;:[]},&quot;_transform_scale_effect_hover_mobile&quot;:{&quot;unit&quot;:&quot;px&quot;,&quot;size&quot;:&quot;&quot;,&quot;sizes&quot;:[]}}\" data-widget_type=\"heading.default\">\n\t\t\t\t<div class=\"elementor-widget-container\">\n\t\t\t\t\t<h2 class=\"elementor-heading-title elementor-size-default\">MCRE - Educa\u021bie Media, g\u00e2ndire critic\u0103 \u0219i viziune CREativ\u0103 - o abordare eficient\u0103 de \u00eenv\u0103\u021bare pentru persoanele cu mai pu\u021bine oportunit\u0103\u021bi<\/h2>\t\t\t\t<\/div>\n\t\t\t\t<\/div>\n\t\t\t\t<div class=\"elementor-element elementor-element-4f49bde elementor-widget elementor-widget-text-editor\" data-id=\"4f49bde\" data-element_type=\"widget\" data-e-type=\"widget\" data-widget_type=\"text-editor.default\">\n\t\t\t\t<div class=\"elementor-widget-container\">\n\t\t\t\t\t\t\t\t\t<p>Num\u0103r de referin\u021b\u0103: 2021-1-RO01-KA220-ADU-000033435<br \/>Durata proiectului: 01.01.2022 \u2013 31.12.2023<\/p>\t\t\t\t\t\t\t\t<\/div>\n\t\t\t\t<\/div>\n\t\t\t\t\t<\/div>\n\t\t<\/div>\n\t\t\t\t\t<\/div>\n\t\t<\/section>\n\t\t\t\t<section class=\"elementor-section elementor-top-section elementor-element elementor-element-8855ca6 elementor-section-height-min-height elementor-section-boxed elementor-section-height-default elementor-section-items-middle\" data-id=\"8855ca6\" data-element_type=\"section\" data-e-type=\"section\">\n\t\t\t\t\t\t<div class=\"elementor-container elementor-column-gap-default\">\n\t\t\t\t\t<div class=\"elementor-column elementor-col-50 elementor-top-column elementor-element elementor-element-413741b\" data-id=\"413741b\" data-element_type=\"column\" data-e-type=\"column\">\n\t\t\t<div class=\"elementor-widget-wrap elementor-element-populated\">\n\t\t\t\t\t\t<div class=\"elementor-element elementor-element-caa80aa elementor-widget elementor-widget-menu-anchor\" data-id=\"caa80aa\" data-element_type=\"widget\" data-e-type=\"widget\" data-widget_type=\"menu-anchor.default\">\n\t\t\t\t<div class=\"elementor-widget-container\">\n\t\t\t\t\t\t\t<div class=\"elementor-menu-anchor\" id=\"about\"><\/div>\n\t\t\t\t\t\t<\/div>\n\t\t\t\t<\/div>\n\t\t\t\t<div class=\"elementor-element elementor-element-994c0a1 e-transform elementor-widget elementor-widget-heading\" data-id=\"994c0a1\" data-element_type=\"widget\" data-e-type=\"widget\" data-settings=\"{&quot;_transform_scale_effect_hover&quot;:{&quot;unit&quot;:&quot;px&quot;,&quot;size&quot;:1.1,&quot;sizes&quot;:[]},&quot;_transform_scale_effect_hover_tablet&quot;:{&quot;unit&quot;:&quot;px&quot;,&quot;size&quot;:&quot;&quot;,&quot;sizes&quot;:[]},&quot;_transform_scale_effect_hover_mobile&quot;:{&quot;unit&quot;:&quot;px&quot;,&quot;size&quot;:&quot;&quot;,&quot;sizes&quot;:[]}}\" data-widget_type=\"heading.default\">\n\t\t\t\t<div class=\"elementor-widget-container\">\n\t\t\t\t\t<h2 class=\"elementor-heading-title elementor-size-default\">Despre proiect<\/h2>\t\t\t\t<\/div>\n\t\t\t\t<\/div>\n\t\t\t\t<div class=\"elementor-element elementor-element-f782fa7 elementor-widget elementor-widget-text-editor\" data-id=\"f782fa7\" data-element_type=\"widget\" data-e-type=\"widget\" data-widget_type=\"text-editor.default\">\n\t\t\t\t<div class=\"elementor-widget-container\">\n\t\t\t\t\t\t\t\t\t<p>Odat\u0103 cu dezvoltarea rapid\u0103 a tehnologiilor informa\u021biei \u0219i comunica\u021biilor, combinat\u0103 cu schimb\u0103rile socio-demografice, adul\u021bii \u00een v\u00e2rst\u0103 de peste 50 de ani, adul\u021bii slab califica\u021bi sau slab educa\u021bi sunt supu\u0219i unei presiuni mai mari dec\u00e2t oric\u00e2nd. Pentru a \u021bine pasul cu schimb\u0103rile, este necesar s\u0103 existe un nivel adecvat de alfabetizare media pentru a evita excluziunea digital\u0103 sau financiar\u0103 \u0219i pentru a limita \u0219ansele de excludere profesional\u0103 sau social\u0103. Pe m\u0103sur\u0103 ce convergen\u021ba media progreseaz\u0103, la fel progreseaz\u0103 \u0219i convergen\u021ba competen\u021belor. Convergen\u021ba media nu este altceva dec\u00e2t o combina\u021bie de mass-media, telecomunica\u021bii \u0219i tehnologia informa\u021biei. Pe m\u0103sur\u0103 ce aceste domenii se suprapun, exist\u0103 \u0219i un proces de convergen\u021b\u0103 a competen\u021belor, adic\u0103 combinarea competen\u021belor media, informa\u021bionale \u0219i digitale. Implicarea educatorilor de adul\u021bi \u00een activit\u0103\u021bile proiectului este crucial\u0103, deoarece ace\u0219tia trebuie s\u0103 sprijine activ cursan\u021bii adul\u021bi \u00een dob\u00e2ndirea de noi abilit\u0103\u021bi.<\/p><p>Scopul proiectului MCRE este de a promova educa\u021bia adul\u021bilor, de a \u00eembun\u0103t\u0103\u021bi alfabetizarea media \u0219i g\u00e2ndirea critic\u0103 \u0219i de a spori adaptabilitatea la circumstan\u021bele create de pandemia de COVID-19 \u00een r\u00e2ndul persoanelor cu mai pu\u021bine oportunit\u0103\u021bi (persoane slab calificate, tineri \u0219omeri, adul\u021bi afla\u021bi \u00een risc de s\u0103r\u0103cie, etc.) \u0219i educatorilor de adul\u021bi din RO, PL, CY, ES, IT, PT. Proiectul \u00ee\u0219i propune s\u0103 sprijine adul\u021bii \u00een analiza informa\u021biilor, astfel \u00eenc\u00e2t s\u0103 poat\u0103 fi mai rezilien\u021bi \u00een fa\u021ba \u0219tirilor false \u0219i a dezinform\u0103rii \u0219i s\u0103-i doteze cu instrumente (aplica\u021bie mobil\u0103) de analiz\u0103 a \u0219tirilor false.<\/p>\t\t\t\t\t\t\t\t<\/div>\n\t\t\t\t<\/div>\n\t\t\t\t\t<\/div>\n\t\t<\/div>\n\t\t\t\t<div class=\"elementor-column elementor-col-50 elementor-top-column elementor-element elementor-element-06ea797\" data-id=\"06ea797\" data-element_type=\"column\" data-e-type=\"column\">\n\t\t\t<div class=\"elementor-widget-wrap elementor-element-populated\">\n\t\t\t\t\t\t<div class=\"elementor-element elementor-element-60c7b03 e-transform elementor-widget elementor-widget-image\" data-id=\"60c7b03\" data-element_type=\"widget\" data-e-type=\"widget\" data-settings=\"{&quot;_transform_rotateZ_effect_hover&quot;:{&quot;unit&quot;:&quot;px&quot;,&quot;size&quot;:9,&quot;sizes&quot;:[]},&quot;_transform_rotateZ_effect_hover_tablet&quot;:{&quot;unit&quot;:&quot;deg&quot;,&quot;size&quot;:&quot;&quot;,&quot;sizes&quot;:[]},&quot;_transform_rotateZ_effect_hover_mobile&quot;:{&quot;unit&quot;:&quot;deg&quot;,&quot;size&quot;:&quot;&quot;,&quot;sizes&quot;:[]}}\" data-widget_type=\"image.default\">\n\t\t\t\t<div class=\"elementor-widget-container\">\n\t\t\t\t\t\t\t\t\t\t\t\t\t\t\t<img fetchpriority=\"high\" decoding=\"async\" width=\"1024\" height=\"683\" src=\"https:\/\/mcre.erasmus.site\/wp-content\/uploads\/2022\/07\/cute-girls-with-tablet-on-a-bus-stop-1024x683.jpg\" class=\"attachment-large size-large wp-image-53\" alt=\"\" srcset=\"https:\/\/mcre.erasmus.site\/wp-content\/uploads\/2022\/07\/cute-girls-with-tablet-on-a-bus-stop-1024x683.jpg 1024w, https:\/\/mcre.erasmus.site\/wp-content\/uploads\/2022\/07\/cute-girls-with-tablet-on-a-bus-stop-300x200.jpg 300w, https:\/\/mcre.erasmus.site\/wp-content\/uploads\/2022\/07\/cute-girls-with-tablet-on-a-bus-stop-768x512.jpg 768w, https:\/\/mcre.erasmus.site\/wp-content\/uploads\/2022\/07\/cute-girls-with-tablet-on-a-bus-stop-930x620.jpg 930w, https:\/\/mcre.erasmus.site\/wp-content\/uploads\/2022\/07\/cute-girls-with-tablet-on-a-bus-stop.jpg 1500w\" sizes=\"(max-width: 1024px) 100vw, 1024px\" \/>\t\t\t\t\t\t\t\t\t\t\t\t\t\t\t<\/div>\n\t\t\t\t<\/div>\n\t\t\t\t\t<\/div>\n\t\t<\/div>\n\t\t\t\t\t<\/div>\n\t\t<\/section>\n\t\t\t\t<section class=\"elementor-section elementor-top-section elementor-element elementor-element-9ad2f01 elementor-section-boxed elementor-section-height-default elementor-section-height-default\" data-id=\"9ad2f01\" data-element_type=\"section\" data-e-type=\"section\">\n\t\t\t\t\t\t<div class=\"elementor-container elementor-column-gap-default\">\n\t\t\t\t\t<div class=\"elementor-column elementor-col-100 elementor-top-column elementor-element elementor-element-5e143eb\" data-id=\"5e143eb\" data-element_type=\"column\" data-e-type=\"column\">\n\t\t\t<div class=\"elementor-widget-wrap elementor-element-populated\">\n\t\t\t\t\t\t<div class=\"elementor-element elementor-element-727b672 elementor-widget elementor-widget-menu-anchor\" data-id=\"727b672\" data-element_type=\"widget\" data-e-type=\"widget\" data-widget_type=\"menu-anchor.default\">\n\t\t\t\t<div class=\"elementor-widget-container\">\n\t\t\t\t\t\t\t<div class=\"elementor-menu-anchor\" id=\"results\"><\/div>\n\t\t\t\t\t\t<\/div>\n\t\t\t\t<\/div>\n\t\t\t\t<div class=\"elementor-element elementor-element-416c8db elementor-widget elementor-widget-heading\" data-id=\"416c8db\" data-element_type=\"widget\" data-e-type=\"widget\" data-widget_type=\"heading.default\">\n\t\t\t\t<div class=\"elementor-widget-container\">\n\t\t\t\t\t<h2 class=\"elementor-heading-title elementor-size-default\">Rezultatele proiectului<\/h2>\t\t\t\t<\/div>\n\t\t\t\t<\/div>\n\t\t\t\t\t<\/div>\n\t\t<\/div>\n\t\t\t\t\t<\/div>\n\t\t<\/section>\n\t\t\t\t<section class=\"elementor-section elementor-top-section elementor-element elementor-element-e13e78e elementor-section-boxed elementor-section-height-default elementor-section-height-default\" data-id=\"e13e78e\" data-element_type=\"section\" data-e-type=\"section\">\n\t\t\t\t\t\t<div class=\"elementor-container elementor-column-gap-default\">\n\t\t\t\t\t<div class=\"elementor-column elementor-col-50 elementor-top-column elementor-element elementor-element-0ef19f5\" data-id=\"0ef19f5\" data-element_type=\"column\" data-e-type=\"column\">\n\t\t\t<div class=\"elementor-widget-wrap elementor-element-populated\">\n\t\t\t\t\t\t<div class=\"elementor-element elementor-element-888f226 elementor-widget elementor-widget-image\" data-id=\"888f226\" data-element_type=\"widget\" data-e-type=\"widget\" data-widget_type=\"image.default\">\n\t\t\t\t<div class=\"elementor-widget-container\">\n\t\t\t\t\t\t\t\t\t\t\t\t\t\t\t\t<a href=\"https:\/\/mcre.erasmus.site\/the-mcre-e-book\/\">\n\t\t\t\t\t\t\t<img decoding=\"async\" width=\"300\" height=\"300\" src=\"https:\/\/mcre.erasmus.site\/wp-content\/uploads\/2022\/07\/open-pages-book-e-book-online-learning-graphic-concept-300x300.jpg\" class=\"attachment-medium size-medium wp-image-67\" alt=\"\" srcset=\"https:\/\/mcre.erasmus.site\/wp-content\/uploads\/2022\/07\/open-pages-book-e-book-online-learning-graphic-concept-300x300.jpg 300w, https:\/\/mcre.erasmus.site\/wp-content\/uploads\/2022\/07\/open-pages-book-e-book-online-learning-graphic-concept-150x150.jpg 150w, https:\/\/mcre.erasmus.site\/wp-content\/uploads\/2022\/07\/open-pages-book-e-book-online-learning-graphic-concept-768x768.jpg 768w, https:\/\/mcre.erasmus.site\/wp-content\/uploads\/2022\/07\/open-pages-book-e-book-online-learning-graphic-concept.jpg 1000w\" sizes=\"(max-width: 300px) 100vw, 300px\" \/>\t\t\t\t\t\t\t\t<\/a>\n\t\t\t\t\t\t\t\t\t\t\t\t\t\t\t<\/div>\n\t\t\t\t<\/div>\n\t\t\t\t<div class=\"elementor-element elementor-element-e24950a elementor-widget elementor-widget-heading\" data-id=\"e24950a\" data-element_type=\"widget\" data-e-type=\"widget\" data-widget_type=\"heading.default\">\n\t\t\t\t<div class=\"elementor-widget-container\">\n\t\t\t\t\t<h2 class=\"elementor-heading-title elementor-size-default\"><a href=\"https:\/\/mcre.erasmus.site\/the-mcre-e-book\/\">PR1 \u2013 Ghidul MCRE<\/a><\/h2>\t\t\t\t<\/div>\n\t\t\t\t<\/div>\n\t\t\t\t\t<\/div>\n\t\t<\/div>\n\t\t\t\t<div class=\"elementor-column elementor-col-50 elementor-top-column elementor-element elementor-element-bcc40dc\" data-id=\"bcc40dc\" data-element_type=\"column\" data-e-type=\"column\">\n\t\t\t<div class=\"elementor-widget-wrap elementor-element-populated\">\n\t\t\t\t\t\t<div class=\"elementor-element elementor-element-25ca46d elementor-widget elementor-widget-image\" data-id=\"25ca46d\" data-element_type=\"widget\" data-e-type=\"widget\" data-widget_type=\"image.default\">\n\t\t\t\t<div class=\"elementor-widget-container\">\n\t\t\t\t\t\t\t\t\t\t\t\t\t\t\t\t<a href=\"https:\/\/mcre.erasmus.site\/mcre-mobile-application\/\">\n\t\t\t\t\t\t\t<img decoding=\"async\" width=\"300\" height=\"300\" src=\"https:\/\/mcre.erasmus.site\/wp-content\/uploads\/2022\/07\/mcre-result.png\" class=\"attachment-large size-large wp-image-71\" alt=\"\" srcset=\"https:\/\/mcre.erasmus.site\/wp-content\/uploads\/2022\/07\/mcre-result.png 300w, https:\/\/mcre.erasmus.site\/wp-content\/uploads\/2022\/07\/mcre-result-150x150.png 150w\" sizes=\"(max-width: 300px) 100vw, 300px\" \/>\t\t\t\t\t\t\t\t<\/a>\n\t\t\t\t\t\t\t\t\t\t\t\t\t\t\t<\/div>\n\t\t\t\t<\/div>\n\t\t\t\t<div class=\"elementor-element elementor-element-9dedc29 elementor-widget elementor-widget-heading\" data-id=\"9dedc29\" data-element_type=\"widget\" data-e-type=\"widget\" data-widget_type=\"heading.default\">\n\t\t\t\t<div class=\"elementor-widget-container\">\n\t\t\t\t\t<h2 class=\"elementor-heading-title elementor-size-default\"><a href=\"https:\/\/mcre.erasmus.site\/mcre-mobile-application\/\">PR2 \u2013 Aplica\u021bia de mobil MCRE<\/a><\/h2>\t\t\t\t<\/div>\n\t\t\t\t<\/div>\n\t\t\t\t\t<\/div>\n\t\t<\/div>\n\t\t\t\t\t<\/div>\n\t\t<\/section>\n\t\t\t\t<\/div>\n\t\t","protected":false},"excerpt":{"rendered":"<p>MCRE &#8211; Educa\u021bie Media, g\u00e2ndire critic\u0103 \u0219i viziune CREativ\u0103 &#8211; o abordare eficient\u0103 de \u00eenv\u0103\u021bare pentru persoanele cu mai pu\u021bine oportunit\u0103\u021bi Num\u0103r de referin\u021b\u0103: 2021-1-RO01-KA220-ADU-000033435Durata proiectului: 01.01.2022 \u2013 31.12.2023 Despre proiect Odat\u0103 cu dezvoltarea rapid\u0103 a tehnologiilor informa\u021biei \u0219i comunica\u021biilor, combinat\u0103 cu schimb\u0103rile socio-demografice, adul\u021bii \u00een v\u00e2rst\u0103 de peste 50 de ani, adul\u021bii slab califica\u021bi&hellip;&nbsp;<a href=\"https:\/\/mcre.erasmus.site\/ro\/\" rel=\"bookmark\">Cite\u0219te mai mult &raquo;<span class=\"screen-reader-text\">Acas\u0103<\/span><\/a><\/p>\n","protected":false},"author":1,"featured_media":0,"parent":0,"menu_order":0,"comment_status":"closed","ping_status":"open","template":"page-templates\/template-pagebuilder-full-width.php","meta":{"neve_meta_sidebar":"","neve_meta_container":"","neve_meta_enable_content_width":"off","neve_meta_content_width":100,"neve_meta_title_alignment":"","neve_meta_author_avatar":"","neve_post_elements_order":"","neve_meta_disable_header":"","neve_meta_disable_footer":"","neve_meta_disable_title":"","footnotes":""},"class_list":["post-2","page","type-page","status-publish","hentry"],"_links":{"self":[{"href":"https:\/\/mcre.erasmus.site\/ro\/wp-json\/wp\/v2\/pages\/2","targetHints":{"allow":["GET"]}}],"collection":[{"href":"https:\/\/mcre.erasmus.site\/ro\/wp-json\/wp\/v2\/pages"}],"about":[{"href":"https:\/\/mcre.erasmus.site\/ro\/wp-json\/wp\/v2\/types\/page"}],"author":[{"embeddable":true,"href":"https:\/\/mcre.erasmus.site\/ro\/wp-json\/wp\/v2\/users\/1"}],"replies":[{"embeddable":true,"href":"https:\/\/mcre.erasmus.site\/ro\/wp-json\/wp\/v2\/comments?post=2"}],"version-history":[{"count":140,"href":"https:\/\/mcre.erasmus.site\/ro\/wp-json\/wp\/v2\/pages\/2\/revisions"}],"predecessor-version":[{"id":300,"href":"https:\/\/mcre.erasmus.site\/ro\/wp-json\/wp\/v2\/pages\/2\/revisions\/300"}],"wp:attachment":[{"href":"https:\/\/mcre.erasmus.site\/ro\/wp-json\/wp\/v2\/media?parent=2"}],"curies":[{"name":"wp","href":"https:\/\/api.w.org\/{rel}","templated":true}]}}