{"id":78,"date":"2022-07-05T08:53:15","date_gmt":"2022-07-05T08:53:15","guid":{"rendered":"https:\/\/mcre.erasmus.site\/?page_id=78"},"modified":"2024-02-29T11:05:46","modified_gmt":"2024-02-29T11:05:46","slug":"the-mcre-e-book","status":"publish","type":"page","link":"https:\/\/mcre.erasmus.site\/ro\/the-mcre-e-book\/","title":{"rendered":"Ghidul MCRE"},"content":{"rendered":"<p><\/p>\n<p style=\"text-align: center;\"><a class=\"btn\" href=\"https:\/\/mcre.erasmus.site\/country-reports\/\">Rapoarte de \u021bar\u0103<\/a><\/p>\n<p style=\"text-align: center;\"><a class=\"btn\" target=\"_blank\" href=\"\/wp-content\/uploads\/2024\/02\/MCRE_Infographic_RO.pdf\" rel=\"noopener\">Inforgrafic<\/a><\/p>\n<p>&nbsp;<\/p>\n<p><img fetchpriority=\"high\" decoding=\"async\" class=\"size-medium wp-image-67 aligncenter\" src=\"https:\/\/mcre.erasmus.site\/wp-content\/uploads\/2022\/07\/open-pages-book-e-book-online-learning-graphic-concept-300x300.jpg\" alt=\"\" width=\"300\" height=\"300\" srcset=\"https:\/\/mcre.erasmus.site\/wp-content\/uploads\/2022\/07\/open-pages-book-e-book-online-learning-graphic-concept-300x300.jpg 300w, https:\/\/mcre.erasmus.site\/wp-content\/uploads\/2022\/07\/open-pages-book-e-book-online-learning-graphic-concept-150x150.jpg 150w, https:\/\/mcre.erasmus.site\/wp-content\/uploads\/2022\/07\/open-pages-book-e-book-online-learning-graphic-concept-768x768.jpg 768w, https:\/\/mcre.erasmus.site\/wp-content\/uploads\/2022\/07\/open-pages-book-e-book-online-learning-graphic-concept.jpg 1000w\" sizes=\"(max-width: 300px) 100vw, 300px\" \/><\/p>\n<p>Ghidul MCRE este o colec\u021bie de con\u021binut care va \u00eembun\u0103t\u0103\u021bi abilit\u0103\u021bile de g\u00e2ndire critic\u0103 ale comunit\u0103\u021bii europene (\u0219i \u00een special ale grupului \u021bint\u0103 al acestui proiect) necesare pentru m\u0103rirea capacit\u0103\u021bii acestora de a procesa informa\u021bii din diferite medii. Pandemia de Covid-19 a scos la iveal\u0103 dificult\u0103\u021bi \u00een analizarea informa\u021biilor primite de comunit\u0103\u021bile europene. Acest ghid ofer\u0103 informa\u021bii \u0219i tehnici de \u00eembun\u0103t\u0103\u021bire a capacit\u0103\u021bii de a analiza con\u021binutul primit. Acest lucru va contribui la construirea unei societ\u0103\u021bi mai educate \u0219i mai reziliente (\u00een special grupurile dezavantajate) \u00een fa\u021ba \u0219tirilor false. Ghidul MCRE este, de asemenea, un prim pas c\u0103tre combaterea dezinform\u0103rii \u0219i a miturilor la care sunt expuse comunit\u0103\u021bile europene. Ghidul MCRE va fi disponibil \u00eentr-un format electronic interactiv, pe site-ul web al proiectului. De asemenea, poate fi desc\u0103rcat ca PDF \u0219i citit ca document standard.<br \/>\n<div class=\"_df_book df-lite\" id=\"df_rand1681086885\"  data-title=\"\" wpoptions=\"true\" thumbtype=\"\" source=\"\/wp-content\/uploads\/2023\/12\/MCRE_PR1_E-book_RO.pdf\" ><\/div><\/p>\n<p style=\"text-align: center;\"><a class=\"btn btn-danger\" role=\"button\" href=\"https:\/\/mcre.erasmus.site\/wp-content\/uploads\/2023\/12\/MCRE_PR1_E-book_RO.pdf\" download=\"\">Descarc\u0103 Ghidul MCRE<\/a><\/p>\n<p style=\"text-align: center;\"><a class=\"btn btn-danger\" role=\"button\" href=\"https:\/\/mcre.erasmus.site\/wp-content\/uploads\/2023\/12\/MCRE_E-book_Modul-1_RO.pdf\" download=\"\">Descarc\u0103 modulul 1<\/a><\/p>\n<p style=\"text-align: center;\"><a class=\"btn btn-danger\" role=\"button\" href=\"https:\/\/mcre.erasmus.site\/wp-content\/uploads\/2023\/12\/MCRE_E-book_Modul-2_RO.pdf\" download=\"\">Descarc\u0103 modulul 2<\/a><\/p>\n<p style=\"text-align: center;\"><a class=\"btn btn-danger\" role=\"button\" href=\"https:\/\/mcre.erasmus.site\/wp-content\/uploads\/2023\/12\/MCRE_E-book_Modul-3_RO.pdf\" download=\"\">Descarc\u0103 modulul 3<\/a><\/p>\n<p style=\"text-align: center;\"><a class=\"btn btn-danger\" role=\"button\" href=\"https:\/\/mcre.erasmus.site\/wp-content\/uploads\/2023\/12\/MCRE_E-book_Modul-4_RO.pdf\" download=\"\">Descarc\u0103 modulul 4<\/a><\/p>\n<p style=\"text-align: center;\"><a class=\"btn btn-danger\" role=\"button\" href=\"https:\/\/mcre.erasmus.site\/wp-content\/uploads\/2023\/12\/MCRE_E-book_Modul-5_RO.pdf\" download=\"\">Descarc\u0103 modulul 5<\/a><\/p>\n<p style=\"text-align: center;\"><a class=\"btn btn-danger\" role=\"button\" href=\"https:\/\/mcre.erasmus.site\/wp-content\/uploads\/2023\/12\/MCRE_E-book_Modul-6_RO.pdf\" download=\"\">Descarc\u0103 modulul 6<\/a><\/p>\n<p style=\"text-align: center;\"><a class=\"btn btn-danger\" role=\"button\" href=\"https:\/\/mcre.erasmus.site\/wp-content\/uploads\/2023\/12\/MCRE_E-book_Modul-7_RO.pdf\" download=\"\">Descarc\u0103 modulul 7<\/a><\/p>\n<p><\/p>","protected":false},"excerpt":{"rendered":"<p>Rapoarte de \u021bar\u0103 Inforgrafic &nbsp; Ghidul MCRE este o colec\u021bie de con\u021binut care va \u00eembun\u0103t\u0103\u021bi abilit\u0103\u021bile de g\u00e2ndire critic\u0103 ale comunit\u0103\u021bii europene (\u0219i \u00een special ale grupului \u021bint\u0103 al acestui proiect) necesare pentru m\u0103rirea capacit\u0103\u021bii acestora de a procesa informa\u021bii din diferite medii. Pandemia de Covid-19 a scos la iveal\u0103 dificult\u0103\u021bi \u00een analizarea informa\u021biilor primite&hellip;&nbsp;<a href=\"https:\/\/mcre.erasmus.site\/ro\/the-mcre-e-book\/\" rel=\"bookmark\">Cite\u0219te mai mult &raquo;<span class=\"screen-reader-text\">Ghidul MCRE<\/span><\/a><\/p>\n","protected":false},"author":1,"featured_media":0,"parent":0,"menu_order":0,"comment_status":"closed","ping_status":"closed","template":"","meta":{"neve_meta_sidebar":"","neve_meta_container":"","neve_meta_enable_content_width":"off","neve_meta_content_width":100,"neve_meta_title_alignment":"","neve_meta_author_avatar":"","neve_post_elements_order":"","neve_meta_disable_header":"","neve_meta_disable_footer":"","neve_meta_disable_title":"","footnotes":""},"class_list":["post-78","page","type-page","status-publish","hentry"],"_links":{"self":[{"href":"https:\/\/mcre.erasmus.site\/ro\/wp-json\/wp\/v2\/pages\/78","targetHints":{"allow":["GET"]}}],"collection":[{"href":"https:\/\/mcre.erasmus.site\/ro\/wp-json\/wp\/v2\/pages"}],"about":[{"href":"https:\/\/mcre.erasmus.site\/ro\/wp-json\/wp\/v2\/types\/page"}],"author":[{"embeddable":true,"href":"https:\/\/mcre.erasmus.site\/ro\/wp-json\/wp\/v2\/users\/1"}],"replies":[{"embeddable":true,"href":"https:\/\/mcre.erasmus.site\/ro\/wp-json\/wp\/v2\/comments?post=78"}],"version-history":[{"count":35,"href":"https:\/\/mcre.erasmus.site\/ro\/wp-json\/wp\/v2\/pages\/78\/revisions"}],"predecessor-version":[{"id":471,"href":"https:\/\/mcre.erasmus.site\/ro\/wp-json\/wp\/v2\/pages\/78\/revisions\/471"}],"wp:attachment":[{"href":"https:\/\/mcre.erasmus.site\/ro\/wp-json\/wp\/v2\/media?parent=78"}],"curies":[{"name":"wp","href":"https:\/\/api.w.org\/{rel}","templated":true}]}}