{"id":83,"date":"2022-07-05T08:54:24","date_gmt":"2022-07-05T08:54:24","guid":{"rendered":"https:\/\/mcre.erasmus.site\/?page_id=83"},"modified":"2024-02-28T09:51:54","modified_gmt":"2024-02-28T09:51:54","slug":"mcre-mobile-application","status":"publish","type":"page","link":"https:\/\/mcre.erasmus.site\/ro\/mcre-mobile-application\/","title":{"rendered":"Aplica\u021bia de mobil MCRE"},"content":{"rendered":"<p><img fetchpriority=\"high\" decoding=\"async\" class=\"size-full wp-image-71 aligncenter\" src=\"https:\/\/mcre.erasmus.site\/wp-content\/uploads\/2022\/07\/mcre-result.png\" alt=\"\" width=\"300\" height=\"300\" srcset=\"https:\/\/mcre.erasmus.site\/wp-content\/uploads\/2022\/07\/mcre-result.png 300w, https:\/\/mcre.erasmus.site\/wp-content\/uploads\/2022\/07\/mcre-result-150x150.png 150w\" sizes=\"(max-width: 300px) 100vw, 300px\" \/><\/p>\n<p>Const\u0103 \u00een mai multe elemente de sprijinire a grupului \u021bint\u0103 \u00een verificarea informa\u021biilor dob\u00e2ndite \u00een mass-media \u0219i formarea g\u00e2ndirii critice. Aplica\u021bia va fi disponibil\u0103 gratuit pe iOS \u0219i Android \u0219i va fi adaptat\u0103 pentru a fi u\u0219or de utilizat de c\u0103tre adul\u021bii cu abilit\u0103\u021bi reduse de alfabetizare media. Aplica\u021bia mobil\u0103 va include:<br \/>\nCARDURI INFORMATIVE &#8211; preg\u0103tite pentru grupul \u021bint\u0103, ca o metod\u0103 rapid\u0103 de preluare a cuno\u0219tin\u021belor. Cardurile con\u021bin o serie de instruc\u021biuni despre cum s\u0103 g\u00e2ndeasc\u0103 mai critic, ce pa\u0219i trebuie s\u0103 urmeze pentru a se asigura c\u0103 informa\u021biile pe care le-au primit \u00een media sunt corecte. Acestea vor permite grupului \u021bint\u0103 al proiectului s\u0103 verifice \u00een mod continuu informa\u021biile, printr-o serie de pa\u0219i care \u00eei vor ajuta s\u0103 analizeze veridicitatea lor. Aplica\u021bia mobil\u0103 poate fi folosit\u0103 oriunde, neav\u00e2nd nevoie de o conexiune la Internet pentru a func\u021biona.<br \/>\nTESTE: pentru a testa cuno\u0219tin\u021bele dob\u00e2ndite \u00een cadrul primului \u0219i celui de-al doilea rezultat al proiectului, acestea sunt o combina\u021bie de educa\u021bie \u0219i distrac\u021bie. \u00centreb\u0103rile cu r\u0103spunsuri multiple vor constitui o dificultate suplimentar\u0103 \u00een testarea cuno\u0219tin\u021belor dob\u00e2ndite.<\/p>\n<p><a href=\"https:\/\/play.google.com\/store\/apps\/details?id=eu.dcnet.mcre\"><img decoding=\"async\" class=\"aligncenter wp-image-413\" src=\"https:\/\/mcre.erasmus.site\/wp-content\/uploads\/2024\/02\/googleplay-150x46.png\" alt=\"\" width=\"140\" height=\"42\" srcset=\"https:\/\/mcre.erasmus.site\/wp-content\/uploads\/2024\/02\/googleplay-150x46.png 150w, https:\/\/mcre.erasmus.site\/wp-content\/uploads\/2024\/02\/googleplay-24x7.png 24w, https:\/\/mcre.erasmus.site\/wp-content\/uploads\/2024\/02\/googleplay-36x11.png 36w, https:\/\/mcre.erasmus.site\/wp-content\/uploads\/2024\/02\/googleplay-48x14.png 48w, https:\/\/mcre.erasmus.site\/wp-content\/uploads\/2024\/02\/googleplay.png 153w\" sizes=\"(max-width: 140px) 100vw, 140px\" \/><\/a><br \/>\n<a href=\"https:\/\/apps.apple.com\/app\/mcre-mobile-app\/id6471702436\"><img decoding=\"async\" class=\"aligncenter wp-image-414\" src=\"https:\/\/mcre.erasmus.site\/wp-content\/uploads\/2024\/02\/appstore.png\" alt=\"\" width=\"140\" height=\"47\" srcset=\"https:\/\/mcre.erasmus.site\/wp-content\/uploads\/2024\/02\/appstore.png 136w, https:\/\/mcre.erasmus.site\/wp-content\/uploads\/2024\/02\/appstore-24x8.png 24w, https:\/\/mcre.erasmus.site\/wp-content\/uploads\/2024\/02\/appstore-36x12.png 36w, https:\/\/mcre.erasmus.site\/wp-content\/uploads\/2024\/02\/appstore-48x16.png 48w\" sizes=\"(max-width: 140px) 100vw, 140px\" \/><\/a><\/p>","protected":false},"excerpt":{"rendered":"<p>Const\u0103 \u00een mai multe elemente de sprijinire a grupului \u021bint\u0103 \u00een verificarea informa\u021biilor dob\u00e2ndite \u00een mass-media \u0219i formarea g\u00e2ndirii critice. Aplica\u021bia va fi disponibil\u0103 gratuit pe iOS \u0219i Android \u0219i va fi adaptat\u0103 pentru a fi u\u0219or de utilizat de c\u0103tre adul\u021bii cu abilit\u0103\u021bi reduse de alfabetizare media. Aplica\u021bia mobil\u0103 va include: CARDURI INFORMATIVE &#8211;&hellip;&nbsp;<a href=\"https:\/\/mcre.erasmus.site\/ro\/mcre-mobile-application\/\" rel=\"bookmark\">Cite\u0219te mai mult &raquo;<span class=\"screen-reader-text\">Aplica\u021bia de mobil MCRE<\/span><\/a><\/p>\n","protected":false},"author":1,"featured_media":0,"parent":0,"menu_order":0,"comment_status":"closed","ping_status":"closed","template":"","meta":{"neve_meta_sidebar":"","neve_meta_container":"","neve_meta_enable_content_width":"off","neve_meta_content_width":100,"neve_meta_title_alignment":"","neve_meta_author_avatar":"","neve_post_elements_order":"","neve_meta_disable_header":"","neve_meta_disable_footer":"","neve_meta_disable_title":"","footnotes":""},"class_list":["post-83","page","type-page","status-publish","hentry"],"_links":{"self":[{"href":"https:\/\/mcre.erasmus.site\/ro\/wp-json\/wp\/v2\/pages\/83","targetHints":{"allow":["GET"]}}],"collection":[{"href":"https:\/\/mcre.erasmus.site\/ro\/wp-json\/wp\/v2\/pages"}],"about":[{"href":"https:\/\/mcre.erasmus.site\/ro\/wp-json\/wp\/v2\/types\/page"}],"author":[{"embeddable":true,"href":"https:\/\/mcre.erasmus.site\/ro\/wp-json\/wp\/v2\/users\/1"}],"replies":[{"embeddable":true,"href":"https:\/\/mcre.erasmus.site\/ro\/wp-json\/wp\/v2\/comments?post=83"}],"version-history":[{"count":10,"href":"https:\/\/mcre.erasmus.site\/ro\/wp-json\/wp\/v2\/pages\/83\/revisions"}],"predecessor-version":[{"id":416,"href":"https:\/\/mcre.erasmus.site\/ro\/wp-json\/wp\/v2\/pages\/83\/revisions\/416"}],"wp:attachment":[{"href":"https:\/\/mcre.erasmus.site\/ro\/wp-json\/wp\/v2\/media?parent=83"}],"curies":[{"name":"wp","href":"https:\/\/api.w.org\/{rel}","templated":true}]}}